{"id":15021,"date":"2024-07-12T14:28:05","date_gmt":"2024-07-12T12:28:05","guid":{"rendered":"https:\/\/mes-pochoirs.com\/?post_type=product&#038;p=15021"},"modified":"2025-10-31T12:07:14","modified_gmt":"2025-10-31T11:07:14","slug":"stencil-per-audiocassette-mc0001","status":"publish","type":"product","link":"https:\/\/mes-pochoirs.com\/it\/produit\/pochoir-cassette-audio-mc0001","title":{"rendered":"Stencil per audiocassette - MC0001"},"content":{"rendered":"<p><strong>Stencil per audiocassette<\/strong><\/p>\n<h3>Un viaggio nostalgico nel passato musicale<\/h3>\n<p>Plongez dans l&#8217;univers r\u00e9tro de la musique avec ce pochoir cassette audio, repr\u00e9sentant fid\u00e8lement une ancienne cassette. Symbole embl\u00e9matique des ann\u00e9es 80 et 90, cette cassette audio ravive des souvenirs d&#8217;une \u00e9poque o\u00f9 la musique se partageait sur bande magn\u00e9tique, bien avant l&#8217;\u00e8re num\u00e9rique. Gr\u00e2ce \u00e0 ce pochoir, vous pouvez raviver les souvenirs d&#8217;un temps o\u00f9 la musique avait une pr\u00e9sence tangible et une profondeur unique. Issu de notre cat\u00e9gorie musique, ce mod\u00e8le est parfait pour les passionn\u00e9s de musique, d\u00e9sireux d&#8217;ajouter une touche r\u00e9tro \u00e0 leurs cr\u00e9ations artistiques. Issu de notre cat\u00e9gorie musique, ce mod\u00e8le est parfait pour les passionn\u00e9s de musique, d\u00e9sireux d&#8217;ajouter une touche r\u00e9tro \u00e0 leurs cr\u00e9ations artistiques. Que vous soyez artiste peintre, d\u00e9corateur ou simplement un amateur de bricolage cr\u00e9atif, ce pochoir vous offre une opportunit\u00e9 unique d&#8217;incorporer un \u00e9l\u00e9ment iconique des ann\u00e9es 80 et 90 dans vos \u0153uvres.<\/p>\n<h3>Un design esclusivo per gli artisti<\/h3>\n<p>Utilizzate questo stencil per aggiungere un tocco vintage alle vostre creazioni e lasciatevi ispirare dalle vibrazioni sonore e dai ritmi che hanno segnato generazioni. Il nostro team di designer ha realizzato meticolosamente questo stencil per catturare l'essenza dell'audio, del suono e della musica in un design esclusivo e artistico. I contorni dettagliati e le forme precise della cassetta garantiscono una riproduzione fedele dell'autenticit\u00e0 di questo oggetto iconico. Che siate artisti professionisti o appassionati, questo stencil vi offre uno strumento versatile per esprimere il vostro amore per la musica attraverso una variet\u00e0 di supporti. Trasformate tele, pareti, tessuti o altre superfici in vere e proprie opere d'arte musicale con questo stencil unico. \u00a0<\/p>","protected":false},"excerpt":{"rendered":"<p>Riscoprite l'essenza vintage della musica con il nostro stencil per audiocassette, perfetto per aggiungere un tocco retr\u00f2 alle vostre opere d'arte.<\/p>","protected":false},"featured_media":15013,"comment_status":"open","ping_status":"closed","template":"","meta":{"bwfblock_default_font":"","_kad_blocks_custom_css":"","_kad_blocks_head_custom_js":"","_kad_blocks_body_custom_js":"","_kad_blocks_footer_custom_js":"","_kadence_starter_templates_imported_post":false,"_kad_post_transparent":"default","_kad_post_title":"","_kad_post_layout":"default","_kad_post_sidebar_id":"","_kad_post_content_style":"default","_kad_post_vertical_padding":"default","_kad_post_feature":"","_kad_post_feature_position":"","_kad_post_header":false,"_kad_post_footer":false,"_kad_post_classname":""},"product_brand":[1415],"product_cat":[650],"product_tag":[652,655,651,654,443,445,560,653,444,658,231],"class_list":{"0":"post-15021","1":"product","2":"type-product","3":"status-publish","4":"has-post-thumbnail","6":"product_brand-mes-pochoirs","7":"product_cat-musique","8":"product_tag-audio","9":"product_tag-auto-radio","10":"product_tag-cassette","11":"product_tag-chanson","12":"product_tag-hip-hop","13":"product_tag-musique","14":"product_tag-rock","15":"product_tag-son","16":"product_tag-soul","17":"product_tag-stereo","18":"product_tag-vintage","20":"first","21":"instock","22":"taxable","23":"shipping-taxable","24":"purchasable","25":"product-type-variable","26":"has-default-attributes","27":"entry","28":"content-bg","29":"loop-entry"},"taxonomy_info":{"product_brand":[{"value":1415,"label":"Mes Pochoirs"}],"product_cat":[{"value":650,"label":"Musique"}],"product_tag":[{"value":652,"label":"audio"},{"value":655,"label":"auto-radio"},{"value":651,"label":"cassette"},{"value":654,"label":"chanson"},{"value":443,"label":"Hip Hop"},{"value":445,"label":"musique"},{"value":560,"label":"Rock"},{"value":653,"label":"son"},{"value":444,"label":"soul"},{"value":658,"label":"stereo"},{"value":231,"label":"vintage"}]},"featured_image_src_large":["https:\/\/mes-pochoirs.com\/wp-content\/uploads\/2024\/07\/MC0001-FR-pochoir-Musique-cassette-audio-1-1-mes-pochoirs-com--858x1030.jpg",858,1030,true],"author_info":[],"comment_info":0,"_links":{"self":[{"href":"https:\/\/mes-pochoirs.com\/it\/wp-json\/wp\/v2\/product\/15021","targetHints":{"allow":["GET"]}}],"collection":[{"href":"https:\/\/mes-pochoirs.com\/it\/wp-json\/wp\/v2\/product"}],"about":[{"href":"https:\/\/mes-pochoirs.com\/it\/wp-json\/wp\/v2\/types\/product"}],"replies":[{"embeddable":true,"href":"https:\/\/mes-pochoirs.com\/it\/wp-json\/wp\/v2\/comments?post=15021"}],"wp:featuredmedia":[{"embeddable":true,"href":"https:\/\/mes-pochoirs.com\/it\/wp-json\/wp\/v2\/media\/15013"}],"wp:attachment":[{"href":"https:\/\/mes-pochoirs.com\/it\/wp-json\/wp\/v2\/media?parent=15021"}],"wp:term":[{"taxonomy":"product_brand","embeddable":true,"href":"https:\/\/mes-pochoirs.com\/it\/wp-json\/wp\/v2\/product_brand?post=15021"},{"taxonomy":"product_cat","embeddable":true,"href":"https:\/\/mes-pochoirs.com\/it\/wp-json\/wp\/v2\/product_cat?post=15021"},{"taxonomy":"product_tag","embeddable":true,"href":"https:\/\/mes-pochoirs.com\/it\/wp-json\/wp\/v2\/product_tag?post=15021"}],"curies":[{"name":"wp","href":"https:\/\/api.w.org\/{rel}","templated":true}]}}