{"id":15261,"date":"2024-07-26T08:05:34","date_gmt":"2024-07-26T06:05:34","guid":{"rendered":"https:\/\/mes-pochoirs.com\/?post_type=product&#038;p=15261"},"modified":"2025-10-31T12:09:25","modified_gmt":"2025-10-31T11:09:25","slug":"stencil-per-volto-femminile-exp006","status":"publish","type":"product","link":"https:\/\/mes-pochoirs.com\/it\/produit\/pochoir-visage-feminin-exp006","title":{"rendered":"Stencil ritratto esplosivo \"Jyn\" - EXP006"},"content":{"rendered":"<h3>Immergetevi nell'essenza della collezione \"Explosive Portraits\".<\/h3>\n<p>Lo stencil per volti femminili della collezione \"Explosive Portraits\" \u00e8 un'opera d'arte unica e accattivante. Raffigurante un ritratto di donna in primo piano, questo stencil incarna perfettamente l'essenza della bellezza femminile attraverso un'interpretazione contemporanea. Progettato per attirare l'attenzione, \u00e8 ideale per gli artisti che desiderano aggiungere un tocco di glamour e raffinatezza alle loro creazioni. Il volto femminile, trattato in modo artistico e astratto, offre una moltitudine di possibilit\u00e0 creative grazie al suo design moderno e colorato. Ogni dettaglio \u00e8 stato attentamente studiato per catturare l'eleganza e la grazia, consentendo al contempo la massima flessibilit\u00e0 nell'uso di colori e texture. Utilizzando questo stencil, potrete facilmente incorporare elementi dipinti a coltello, tonalit\u00e0 vivaci e contrasti netti, facendo emergere il carattere dinamico ed espressivo del vostro lavoro.<\/p>\n<h3>Stile contemporaneo per opere d'arte moderne<\/h3>\n<p>La collezione \"Explosive Portraits\" si distingue per il suo stile unico e contemporaneo, che combina elementi di arte moderna e astratta. Questo stencil per volti femminili non fa eccezione, offrendo un design audace ma raffinato. La modernit\u00e0 di questo modello risiede nelle sue linee pulite e nell'uso inventivo del colore, che crea un'opera al tempo stesso vibrante e armoniosa. L'approccio artistico adottato ci permette di giocare con le texture e le forme, offrendo una libert\u00e0 creativa senza pari. Ogni stencil di questa collezione \u00e8 stato immaginato e creato dal nostro team di artisti di talento, garantendo un'esclusivit\u00e0 e un'originalit\u00e0 senza pari. Questa collezione \u00e8 stata progettata appositamente per coloro che desiderano dare una nuova dimensione glamour al proprio lavoro, incorporando elementi visivi forti e accattivanti. Che siate principianti o artisti esperti, questo stencil vi permetter\u00e0 di trasformare le vostre idee in veri e propri capolavori contemporanei.<\/p>","protected":false},"excerpt":{"rendered":"<p>Lo stencil per volti femminili della collezione \"Explosive Portraits\" offre un design contemporaneo unico e colorato, perfetto per aggiungere un tocco di glamour e modernit\u00e0 alle vostre creazioni artistiche.<\/p>","protected":false},"featured_media":15237,"comment_status":"open","ping_status":"closed","template":"","meta":{"bwfblock_default_font":"","_kad_blocks_custom_css":"","_kad_blocks_head_custom_js":"","_kad_blocks_body_custom_js":"","_kad_blocks_footer_custom_js":"","_kadence_starter_templates_imported_post":false,"_kad_post_transparent":"default","_kad_post_title":"","_kad_post_layout":"default","_kad_post_sidebar_id":"","_kad_post_content_style":"default","_kad_post_vertical_padding":"default","_kad_post_feature":"","_kad_post_feature_position":"","_kad_post_header":false,"_kad_post_footer":false,"_kad_post_classname":""},"product_brand":[1415],"product_cat":[659,481,36],"product_tag":[694,686,677,689,612,687,696,608,359,675,695,467,390,693,338],"class_list":{"0":"post-15261","1":"product","2":"type-product","3":"status-publish","4":"has-post-thumbnail","6":"product_brand-mes-pochoirs","7":"product_cat-explosive-portraits","8":"product_cat-collections","9":"product_cat-pochoirs-portraits-visages","10":"product_tag-abstrait","11":"product_tag-acrylique","12":"product_tag-art-abstrait","13":"product_tag-artistique","14":"product_tag-colore","15":"product_tag-couteau-a-palette","16":"product_tag-couteau-a-peindre","17":"product_tag-feminin","18":"product_tag-femme","19":"product_tag-moderne","20":"product_tag-oeuvre-dart","21":"product_tag-peinture","22":"product_tag-portrait","23":"product_tag-style-contemporain","24":"product_tag-visage","26":"first","27":"instock","28":"taxable","29":"shipping-taxable","30":"purchasable","31":"product-type-variable","32":"entry","33":"content-bg","34":"loop-entry"},"taxonomy_info":{"product_brand":[{"value":1415,"label":"Mes Pochoirs"}],"product_cat":[{"value":659,"label":"Explosive Portraits"},{"value":481,"label":"Collections"},{"value":36,"label":"Portraits &amp; Visages"}],"product_tag":[{"value":694,"label":"abstrait"},{"value":686,"label":"acrylique"},{"value":677,"label":"art abstrait"},{"value":689,"label":"artistique"},{"value":612,"label":"color\u00e9"},{"value":687,"label":"couteau a palette"},{"value":696,"label":"couteau \u00e0 peindre"},{"value":608,"label":"feminin"},{"value":359,"label":"femme"},{"value":675,"label":"moderne"},{"value":695,"label":"\u0153uvre d'art"},{"value":467,"label":"peinture"},{"value":390,"label":"portrait"},{"value":693,"label":"style contemporain"},{"value":338,"label":"visage"}]},"featured_image_src_large":["https:\/\/mes-pochoirs.com\/wp-content\/uploads\/2024\/07\/EXP006-FR-pochoir-collection-explosive-portraits-4-5-copyright-mes-pochoirs-com--858x1030.jpg",858,1030,true],"author_info":[],"comment_info":0,"_links":{"self":[{"href":"https:\/\/mes-pochoirs.com\/it\/wp-json\/wp\/v2\/product\/15261","targetHints":{"allow":["GET"]}}],"collection":[{"href":"https:\/\/mes-pochoirs.com\/it\/wp-json\/wp\/v2\/product"}],"about":[{"href":"https:\/\/mes-pochoirs.com\/it\/wp-json\/wp\/v2\/types\/product"}],"replies":[{"embeddable":true,"href":"https:\/\/mes-pochoirs.com\/it\/wp-json\/wp\/v2\/comments?post=15261"}],"wp:featuredmedia":[{"embeddable":true,"href":"https:\/\/mes-pochoirs.com\/it\/wp-json\/wp\/v2\/media\/15237"}],"wp:attachment":[{"href":"https:\/\/mes-pochoirs.com\/it\/wp-json\/wp\/v2\/media?parent=15261"}],"wp:term":[{"taxonomy":"product_brand","embeddable":true,"href":"https:\/\/mes-pochoirs.com\/it\/wp-json\/wp\/v2\/product_brand?post=15261"},{"taxonomy":"product_cat","embeddable":true,"href":"https:\/\/mes-pochoirs.com\/it\/wp-json\/wp\/v2\/product_cat?post=15261"},{"taxonomy":"product_tag","embeddable":true,"href":"https:\/\/mes-pochoirs.com\/it\/wp-json\/wp\/v2\/product_tag?post=15261"}],"curies":[{"name":"wp","href":"https:\/\/api.w.org\/{rel}","templated":true}]}}