{"id":15952,"date":"2025-08-20T09:25:50","date_gmt":"2025-08-20T07:25:50","guid":{"rendered":"https:\/\/mes-pochoirs.com\/?post_type=product&#038;p=15952"},"modified":"2025-10-31T12:11:48","modified_gmt":"2025-10-31T11:11:48","slug":"stencil-donna-stile-fumetto-lpl001","status":"publish","type":"product","link":"https:\/\/mes-pochoirs.com\/it\/produit\/pochoir-femme-style-comics-lpl001","title":{"rendered":"Stencil BD Comics Donna e ciuccio - LPL001"},"content":{"rendered":"<h2>Stencil per fumetti femminili\u00a0<\/h2>\n<h3>Un'icona glamour della Pop Art<\/h3>\n<p>Scoprire il <strong>stencil in stile fumetto<\/strong> dalla nostra collezione \"Lollipop Lady\", un must per tutti gli appassionati di stile retr\u00f2 e vintage. Questo stencil presenta il ritratto ravvicinato di una donna affascinante, che tiene delicatamente in mano un lecca-lecca, un cenno all'estetica seducente degli anni '60. Lo stile si ispira ai fumetti classici e ai libri di fumetti, con tratti decisi e colori vivaci che ricordano le icone degli anni '60. Lo stile si ispira ai fumetti classici, con tratti decisi e colori vivaci che ricordano le opere iconiche della Pop Art. Ogni dettaglio di questo stencil, dall'acconciatura retr\u00f2 alle labbra leziose, \u00e8 stato progettato per catturare l'essenza di un'epoca in cui l'arte e la cultura pop erano in pieno svolgimento. Questo design unico ed esclusivo \u00e8 stato immaginato e creato dal nostro team, appositamente per gli artisti e i designer che desiderano aggiungere un tocco di glamour al proprio lavoro. Questo stencil si inserisce perfettamente nella categoria Pop Art del nostro catalogo, offrendo un modo moderno e artistico di reinterpretare lo stile iconico dei fumetti.<\/p>\n<h3>Uno stile pop art per gli amanti dei fumetti<\/h3>\n<p>Le <strong>stencil in stile fumetto<\/strong> si distingue per il suo stile grafico audace, tipico della Pop Art e dei fumetti degli anni Sessanta. L'influenza dei fumetti si riflette nelle linee pulite e nei contrasti sorprendenti, creando un'immagine forte e accattivante. Questo stencil \u00e8 ideale per gli artisti che vogliono aggiungere una dimensione retr\u00f2 alle loro creazioni, giocando con i codici visivi del passato e aggiungendo un tocco di modernit\u00e0. Su tela, parete o tessuto, questo stencil permette di creare lavori accattivanti che richiamano l'energia e la vivacit\u00e0 delle opere di Roy Lichtenstein e di altre icone della Pop Art. Questo stencil non \u00e8 solo un motivo decorativo, ma un vero e proprio invito a immergersi nel mondo colorato e vibrante degli anni '60, con un tocco di seduzione e nostalgia. Lasciatevi ispirare da questo disegno esclusivo e portate lo spirito della Pop Art nel vostro laboratorio.<\/p>","protected":false},"excerpt":{"rendered":"<p><strong>Stencil per fumetti femminili<\/strong>Riutilizzabili e di alta qualit\u00e0. Disponibile in diverse misure per soddisfare tutti i vostri progetti artistici.<\/p>","protected":false},"featured_media":15928,"comment_status":"open","ping_status":"closed","template":"","meta":{"bwfblock_default_font":"","_kad_blocks_custom_css":"","_kad_blocks_head_custom_js":"","_kad_blocks_body_custom_js":"","_kad_blocks_footer_custom_js":"","_kadence_starter_templates_imported_post":false,"_kad_post_transparent":"default","_kad_post_title":"","_kad_post_layout":"default","_kad_post_sidebar_id":"","_kad_post_content_style":"default","_kad_post_vertical_padding":"default","_kad_post_feature":"","_kad_post_feature_position":"","_kad_post_header":false,"_kad_post_footer":false,"_kad_post_classname":""},"product_brand":[1415],"product_cat":[1721,481,332,36],"product_tag":[523,489,698,699,359,607,333,390,744],"class_list":{"0":"post-15952","1":"product","2":"type-product","3":"status-publish","4":"has-post-thumbnail","6":"product_brand-mes-pochoirs","7":"product_cat-lollipop-lady","8":"product_cat-collections","9":"product_cat-pochoirs-pop-art","10":"product_cat-pochoirs-portraits-visages","11":"product_tag-bd","12":"product_tag-close-up","13":"product_tag-comic","14":"product_tag-comics-book","15":"product_tag-femme","16":"product_tag-glamour","17":"product_tag-pop-art","18":"product_tag-portrait","19":"product_tag-sucette","21":"first","22":"instock","23":"taxable","24":"shipping-taxable","25":"purchasable","26":"product-type-variable","27":"entry","28":"content-bg","29":"loop-entry"},"taxonomy_info":{"product_brand":[{"value":1415,"label":"Mes Pochoirs"}],"product_cat":[{"value":1721,"label":"Lollipop Lady"},{"value":481,"label":"Collections"},{"value":332,"label":"Pop Art"},{"value":36,"label":"Portraits &amp; Visages"}],"product_tag":[{"value":523,"label":"BD"},{"value":489,"label":"Close-Up"},{"value":698,"label":"Comic"},{"value":699,"label":"Comics book"},{"value":359,"label":"femme"},{"value":607,"label":"glamour"},{"value":333,"label":"pop art"},{"value":390,"label":"portrait"},{"value":744,"label":"sucette"}]},"featured_image_src_large":["https:\/\/mes-pochoirs.com\/wp-content\/uploads\/2024\/08\/LPL001-FR-pochoir-collection-lollipop-lady-1-1-copyright-mes-pochoirs-com--858x1030.jpg",858,1030,true],"author_info":[],"comment_info":0,"_links":{"self":[{"href":"https:\/\/mes-pochoirs.com\/it\/wp-json\/wp\/v2\/product\/15952","targetHints":{"allow":["GET"]}}],"collection":[{"href":"https:\/\/mes-pochoirs.com\/it\/wp-json\/wp\/v2\/product"}],"about":[{"href":"https:\/\/mes-pochoirs.com\/it\/wp-json\/wp\/v2\/types\/product"}],"replies":[{"embeddable":true,"href":"https:\/\/mes-pochoirs.com\/it\/wp-json\/wp\/v2\/comments?post=15952"}],"wp:featuredmedia":[{"embeddable":true,"href":"https:\/\/mes-pochoirs.com\/it\/wp-json\/wp\/v2\/media\/15928"}],"wp:attachment":[{"href":"https:\/\/mes-pochoirs.com\/it\/wp-json\/wp\/v2\/media?parent=15952"}],"wp:term":[{"taxonomy":"product_brand","embeddable":true,"href":"https:\/\/mes-pochoirs.com\/it\/wp-json\/wp\/v2\/product_brand?post=15952"},{"taxonomy":"product_cat","embeddable":true,"href":"https:\/\/mes-pochoirs.com\/it\/wp-json\/wp\/v2\/product_cat?post=15952"},{"taxonomy":"product_tag","embeddable":true,"href":"https:\/\/mes-pochoirs.com\/it\/wp-json\/wp\/v2\/product_tag?post=15952"}],"curies":[{"name":"wp","href":"https:\/\/api.w.org\/{rel}","templated":true}]}}