{"id":16003,"date":"2025-08-20T14:48:26","date_gmt":"2025-08-20T12:48:26","guid":{"rendered":"https:\/\/mes-pochoirs.com\/?post_type=product&#038;p=16003"},"modified":"2025-10-31T12:11:56","modified_gmt":"2025-10-31T11:11:56","slug":"stencil-in-stile-pop-art-lpl009","status":"publish","type":"product","link":"https:\/\/mes-pochoirs.com\/it\/produit\/pochoir-style-pop-art-lpl009","title":{"rendered":"Stencil BD Comics Donna e ciuccio - LPL009"},"content":{"rendered":"<h2>Stencil in stile Pop Art<\/h2>\n<h3>Un'opera glamour ispirata all'estetica della Pop Art<\/h3>\n<p>Le <strong>stencil in stile pop art<\/strong> della nostra esclusiva collezione \"Lollipop Lady\" \u00e8 molto pi\u00f9 di un semplice strumento creativo; \u00e8 un invito a immergersi nel mondo vibrante e audace degli anni '60. Lo stencil \u00e8 il ritratto ravvicinato di una donna affascinante che tiene in mano un lecca-lecca con un atteggiamento sensuale ma malizioso. Ispirato alle icone senza tempo della pop art e dei fumetti, questo disegno cattura l'essenza dell'era retr\u00f2, dove l'arte incontra la cultura pop per creare opere d'arte visivamente sorprendenti e nostalgiche. Utilizzando questo stencil, potrete infondere alle vostre creazioni un tocco di raffinatezza vintage, celebrando al tempo stesso la vivacit\u00e0 e l'energia dello stile pop art. Che siate fan dei fumetti o artisti che desiderano aggiungere una dimensione glamour al proprio lavoro, questo stencil \u00e8 lo strumento perfetto per esprimere la vostra passione per l'arte e la cultura degli anni '60.<\/p>\n<h3>Un design esclusivo per gli amanti della Pop Art e dei fumetti<\/h3>\n<p>La collezione \"Lollipop Lady\" \u00e8 perfettamente in sintonia con la tendenza dei fumetti e della pop art, combinando il meglio di entrambi i mondi per offrire design accattivanti e iconici. Il volto della donna, disegnato con linee pulite e audaci spruzzi di colore, si ispira direttamente ai fumetti, con un evidente richiamo all'estetica degli anni '60. Lo stile retr\u00f2 e vintage \u00e8 rivisitato in chiave moderna. Lo stile retr\u00f2 e vintage viene qui rivisitato con un tocco moderno, consentendo a ciascun artista di creare opere che non passeranno inosservate. Questo <strong>stencil in stile pop art<\/strong> \u00e8 il risultato di una progettazione meticolosa da parte del nostro team, che si \u00e8 ispirato ai codici visivi della pop art per creare un prodotto unico nel suo genere. Con i suoi dettagli curati, questo stencil \u00e8 perfetto per chi vuole aggiungere una dimensione artistica e glamour alle proprie creazioni, rimanendo fedele allo spirito della pop art.<\/p>","protected":false},"excerpt":{"rendered":"<p><strong>Stencil pop art<\/strong> Riutilizzabili, di alta qualit\u00e0, disponibili in diverse dimensioni. Ideale per creazioni artistiche audaci e glamour.<\/p>","protected":false},"featured_media":15936,"comment_status":"open","ping_status":"closed","template":"","meta":{"bwfblock_default_font":"","_kad_blocks_custom_css":"","_kad_blocks_head_custom_js":"","_kad_blocks_body_custom_js":"","_kad_blocks_footer_custom_js":"","_kadence_starter_templates_imported_post":false,"_kad_post_transparent":"default","_kad_post_title":"","_kad_post_layout":"default","_kad_post_sidebar_id":"","_kad_post_content_style":"default","_kad_post_vertical_padding":"default","_kad_post_feature":"","_kad_post_feature_position":"","_kad_post_header":false,"_kad_post_footer":false,"_kad_post_classname":""},"product_brand":[1415],"product_cat":[1721,481,332,36],"product_tag":[523,489,698,699,359,607,333,390,744],"class_list":{"0":"post-16003","1":"product","2":"type-product","3":"status-publish","4":"has-post-thumbnail","6":"product_brand-mes-pochoirs","7":"product_cat-lollipop-lady","8":"product_cat-collections","9":"product_cat-pochoirs-pop-art","10":"product_cat-pochoirs-portraits-visages","11":"product_tag-bd","12":"product_tag-close-up","13":"product_tag-comic","14":"product_tag-comics-book","15":"product_tag-femme","16":"product_tag-glamour","17":"product_tag-pop-art","18":"product_tag-portrait","19":"product_tag-sucette","21":"first","22":"instock","23":"taxable","24":"shipping-taxable","25":"purchasable","26":"product-type-variable","27":"entry","28":"content-bg","29":"loop-entry"},"taxonomy_info":{"product_brand":[{"value":1415,"label":"Mes Pochoirs"}],"product_cat":[{"value":1721,"label":"Lollipop Lady"},{"value":481,"label":"Collections"},{"value":332,"label":"Pop Art"},{"value":36,"label":"Portraits &amp; Visages"}],"product_tag":[{"value":523,"label":"BD"},{"value":489,"label":"Close-Up"},{"value":698,"label":"Comic"},{"value":699,"label":"Comics book"},{"value":359,"label":"femme"},{"value":607,"label":"glamour"},{"value":333,"label":"pop art"},{"value":390,"label":"portrait"},{"value":744,"label":"sucette"}]},"featured_image_src_large":["https:\/\/mes-pochoirs.com\/wp-content\/uploads\/2024\/08\/LPL009-FR-pochoir-collection-lollipop-lady-1-1-copyright-mes-pochoirs-com--858x1030.jpg",858,1030,true],"author_info":[],"comment_info":0,"_links":{"self":[{"href":"https:\/\/mes-pochoirs.com\/it\/wp-json\/wp\/v2\/product\/16003","targetHints":{"allow":["GET"]}}],"collection":[{"href":"https:\/\/mes-pochoirs.com\/it\/wp-json\/wp\/v2\/product"}],"about":[{"href":"https:\/\/mes-pochoirs.com\/it\/wp-json\/wp\/v2\/types\/product"}],"replies":[{"embeddable":true,"href":"https:\/\/mes-pochoirs.com\/it\/wp-json\/wp\/v2\/comments?post=16003"}],"wp:featuredmedia":[{"embeddable":true,"href":"https:\/\/mes-pochoirs.com\/it\/wp-json\/wp\/v2\/media\/15936"}],"wp:attachment":[{"href":"https:\/\/mes-pochoirs.com\/it\/wp-json\/wp\/v2\/media?parent=16003"}],"wp:term":[{"taxonomy":"product_brand","embeddable":true,"href":"https:\/\/mes-pochoirs.com\/it\/wp-json\/wp\/v2\/product_brand?post=16003"},{"taxonomy":"product_cat","embeddable":true,"href":"https:\/\/mes-pochoirs.com\/it\/wp-json\/wp\/v2\/product_cat?post=16003"},{"taxonomy":"product_tag","embeddable":true,"href":"https:\/\/mes-pochoirs.com\/it\/wp-json\/wp\/v2\/product_tag?post=16003"}],"curies":[{"name":"wp","href":"https:\/\/api.w.org\/{rel}","templated":true}]}}