{"id":16335,"date":"2024-09-05T14:12:34","date_gmt":"2024-09-05T12:12:34","guid":{"rendered":"https:\/\/mes-pochoirs.com\/?post_type=product&#038;p=16335"},"modified":"2025-10-31T12:12:43","modified_gmt":"2025-10-31T11:12:43","slug":"stencil-per-volti-futuristici-frr012","status":"publish","type":"product","link":"https:\/\/mes-pochoirs.com\/it\/produit\/pochoir-visage-futuriste-frr012","title":{"rendered":"Stencil per la realt\u00e0 virtuale - FRR012"},"content":{"rendered":"<h2>Stencil per volti futuristi<\/h2>\n<h3>Uno sguardo al mondo virtuale<\/h3>\n<p>Lo stencil Futuristic Face cattura l'essenza della realt\u00e0 virtuale attraverso il ritratto ravvicinato di una persona che indossa occhiali futuristici. Questo stencil unico fa parte della nostra esclusiva collezione \u201cFragmented Realities\u201d, una gamma progettata per gli artisti che desiderano incorporare elementi di tecnologia avanzata e futurismo nelle loro opere. L'immagine degli occhiali per la realt\u00e0 virtuale evoca un tuffo nei mondi virtuali, simboleggiando l'interconnessione tra gli esseri umani e il mondo digitale. Questo stencil, pensato per i designer alla ricerca della modernit\u00e0, ha uno stile urbano e contemporaneo. Ideale per opere di artisti che esplorano concetti come il cyberpunk, il futuro e l'avventura tecnologica, questo modello \u00e8 perfetto per progetti artistici su diverse superfici come pareti, tele e tessuti. Questo design, creato dal nostro team, vi permette di immergere le vostre creazioni in un'atmosfera futuristica, catturando il fascino dei mondi digitali e dell'esplorazione tecnologica.<\/p>\n<h3>Stile urbano e contemporaneo<\/h3>\n<p>Lo stencil Futuristic Face \u00e8 ideale per chi desidera esprimere una visione intima e coinvolgente attraverso l'arte del ritratto. Questo design esclusivo, immaginato dal nostro team, si ispira a un'estetica cyberpunk, che simboleggia sia la complessit\u00e0 che la bellezza delle realt\u00e0 tecnologiche. Gli occhiali per la realt\u00e0 virtuale accentuano l'aspetto futuristico, proiettando lo spettatore in un universo in cui la tecnologia e l'esplorazione sono al centro dell'esperienza umana. Questo stencil \u00e8 un vero e proprio omaggio alla cultura urbana e all'interconnessione tecnologica del mondo moderno. \u00c8 perfetto per opere che esplorano temi come l'avventura, il futuro e l'impatto della tecnologia sulla nostra vita quotidiana. Se siete artisti alla ricerca di un disegno contemporaneo che parli del mondo virtuale, questo stencil fa per voi.<\/p>","protected":false},"excerpt":{"rendered":"<p>Stencil riutilizzabile di alta qualit\u00e0 per volti futuristi, disponibile in diverse dimensioni. Perfetto per creazioni moderne e tecnologiche.<\/p>","protected":false},"featured_media":16282,"comment_status":"open","ping_status":"closed","template":"","meta":{"bwfblock_default_font":"","_kad_blocks_custom_css":"","_kad_blocks_head_custom_js":"","_kad_blocks_body_custom_js":"","_kad_blocks_footer_custom_js":"","_kadence_starter_templates_imported_post":false,"_kad_post_transparent":"default","_kad_post_title":"","_kad_post_layout":"default","_kad_post_sidebar_id":"","_kad_post_content_style":"default","_kad_post_vertical_padding":"default","_kad_post_feature":"","_kad_post_feature_position":"","_kad_post_header":false,"_kad_post_footer":false,"_kad_post_classname":""},"product_brand":[1415],"product_cat":[754,481,36],"product_tag":[751,410,676,745,722,359,749,752,747,748,746,753,750],"class_list":{"0":"post-16335","1":"product","2":"type-product","3":"status-publish","4":"has-post-thumbnail","6":"product_brand-mes-pochoirs","7":"product_cat-fragmented-realities","8":"product_cat-collections","9":"product_cat-pochoirs-portraits-visages","10":"product_tag-aventure","11":"product_tag-casque","12":"product_tag-contemporain","13":"product_tag-cyberpunk","14":"product_tag-exploration","15":"product_tag-femme","16":"product_tag-futur","17":"product_tag-interconnexion","18":"product_tag-lunettes-futuristes","19":"product_tag-monde-virtuel","20":"product_tag-realite-virtuelle","21":"product_tag-style-urbain","22":"product_tag-technologie","24":"first","25":"instock","26":"taxable","27":"shipping-taxable","28":"purchasable","29":"product-type-variable","30":"entry","31":"content-bg","32":"loop-entry"},"taxonomy_info":{"product_brand":[{"value":1415,"label":"Mes Pochoirs"}],"product_cat":[{"value":754,"label":"Fragmented Realities"},{"value":481,"label":"Collections"},{"value":36,"label":"Portraits &amp; Visages"}],"product_tag":[{"value":751,"label":"aventure"},{"value":410,"label":"casque"},{"value":676,"label":"contemporain"},{"value":745,"label":"cyberpunk"},{"value":722,"label":"exploration"},{"value":359,"label":"femme"},{"value":749,"label":"futur"},{"value":752,"label":"interconnexion"},{"value":747,"label":"lunettes futuristes"},{"value":748,"label":"monde virtuel"},{"value":746,"label":"r\u00e9alit\u00e9 virtuelle"},{"value":753,"label":"style urbain"},{"value":750,"label":"technologie"}]},"featured_image_src_large":["https:\/\/mes-pochoirs.com\/wp-content\/uploads\/2024\/09\/FRR012-FR-pochoir-collection-Fragmented-realities-1-1-copyright-mes-pochoirs-com--858x1030.jpg",858,1030,true],"author_info":[],"comment_info":0,"_links":{"self":[{"href":"https:\/\/mes-pochoirs.com\/it\/wp-json\/wp\/v2\/product\/16335","targetHints":{"allow":["GET"]}}],"collection":[{"href":"https:\/\/mes-pochoirs.com\/it\/wp-json\/wp\/v2\/product"}],"about":[{"href":"https:\/\/mes-pochoirs.com\/it\/wp-json\/wp\/v2\/types\/product"}],"replies":[{"embeddable":true,"href":"https:\/\/mes-pochoirs.com\/it\/wp-json\/wp\/v2\/comments?post=16335"}],"wp:featuredmedia":[{"embeddable":true,"href":"https:\/\/mes-pochoirs.com\/it\/wp-json\/wp\/v2\/media\/16282"}],"wp:attachment":[{"href":"https:\/\/mes-pochoirs.com\/it\/wp-json\/wp\/v2\/media?parent=16335"}],"wp:term":[{"taxonomy":"product_brand","embeddable":true,"href":"https:\/\/mes-pochoirs.com\/it\/wp-json\/wp\/v2\/product_brand?post=16335"},{"taxonomy":"product_cat","embeddable":true,"href":"https:\/\/mes-pochoirs.com\/it\/wp-json\/wp\/v2\/product_cat?post=16335"},{"taxonomy":"product_tag","embeddable":true,"href":"https:\/\/mes-pochoirs.com\/it\/wp-json\/wp\/v2\/product_tag?post=16335"}],"curies":[{"name":"wp","href":"https:\/\/api.w.org\/{rel}","templated":true}]}}