{"id":16674,"date":"2024-09-11T14:23:22","date_gmt":"2024-09-11T12:23:22","guid":{"rendered":"https:\/\/mes-pochoirs.com\/?post_type=product&#038;p=16674"},"modified":"2025-10-31T12:13:46","modified_gmt":"2025-10-31T11:13:46","slug":"stencil-coppia-innamorata-pa0019","status":"publish","type":"product","link":"https:\/\/mes-pochoirs.com\/it\/produit\/pochoir-couple-amoureux-pa0019","title":{"rendered":"Stencil per coppie innamorate - PA0019"},"content":{"rendered":"<h2>Stencil per coppie innamorate\u00a0<\/h2>\n<h3>Un'icona romantica e vintage<\/h3>\n<p>Le Pochoir Couple Amoureux capture une sc\u00e8ne intemporelle de tendresse et d\u2019intimit\u00e9. Inspir\u00e9 des moments magiques partag\u00e9s par deux \u00eatres amoureux, ce pochoir repr\u00e9sente un couple dans une \u00e9treinte passionn\u00e9e, \u00e9voquant l&#8217;amour et la complicit\u00e9. Ce mod\u00e8le est une v\u00e9ritable invitation \u00e0 plonger dans une romance vintage, avec des \u00e9l\u00e9ments qui rappellent les films classiques et les danses d\u2019\u00e9poque. Le design d\u00e9licat et expressif met en avant des \u00e9motions telles que la passion, la tendresse et le lien ind\u00e9fectible entre deux \u00eatres. Il est parfait pour int\u00e9grer des concepts d\u2019amour, de romance et de passion dans vos \u0153uvres, qu\u2019elles soient artistiques ou d\u00e9coratives. Faisant partie de notre collection exclusive de portraits et visages, ce pochoir a \u00e9t\u00e9 pens\u00e9 pour les artistes qui souhaitent insuffler une touche romantique \u00e0 leurs cr\u00e9ations. Que vous souhaitiez d\u00e9corer une toile, un mur, ou tout autre support, ce design unique apportera une atmosph\u00e8re r\u00e9tro et \u00e9l\u00e9gante \u00e0 votre travail. Ce pochoir est le r\u00e9sultat du savoir-faire de notre \u00e9quipe, qui a con\u00e7u un mod\u00e8le \u00e0 la fois universel et empreint de personnalit\u00e9, id\u00e9al pour ajouter une touche artistique authentique \u00e0 vos \u0153uvres.<\/p>\n<h3>Stili artistici e applicazioni<\/h3>\n<p>Questo stencil, con il suo design ispirato alla pop art, si adatta perfettamente alle composizioni artistiche moderne, pur mantenendo il suo fascino retr\u00f2. Potrete creare opere nostalgiche, che ricordano le scene d'amore degli anni passati, pur rimanendo contemporanei nell'approccio artistico. Che siate appassionati di arte urbana, di interior design o semplicemente di bricolage creativo, questo stencil vi offre l'opportunit\u00e0 di lavorare con una variet\u00e0 di temi come l'amore, la danza e il romanticismo. Aggiungete un tocco di movimento e grazia alle vostre creazioni catturando la bellezza di una coppia danzante colta in un dolce ed espressivo abbraccio.<\/p>","protected":false},"excerpt":{"rendered":"<p>Stencil riutilizzabile di alta qualit\u00e0 per coppie innamorate, disponibile in diverse dimensioni per arricchire le vostre creazioni con un design unico e romantico.<\/p>","protected":false},"featured_media":16673,"comment_status":"open","ping_status":"closed","template":"","meta":{"bwfblock_default_font":"","_kad_blocks_custom_css":"","_kad_blocks_head_custom_js":"","_kad_blocks_body_custom_js":"","_kad_blocks_footer_custom_js":"","_kadence_starter_templates_imported_post":false,"_kad_post_transparent":"default","_kad_post_title":"","_kad_post_layout":"default","_kad_post_sidebar_id":"","_kad_post_content_style":"default","_kad_post_vertical_padding":"default","_kad_post_feature":"","_kad_post_feature_position":"","_kad_post_header":false,"_kad_post_footer":false,"_kad_post_classname":""},"product_brand":[1415],"product_cat":[332,1158,1161,36],"product_tag":[694,325,507,506,764,765,511,514,763,231],"class_list":{"0":"post-16674","1":"product","2":"type-product","3":"status-publish","4":"has-post-thumbnail","6":"product_brand-mes-pochoirs","7":"product_cat-pochoirs-pop-art","8":"product_cat-pochoirs-arts-du-spectacle","9":"product_cat-pochoirs-danses","10":"product_cat-pochoirs-portraits-visages","11":"product_tag-abstrait","12":"product_tag-amour","13":"product_tag-amoureux","14":"product_tag-couple","15":"product_tag-danse","16":"product_tag-danseurs","17":"product_tag-passion","18":"product_tag-romance","19":"product_tag-romantique","20":"product_tag-vintage","22":"first","23":"instock","24":"taxable","25":"shipping-taxable","26":"purchasable","27":"product-type-variable","28":"has-default-attributes","29":"entry","30":"content-bg","31":"loop-entry"},"taxonomy_info":{"product_brand":[{"value":1415,"label":"Mes Pochoirs"}],"product_cat":[{"value":332,"label":"Pop Art"},{"value":1158,"label":"Arts du Spectacle"},{"value":1161,"label":"Danses"},{"value":36,"label":"Portraits &amp; Visages"}],"product_tag":[{"value":694,"label":"abstrait"},{"value":325,"label":"amour"},{"value":507,"label":"amoureux"},{"value":506,"label":"couple"},{"value":764,"label":"danse"},{"value":765,"label":"danseurs"},{"value":511,"label":"passion"},{"value":514,"label":"romance"},{"value":763,"label":"romantique"},{"value":231,"label":"vintage"}]},"featured_image_src_large":["https:\/\/mes-pochoirs.com\/wp-content\/uploads\/2024\/09\/PA0019-FR-pochoir-couple-amoureux-1-1-copyright-mes-pochoirs-com--858x1030.jpg",858,1030,true],"author_info":[],"comment_info":0,"_links":{"self":[{"href":"https:\/\/mes-pochoirs.com\/it\/wp-json\/wp\/v2\/product\/16674","targetHints":{"allow":["GET"]}}],"collection":[{"href":"https:\/\/mes-pochoirs.com\/it\/wp-json\/wp\/v2\/product"}],"about":[{"href":"https:\/\/mes-pochoirs.com\/it\/wp-json\/wp\/v2\/types\/product"}],"replies":[{"embeddable":true,"href":"https:\/\/mes-pochoirs.com\/it\/wp-json\/wp\/v2\/comments?post=16674"}],"wp:featuredmedia":[{"embeddable":true,"href":"https:\/\/mes-pochoirs.com\/it\/wp-json\/wp\/v2\/media\/16673"}],"wp:attachment":[{"href":"https:\/\/mes-pochoirs.com\/it\/wp-json\/wp\/v2\/media?parent=16674"}],"wp:term":[{"taxonomy":"product_brand","embeddable":true,"href":"https:\/\/mes-pochoirs.com\/it\/wp-json\/wp\/v2\/product_brand?post=16674"},{"taxonomy":"product_cat","embeddable":true,"href":"https:\/\/mes-pochoirs.com\/it\/wp-json\/wp\/v2\/product_cat?post=16674"},{"taxonomy":"product_tag","embeddable":true,"href":"https:\/\/mes-pochoirs.com\/it\/wp-json\/wp\/v2\/product_tag?post=16674"}],"curies":[{"name":"wp","href":"https:\/\/api.w.org\/{rel}","templated":true}]}}