{"id":16747,"date":"2024-09-12T09:06:44","date_gmt":"2024-09-12T07:06:44","guid":{"rendered":"https:\/\/mes-pochoirs.com\/?post_type=product&#038;p=16747"},"modified":"2025-10-31T12:13:59","modified_gmt":"2025-10-31T11:13:59","slug":"stencil-torre-eiffel-parigina-pa0021","status":"publish","type":"product","link":"https:\/\/mes-pochoirs.com\/it\/produit\/pochoir-parisienne-tour-eiffel-pa0021","title":{"rendered":"Stencil Parisienne Torre Eiffel - PA0021"},"content":{"rendered":"<h2>stencil Parisienne Torre Eiffel<\/h2>\n<h3>Uno stencil dal design romantico e parigino<\/h3>\n<p>Lo stencil Parisienne Tour Eiffel incarna l'essenza stessa di Parigi, combinando l'eleganza di una donna parigina con il simbolo della capitale francese. Questo stencil raffigura una donna seduta con grazia, che indossa un grande cappello, in una posa al tempo stesso rilassata e sofisticata. Sullo sfondo, la maestosa Torre Eiffel, simbolo eterno della Citt\u00e0 della Luce. Questa composizione trasporta immediatamente lo spettatore in una scena romantica e senza tempo, evocando la bellezza, la moda e l'amore parigini. Ideale per gli artisti che desiderano catturare l'atmosfera unica di Parigi, questo stencil trasforma qualsiasi superficie in un invito al viaggio e al sogno ad occhi aperti. Questo modello, appartenente alla categoria pop art, si distingue per il suo stile grafico puro, con linee pulite e precise che ricordano le opere dei grandi maestri del genere. \u00c8 un pezzo esclusivo, progettato dal nostro team per catturare lo spirito della capitale francese con modernit\u00e0 e autenticit\u00e0. Utilizzandolo, potrete aggiungere un vibrante tocco artistico alle vostre creazioni, conferendo al contempo un tocco di magia parigina. Che si tratti di tele, pareti o oggetti di uso quotidiano, questo stencil si adatta perfettamente a diversi stili.<\/p>\n<h3>Stile e ispirazione: create il vostro capolavoro<\/h3>\n<p>Lo stencil Parisienne Tour Eiffel ha un'estetica distintiva, che fonde l'iconografia classica con un trattamento contemporaneo. Gli elementi contrastanti - la raffinata silhouette della donna e l'imponente struttura della Torre Eiffel - consentono di giocare con i colori e le texture per creare composizioni dinamiche. Questo stencil \u00e8 uno strumento creativo versatile, perfetto per gli artisti che desiderano aggiungere profondit\u00e0 e un'atmosfera urbana alle loro opere. Sia che preferiate colori vivaci o tonalit\u00e0 pi\u00f9 tenui, questo modello si adatta a una moltitudine di interpretazioni, permettendovi di creare un capolavoro unico a ogni utilizzo. Che siate hobbisti o professionisti, questo stencil offre una grande libert\u00e0 creativa. Potete usarlo per decorare spazi interni o esterni, tele, vestiti, mobili o qualsiasi altro mezzo artistico. Ogni tratto e ogni curva sono stati studiati con cura per facilitarne l'applicazione e garantire un risultato visivo professionale e di grande impatto. Con pochi tratti, \u00e8 possibile trasformare una semplice superficie in un'opera d'arte sofisticata e suggestiva.<\/p>","protected":false},"excerpt":{"rendered":"<p>Stencil Torre Eiffel Parigi, riutilizzabile, di alta qualit\u00e0, disponibile in diverse dimensioni. Perfetto per creare opere d'arte eleganti e romantiche.<\/p>","protected":false},"featured_media":16742,"comment_status":"open","ping_status":"closed","template":"","meta":{"bwfblock_default_font":"","_kad_blocks_custom_css":"","_kad_blocks_head_custom_js":"","_kad_blocks_body_custom_js":"","_kad_blocks_footer_custom_js":"","_kadence_starter_templates_imported_post":false,"_kad_post_transparent":"default","_kad_post_title":"","_kad_post_layout":"default","_kad_post_sidebar_id":"","_kad_post_content_style":"default","_kad_post_vertical_padding":"default","_kad_post_feature":"","_kad_post_feature_position":"","_kad_post_header":false,"_kad_post_footer":false,"_kad_post_classname":""},"product_brand":[1415],"product_cat":[332,36],"product_tag":[359,726,725,777,727],"class_list":{"0":"post-16747","1":"product","2":"type-product","3":"status-publish","4":"has-post-thumbnail","6":"product_brand-mes-pochoirs","7":"product_cat-pochoirs-pop-art","8":"product_cat-pochoirs-portraits-visages","9":"product_tag-femme","10":"product_tag-paris","11":"product_tag-parisienne","12":"product_tag-scene-romantique","13":"product_tag-tour-eiffel","15":"first","16":"instock","17":"taxable","18":"shipping-taxable","19":"purchasable","20":"product-type-variable","21":"has-default-attributes","22":"entry","23":"content-bg","24":"loop-entry"},"taxonomy_info":{"product_brand":[{"value":1415,"label":"Mes Pochoirs"}],"product_cat":[{"value":332,"label":"Pop Art"},{"value":36,"label":"Portraits &amp; Visages"}],"product_tag":[{"value":359,"label":"femme"},{"value":726,"label":"paris"},{"value":725,"label":"parisienne"},{"value":777,"label":"sc\u00e8ne romantique"},{"value":727,"label":"tour Eiffel"}]},"featured_image_src_large":["https:\/\/mes-pochoirs.com\/wp-content\/uploads\/2024\/09\/PA0021-FR-pochoir-parisienne-tour-eiffel-1-1-copyright-mes-pochoirs-com--858x1030.jpg",858,1030,true],"author_info":[],"comment_info":0,"_links":{"self":[{"href":"https:\/\/mes-pochoirs.com\/it\/wp-json\/wp\/v2\/product\/16747","targetHints":{"allow":["GET"]}}],"collection":[{"href":"https:\/\/mes-pochoirs.com\/it\/wp-json\/wp\/v2\/product"}],"about":[{"href":"https:\/\/mes-pochoirs.com\/it\/wp-json\/wp\/v2\/types\/product"}],"replies":[{"embeddable":true,"href":"https:\/\/mes-pochoirs.com\/it\/wp-json\/wp\/v2\/comments?post=16747"}],"wp:featuredmedia":[{"embeddable":true,"href":"https:\/\/mes-pochoirs.com\/it\/wp-json\/wp\/v2\/media\/16742"}],"wp:attachment":[{"href":"https:\/\/mes-pochoirs.com\/it\/wp-json\/wp\/v2\/media?parent=16747"}],"wp:term":[{"taxonomy":"product_brand","embeddable":true,"href":"https:\/\/mes-pochoirs.com\/it\/wp-json\/wp\/v2\/product_brand?post=16747"},{"taxonomy":"product_cat","embeddable":true,"href":"https:\/\/mes-pochoirs.com\/it\/wp-json\/wp\/v2\/product_cat?post=16747"},{"taxonomy":"product_tag","embeddable":true,"href":"https:\/\/mes-pochoirs.com\/it\/wp-json\/wp\/v2\/product_tag?post=16747"}],"curies":[{"name":"wp","href":"https:\/\/api.w.org\/{rel}","templated":true}]}}