{"id":16887,"date":"2024-09-19T09:34:49","date_gmt":"2024-09-19T07:34:49","guid":{"rendered":"https:\/\/mes-pochoirs.com\/?post_type=product&#038;p=16887"},"modified":"2025-10-31T12:14:39","modified_gmt":"2025-10-31T11:14:39","slug":"stencil-per-foglie-n0002","status":"publish","type":"product","link":"https:\/\/mes-pochoirs.com\/it\/produit\/pochoir-feuilles-n0002","title":{"rendered":"Stencil Foglie - N0002"},"content":{"rendered":"<h2>Stencil Foglie<\/h2>\n<h3>Aggiungete un tocco di natura alle vostre creazioni<\/h3>\n<p>Le pochoir feuilles est bien plus qu\u2019un simple outil cr\u00e9atif, c\u2019est une v\u00e9ritable invitation \u00e0 plonger dans l\u2019univers apaisant et organique de la nature. Repr\u00e9sentant un magnifique assemblage de feuilles aux formes \u00e9l\u00e9gantes, ce pochoir est inspir\u00e9 par les \u00e9l\u00e9ments naturels qui nous entourent. Chaque d\u00e9tail \u00e9voque la douceur du feuillage, que ce soit les feuilles d\u2019arbre flottant au gr\u00e9 du vent ou la v\u00e9g\u00e9tation luxuriante des sous-bois. Utiliser ce pochoir, c\u2019est capturer l\u2019essence m\u00eame des saisons, la fra\u00eecheur du printemps, la chaleur de l\u2019\u00e9t\u00e9, la splendeur automnale ou la simplicit\u00e9 de l\u2019hiver. Ce mod\u00e8le fait partie int\u00e9grante de notre collection nature, sp\u00e9cialement con\u00e7ue pour les artistes souhaitant int\u00e9grer une dimension v\u00e9g\u00e9tale et organique dans leurs \u0153uvres. Le motif des feuilles, symbole de renouvellement et de s\u00e9r\u00e9nit\u00e9, permet de se reconnecter \u00e0 la beaut\u00e9 du monde naturel. En plus de son aspect esth\u00e9tique, ce pochoir est con\u00e7u pour offrir une grande diversit\u00e9 de styles artistiques. Que vous soyez un peintre amateur ou un cr\u00e9ateur professionnel, ce mod\u00e8le s\u2019adapte \u00e0 vos envies. En utilisant des techniques vari\u00e9es comme l\u2019acrylique, la peinture en spray, ou encore l\u2019aquarelle, vous pourrez donner vie \u00e0 des \u0153uvres uniques. Ce design exclusif, imagin\u00e9 et r\u00e9alis\u00e9 par notre \u00e9quipe, est parfait pour d\u00e9corer tous types de supports, qu\u2019il s\u2019agisse de murs, de toiles, de meubles ou de textiles. Le motif des feuilles s\u2019accorde avec tous les styles : du minimalisme moderne \u00e0 l\u2019abstraction v\u00e9g\u00e9tale, en passant par des compositions plus d\u00e9taill\u00e9es rappelant l\u2019illustration botanique. Ce pochoir offre une flexibilit\u00e9 artistique permettant de cr\u00e9er des fonds riches et textur\u00e9s ou des motifs principaux saisissants. Chaque \u0153uvre r\u00e9alis\u00e9e avec ce pochoir refl\u00e9tera votre propre sensibilit\u00e9 \u00e0 la nature.<\/p>","protected":false},"excerpt":{"rendered":"<p>Stencil riutilizzabile di alta qualit\u00e0. Diversi formati disponibili per valorizzare le vostre creazioni su qualsiasi superficie.<\/p>","protected":false},"featured_media":16894,"comment_status":"open","ping_status":"closed","template":"","meta":{"bwfblock_default_font":"","_kad_blocks_custom_css":"","_kad_blocks_head_custom_js":"","_kad_blocks_body_custom_js":"","_kad_blocks_footer_custom_js":"","_kadence_starter_templates_imported_post":false,"_kad_post_transparent":"default","_kad_post_title":"","_kad_post_layout":"default","_kad_post_sidebar_id":"","_kad_post_content_style":"default","_kad_post_vertical_padding":"default","_kad_post_feature":"","_kad_post_feature_position":"","_kad_post_header":false,"_kad_post_footer":false,"_kad_post_classname":""},"product_brand":[1415],"product_cat":[369],"product_tag":[414,790,237,370,789,788],"class_list":{"0":"post-16887","1":"product","2":"type-product","3":"status-publish","4":"has-post-thumbnail","6":"product_brand-mes-pochoirs","7":"product_cat-pochoirs-nature","8":"product_tag-arbre","9":"product_tag-feuillage","10":"product_tag-feuille","11":"product_tag-nature","12":"product_tag-saison","13":"product_tag-vegetation","15":"first","16":"instock","17":"taxable","18":"shipping-taxable","19":"purchasable","20":"product-type-variable","21":"has-default-attributes","22":"entry","23":"content-bg","24":"loop-entry"},"taxonomy_info":{"product_brand":[{"value":1415,"label":"Mes Pochoirs"}],"product_cat":[{"value":369,"label":"Nature"}],"product_tag":[{"value":414,"label":"Arbre"},{"value":790,"label":"feuillage"},{"value":237,"label":"feuille"},{"value":370,"label":"nature"},{"value":789,"label":"saison"},{"value":788,"label":"v\u00e9g\u00e9tation"}]},"featured_image_src_large":["https:\/\/mes-pochoirs.com\/wp-content\/uploads\/2024\/09\/N0002-FR-pochoir-nature-feuille-arbres-1-1-copyright-mes-pochoirs-com--858x1030.jpg",858,1030,true],"author_info":[],"comment_info":0,"_links":{"self":[{"href":"https:\/\/mes-pochoirs.com\/it\/wp-json\/wp\/v2\/product\/16887","targetHints":{"allow":["GET"]}}],"collection":[{"href":"https:\/\/mes-pochoirs.com\/it\/wp-json\/wp\/v2\/product"}],"about":[{"href":"https:\/\/mes-pochoirs.com\/it\/wp-json\/wp\/v2\/types\/product"}],"replies":[{"embeddable":true,"href":"https:\/\/mes-pochoirs.com\/it\/wp-json\/wp\/v2\/comments?post=16887"}],"wp:featuredmedia":[{"embeddable":true,"href":"https:\/\/mes-pochoirs.com\/it\/wp-json\/wp\/v2\/media\/16894"}],"wp:attachment":[{"href":"https:\/\/mes-pochoirs.com\/it\/wp-json\/wp\/v2\/media?parent=16887"}],"wp:term":[{"taxonomy":"product_brand","embeddable":true,"href":"https:\/\/mes-pochoirs.com\/it\/wp-json\/wp\/v2\/product_brand?post=16887"},{"taxonomy":"product_cat","embeddable":true,"href":"https:\/\/mes-pochoirs.com\/it\/wp-json\/wp\/v2\/product_cat?post=16887"},{"taxonomy":"product_tag","embeddable":true,"href":"https:\/\/mes-pochoirs.com\/it\/wp-json\/wp\/v2\/product_tag?post=16887"}],"curies":[{"name":"wp","href":"https:\/\/api.w.org\/{rel}","templated":true}]}}