{"id":17315,"date":"2024-10-16T09:19:17","date_gmt":"2024-10-16T07:19:17","guid":{"rendered":"https:\/\/mes-pochoirs.com\/?post_type=product&#038;p=17315"},"modified":"2025-10-31T12:16:13","modified_gmt":"2025-10-31T11:16:13","slug":"stencil-murale-per-graffiti-gr0015","status":"publish","type":"product","link":"https:\/\/mes-pochoirs.com\/it\/produit\/pochoir-mur-de-graffiti-gr0015","title":{"rendered":"Stencil murale per graffiti - GR0015"},"content":{"rendered":"<h2>Stencil murale per graffiti\u00a0<\/h2>\n<h3>Un invito alla creazione urbana<\/h3>\n<p>Le pochoir &#8220;Mur de Graffiti&#8221; est bien plus qu&#8217;un simple outil de cr\u00e9ation, c&#8217;est une v\u00e9ritable base artistique pour les amateurs de graffiti et de street art. Ce mod\u00e8le unique repr\u00e9sente un mur de graffiti aux traits abstraits et audacieux, capturant toute l&#8217;essence des \u0153uvres urbaines que l&#8217;on retrouve sur les murs des grandes villes.\u00a0 Ce pochoir permet de reproduire sur diff\u00e9rents supports l&#8217;allure caract\u00e9ristique de ces surfaces recouvertes de graffitis, o\u00f9 chaque couleur, chaque trac\u00e9 \u00e9voque une histoire. En int\u00e9grant ce pochoir dans vos cr\u00e9ations, vous apportez une ambiance authentique et rebelle, une v\u00e9ritable invitation \u00e0 l&#8217;expression artistique libre. Que vous soyez un artiste professionnel ou un amateur passionn\u00e9, ce pochoir est l\u2019outil id\u00e9al pour donner vie \u00e0 des \u0153uvres visuellement impactantes et vibrantes, rappelant les murs parsem\u00e9s de graffitis que l\u2019on croise dans les espaces urbains.<\/p>\n<h3>Ispirato alla Street Art\u00a0<\/h3>\n<p>Imagin\u00e9 et con\u00e7u par notre \u00e9quipe d\u2019artistes, ce pochoir fait partie de notre collection graffiti, sp\u00e9cialement cr\u00e9\u00e9e pour les artistes cherchant \u00e0 insuffler une touche urbaine dans leurs \u0153uvres. Loin des formes classiques, ce pochoir met en avant des motifs abstraits typiques des murs recouverts de tags, de jets de spray et de trac\u00e9s vari\u00e9s. Gr\u00e2ce \u00e0 son design exclusif, chaque \u00e9l\u00e9ment a \u00e9t\u00e9 pens\u00e9 pour capturer l\u2019essence brute et \u00e9nergique du street art. Que vous utilisiez des bombes de peinture, des sprays ou m\u00eame des pinceaux, ce pochoir se pr\u00eate \u00e0 diverses techniques pour cr\u00e9er des fonds originaux ou des bases d\u2019\u0153uvres tout en gardant un style r\u00e9solument urbain. Ce mod\u00e8le s\u2019adresse \u00e0 ceux qui souhaitent explorer le style graffiti sous diff\u00e9rentes formes, et il se fondra parfaitement dans des projets artistiques vari\u00e9s, allant des toiles murales aux \u0153uvres abstraites.<\/p>","protected":false},"excerpt":{"rendered":"<p>Stencil murale per graffiti riutilizzabile, di alta qualit\u00e0 e reversibile, disponibile in diverse dimensioni. Ideale per creare opere d'arte, dipinti e sfondi urbani.<\/p>","protected":false},"featured_media":17311,"comment_status":"open","ping_status":"closed","template":"","meta":{"bwfblock_default_font":"","_kad_blocks_custom_css":"","_kad_blocks_head_custom_js":"","_kad_blocks_body_custom_js":"","_kad_blocks_footer_custom_js":"","_kadence_starter_templates_imported_post":false,"_kad_post_transparent":"default","_kad_post_title":"","_kad_post_layout":"default","_kad_post_sidebar_id":"","_kad_post_content_style":"default","_kad_post_vertical_padding":"default","_kad_post_feature":"","_kad_post_feature_position":"","_kad_post_header":false,"_kad_post_footer":false,"_kad_post_classname":""},"product_brand":[1415],"product_cat":[284,328,273],"product_tag":[694,761,831,770,285,829,433,434,830,327,287,286],"class_list":{"0":"post-17315","1":"product","2":"type-product","3":"status-publish","4":"has-post-thumbnail","6":"product_brand-mes-pochoirs","7":"product_cat-pochoirs-graffitis","8":"product_cat-pochoirs-street-art","9":"product_cat-pochoirs-urbains","10":"product_tag-abstrait","11":"product_tag-base","12":"product_tag-bombe-de-peinture","13":"product_tag-fonds","14":"product_tag-graffiti","15":"product_tag-graffitis","16":"product_tag-mur","17":"product_tag-mural","18":"product_tag-spray","19":"product_tag-street-art","20":"product_tag-tag","21":"product_tag-urbain","23":"first","24":"instock","25":"taxable","26":"shipping-taxable","27":"purchasable","28":"product-type-variable","29":"entry","30":"content-bg","31":"loop-entry"},"taxonomy_info":{"product_brand":[{"value":1415,"label":"Mes Pochoirs"}],"product_cat":[{"value":284,"label":"Graffitis"},{"value":328,"label":"Street Art"},{"value":273,"label":"Urbains"}],"product_tag":[{"value":694,"label":"abstrait"},{"value":761,"label":"base"},{"value":831,"label":"bombe de peinture"},{"value":770,"label":"fonds"},{"value":285,"label":"graffiti"},{"value":829,"label":"graffitis"},{"value":433,"label":"mur"},{"value":434,"label":"mural"},{"value":830,"label":"spray"},{"value":327,"label":"street art"},{"value":287,"label":"tag"},{"value":286,"label":"urbain"}]},"featured_image_src_large":["https:\/\/mes-pochoirs.com\/wp-content\/uploads\/2024\/10\/GR0015-FR-pochoir-graffitis-4-5-copyright-mes-pochoirs-com--858x1030.jpg",858,1030,true],"author_info":[],"comment_info":2,"_links":{"self":[{"href":"https:\/\/mes-pochoirs.com\/it\/wp-json\/wp\/v2\/product\/17315","targetHints":{"allow":["GET"]}}],"collection":[{"href":"https:\/\/mes-pochoirs.com\/it\/wp-json\/wp\/v2\/product"}],"about":[{"href":"https:\/\/mes-pochoirs.com\/it\/wp-json\/wp\/v2\/types\/product"}],"replies":[{"embeddable":true,"href":"https:\/\/mes-pochoirs.com\/it\/wp-json\/wp\/v2\/comments?post=17315"}],"wp:featuredmedia":[{"embeddable":true,"href":"https:\/\/mes-pochoirs.com\/it\/wp-json\/wp\/v2\/media\/17311"}],"wp:attachment":[{"href":"https:\/\/mes-pochoirs.com\/it\/wp-json\/wp\/v2\/media?parent=17315"}],"wp:term":[{"taxonomy":"product_brand","embeddable":true,"href":"https:\/\/mes-pochoirs.com\/it\/wp-json\/wp\/v2\/product_brand?post=17315"},{"taxonomy":"product_cat","embeddable":true,"href":"https:\/\/mes-pochoirs.com\/it\/wp-json\/wp\/v2\/product_cat?post=17315"},{"taxonomy":"product_tag","embeddable":true,"href":"https:\/\/mes-pochoirs.com\/it\/wp-json\/wp\/v2\/product_tag?post=17315"}],"curies":[{"name":"wp","href":"https:\/\/api.w.org\/{rel}","templated":true}]}}