{"id":17386,"date":"2024-10-11T10:44:53","date_gmt":"2024-10-11T08:44:53","guid":{"rendered":"https:\/\/mes-pochoirs.com\/?post_type=product&#038;p=17386"},"modified":"2025-10-31T12:16:21","modified_gmt":"2025-10-31T11:16:21","slug":"a0038-stencil-per-balene","status":"publish","type":"product","link":"https:\/\/mes-pochoirs.com\/it\/produit\/pochoir-baleine-a0038","title":{"rendered":"Stencil per balene - A0039"},"content":{"rendered":"<h2>Stencil per balene<\/h2>\n<h3>Vita oceanica<\/h3>\n<p>Le pochoir baleine est une magnifique repr\u00e9sentation d&#8217;un des plus grands mammif\u00e8res des fonds marins. Ce mod\u00e8le issu de notre cat\u00e9gorie &#8220;animaux&#8221; illustre avec pr\u00e9cision une orque, souvent surnomm\u00e9e &#8220;baleine tueuse&#8221;, symbole de la puissance et de l&#8217;\u00e9l\u00e9gance dans l&#8217;oc\u00e9an. Avec son design majestueux, ce pochoir capture l\u2019essence m\u00eame de cet animal impressionnant. L\u2019orque est un mammif\u00e8re marin embl\u00e9matique, occupant une place centrale dans l&#8217;\u00e9cosyst\u00e8me des oc\u00e9ans. Son image \u00e9voque \u00e0 la fois la libert\u00e9 des mers et la force brute. En int\u00e9grant ce pochoir dans vos cr\u00e9ations, vous apporterez une touche marine puissante, \u00e9voquant la grandeur de l\u2019oc\u00e9an, la s\u00e9r\u00e9nit\u00e9 des fonds marins et la beaut\u00e9 indompt\u00e9e de la nature. Que ce soit pour des d\u00e9corations inspir\u00e9es par l\u2019univers marin ou pour des projets artistiques audacieux, ce pochoir est un excellent choix pour ceux qui veulent rendre hommage \u00e0 la faune oc\u00e9anique. Con\u00e7u par notre \u00e9quipe de cr\u00e9ateurs talentueux, ce pochoir pr\u00e9sente un design unique et exclusif, soigneusement imagin\u00e9 pour r\u00e9pondre aux besoins des artistes et d\u00e9corateurs. Sa silhouette fluide et reconnaissable permet de cr\u00e9er des \u0153uvres \u00e0 la fois r\u00e9alistes et stylis\u00e9es. Que vous soyez un peintre, un d\u00e9corateur ou un passionn\u00e9 de street art, ce pochoir baleine s\u2019int\u00e9grera parfaitement dans des \u0153uvres murales ou sur des toiles. Il est \u00e9galement id\u00e9al pour des projets d\u00e9coratifs autour du th\u00e8me de la mer, qu&#8217;il s&#8217;agisse de d\u00e9corer un espace int\u00e9rieur ou ext\u00e9rieur. Cette collection a \u00e9t\u00e9 sp\u00e9cialement pens\u00e9e pour les artistes cherchant \u00e0 apporter une touche animale et marine \u00e0 leurs cr\u00e9ations, tout en gardant un rendu professionnel et soign\u00e9.<\/p>\n<h3>Libert\u00e0 artistica infinita<\/h3>\n<p>Lo stencil balena offre un'immensa libert\u00e0 artistica, qualunque sia il vostro stile creativo. Il suo design semplice ed elegante si adatta a tutti i tipi di interpretazione, dalle opere astratte alle composizioni pi\u00f9 figurative. Potete usare questo stencil per creare sontuosi decori marini, dove l'orca diventa la protagonista della scena, o combinarlo con altri motivi oceanici per arricchire la composizione. Con l'acrilico, l'acquerello o la vernice spray, questo stencil vi permette di esplorare nuove tecniche e di aggiungere effetti visivi dinamici al vostro lavoro. Questo modello \u00e8 ideale per gli artisti che vogliono avventurarsi in creazioni che evocano il mare e la natura. Con questo stencil \u00e8 possibile creare opere dai molteplici significati: la libert\u00e0 degli oceani, la protezione dei mammiferi marini o semplicemente la cruda bellezza della vita sottomarina. Perfetto per essere utilizzato su grandi superfici come pareti o tele, lo stencil balena pu\u00f2 essere utilizzato anche su superfici pi\u00f9 piccole come legno, tessuti o carta, per un effetto pi\u00f9 intimo.<\/p>","protected":false},"excerpt":{"rendered":"<p>Stencil per balene di alta qualit\u00e0, riutilizzabile e reversibile. Disponibile in diverse dimensioni, ideale per le vostre creazioni e decorazioni marine.<\/p>","protected":false},"featured_media":17357,"comment_status":"open","ping_status":"closed","template":"","meta":{"bwfblock_default_font":"","_kad_blocks_custom_css":"","_kad_blocks_head_custom_js":"","_kad_blocks_body_custom_js":"","_kad_blocks_footer_custom_js":"","_kadence_starter_templates_imported_post":false,"_kad_post_transparent":"default","_kad_post_title":"","_kad_post_layout":"default","_kad_post_sidebar_id":"","_kad_post_content_style":"default","_kad_post_vertical_padding":"default","_kad_post_feature":"","_kad_post_feature_position":"","_kad_post_header":false,"_kad_post_footer":false,"_kad_post_classname":""},"product_brand":[1415],"product_cat":[364],"product_tag":[805,898,904,899,905,629,630],"class_list":{"0":"post-17386","1":"product","2":"type-product","3":"status-publish","4":"has-post-thumbnail","6":"product_brand-mes-pochoirs","7":"product_cat-pochoirs-animaux","8":"product_tag-animal-marin","9":"product_tag-baleine","10":"product_tag-cetace","11":"product_tag-fonds-marin","12":"product_tag-mammifere","13":"product_tag-mer","14":"product_tag-ocean","16":"first","17":"instock","18":"taxable","19":"shipping-taxable","20":"purchasable","21":"product-type-variable","22":"entry","23":"content-bg","24":"loop-entry"},"taxonomy_info":{"product_brand":[{"value":1415,"label":"Mes Pochoirs"}],"product_cat":[{"value":364,"label":"Animaux"}],"product_tag":[{"value":805,"label":"animal marin"},{"value":898,"label":"baleine"},{"value":904,"label":"c\u00e9tac\u00e9"},{"value":899,"label":"fonds marin"},{"value":905,"label":"mammif\u00e8re"},{"value":629,"label":"mer"},{"value":630,"label":"oc\u00e9an"}]},"featured_image_src_large":["https:\/\/mes-pochoirs.com\/wp-content\/uploads\/2024\/10\/A0039-FR-pochoir-baleine-4-5-copyright-mes-pochoirs-com--858x1030.jpg",858,1030,true],"author_info":[],"comment_info":1,"_links":{"self":[{"href":"https:\/\/mes-pochoirs.com\/it\/wp-json\/wp\/v2\/product\/17386","targetHints":{"allow":["GET"]}}],"collection":[{"href":"https:\/\/mes-pochoirs.com\/it\/wp-json\/wp\/v2\/product"}],"about":[{"href":"https:\/\/mes-pochoirs.com\/it\/wp-json\/wp\/v2\/types\/product"}],"replies":[{"embeddable":true,"href":"https:\/\/mes-pochoirs.com\/it\/wp-json\/wp\/v2\/comments?post=17386"}],"wp:featuredmedia":[{"embeddable":true,"href":"https:\/\/mes-pochoirs.com\/it\/wp-json\/wp\/v2\/media\/17357"}],"wp:attachment":[{"href":"https:\/\/mes-pochoirs.com\/it\/wp-json\/wp\/v2\/media?parent=17386"}],"wp:term":[{"taxonomy":"product_brand","embeddable":true,"href":"https:\/\/mes-pochoirs.com\/it\/wp-json\/wp\/v2\/product_brand?post=17386"},{"taxonomy":"product_cat","embeddable":true,"href":"https:\/\/mes-pochoirs.com\/it\/wp-json\/wp\/v2\/product_cat?post=17386"},{"taxonomy":"product_tag","embeddable":true,"href":"https:\/\/mes-pochoirs.com\/it\/wp-json\/wp\/v2\/product_tag?post=17386"}],"curies":[{"name":"wp","href":"https:\/\/api.w.org\/{rel}","templated":true}]}}