{"id":17677,"date":"2024-10-21T12:29:48","date_gmt":"2024-10-21T10:29:48","guid":{"rendered":"https:\/\/mes-pochoirs.com\/?post_type=product&#038;p=17677"},"modified":"2025-10-31T12:16:41","modified_gmt":"2025-10-31T11:16:41","slug":"stencil-squalo-astratto-a0049","status":"publish","type":"product","link":"https:\/\/mes-pochoirs.com\/it\/produit\/pochoir-requin-abstrait-a0049","title":{"rendered":"Stencil squalo - A0049"},"content":{"rendered":"<h2>Stencil squalo astratto<\/h2>\n<h3>Una potente evocazione dell'oceano<\/h3>\n<p>Le Pochoir Requin Abstrait est une repr\u00e9sentation artistique inspir\u00e9e de l\u2019un des animaux marins les plus fascinants et embl\u00e9matiques : le requin. Connu pour sa force, sa rapidit\u00e9 et sa pr\u00e9sence dominante dans l\u2019oc\u00e9an, le requin symbolise la puissance et l\u2019\u00e9l\u00e9gance des profondeurs marines. Ce pochoir capture l\u2019essence de cet animal \u00e0 travers un design abstrait, qui permet de jouer avec les formes tout en mettant en avant la silhouette unique du requin. Id\u00e9al pour ceux qui souhaitent apporter une dimension marine \u00e0 leurs cr\u00e9ations, ce mod\u00e8le est parfait pour introduire des th\u00e8mes li\u00e9s \u00e0 l\u2019eau, \u00e0 la mer et aux fonds marins dans des \u0153uvres artistiques ou des projets d\u00e9coratifs. Issu de notre cat\u00e9gorie animaux, le Pochoir Requin Abstrait est con\u00e7u pour les cr\u00e9ateurs qui cherchent \u00e0 exploiter la beaut\u00e9 brute de l\u2019oc\u00e9an et de ses habitants dans leurs \u0153uvres. Que vous travailliez sur une toile, un mur, du bois ou du papier, ce pochoir est l\u2019outil id\u00e9al pour enrichir vos cr\u00e9ations avec une touche animale et marine. Le requin, figure \u00e0 la fois mystique et impressionnante, \u00e9voque l\u2019infinit\u00e9 des oc\u00e9ans et les myst\u00e8res qui les entourent. Ce mod\u00e8le abstrait laisse place \u00e0 l\u2019interpr\u00e9tation, permettant aux artistes de jouer avec les couleurs, les textures et les formes pour cr\u00e9er des \u0153uvres originales et captivantes.<\/p>\n<h3>Uno stile astratto per creazioni moderne e dinamiche<\/h3>\n<p>Le Pochoir Requin Abstrait adopte un style abstrait, qui s\u2019\u00e9loigne des repr\u00e9sentations classiques et d\u00e9taill\u00e9es pour offrir une version plus minimaliste et contemporaine de cet animal embl\u00e9matique. Ce design unique, imagin\u00e9 et cr\u00e9\u00e9 par notre \u00e9quipe, permet de capturer l\u2019essence du requin tout en laissant une grande libert\u00e9 cr\u00e9ative aux artistes. Les lignes fluides et \u00e9pur\u00e9es sugg\u00e8rent le mouvement du requin dans l\u2019eau, \u00e9voquant \u00e0 la fois son agilit\u00e9 et sa puissance. Ce style abstrait est parfait pour les artistes qui cherchent \u00e0 cr\u00e9er des \u0153uvres modernes et audacieuses, inspir\u00e9es par la nature et les fonds marins. Ce pochoir est id\u00e9al pour une multitude de supports : murs, toiles, papier, bois, textiles\u2026 Vous pouvez l\u2019utiliser pour r\u00e9aliser des \u0153uvres murales imposantes ou des cr\u00e9ations plus intimistes, toujours avec un rendu dynamique et expressif. Le design abstrait du Pochoir Requin Abstrait offre une grande flexibilit\u00e9 en mati\u00e8re de styles et de techniques, permettant aux artistes d\u2019explorer diverses approches tout en capturant la beaut\u00e9 de l\u2019animal marin dans toute sa splendeur.<\/p>","protected":false},"excerpt":{"rendered":"<p>Stencil riutilizzabile, di alta qualit\u00e0 e reversibile Squalo astratto. Disponibile in diverse dimensioni per creazioni marine su vari supporti artistici.<\/p>","protected":false},"featured_media":17600,"comment_status":"open","ping_status":"closed","template":"","meta":{"bwfblock_default_font":"","_kad_blocks_custom_css":"","_kad_blocks_head_custom_js":"","_kad_blocks_body_custom_js":"","_kad_blocks_footer_custom_js":"","_kadence_starter_templates_imported_post":false,"_kad_post_transparent":"default","_kad_post_title":"","_kad_post_layout":"default","_kad_post_sidebar_id":"","_kad_post_content_style":"default","_kad_post_vertical_padding":"default","_kad_post_feature":"","_kad_post_feature_position":"","_kad_post_header":false,"_kad_post_footer":false,"_kad_post_classname":""},"product_brand":[1415],"product_cat":[364],"product_tag":[805,897,629,630,906],"class_list":{"0":"post-17677","1":"product","2":"type-product","3":"status-publish","4":"has-post-thumbnail","6":"product_brand-mes-pochoirs","7":"product_cat-pochoirs-animaux","8":"product_tag-animal-marin","9":"product_tag-fonds-marins","10":"product_tag-mer","11":"product_tag-ocean","12":"product_tag-requin","14":"first","15":"instock","16":"taxable","17":"shipping-taxable","18":"purchasable","19":"product-type-variable","20":"has-default-attributes","21":"entry","22":"content-bg","23":"loop-entry"},"taxonomy_info":{"product_brand":[{"value":1415,"label":"Mes Pochoirs"}],"product_cat":[{"value":364,"label":"Animaux"}],"product_tag":[{"value":805,"label":"animal marin"},{"value":897,"label":"fonds marins"},{"value":629,"label":"mer"},{"value":630,"label":"oc\u00e9an"},{"value":906,"label":"requin"}]},"featured_image_src_large":["https:\/\/mes-pochoirs.com\/wp-content\/uploads\/2024\/10\/A0049-FR-pochoir-requin-1-1-copyright-mes-pochoirs-com--858x1030.jpg",858,1030,true],"author_info":[],"comment_info":0,"_links":{"self":[{"href":"https:\/\/mes-pochoirs.com\/it\/wp-json\/wp\/v2\/product\/17677","targetHints":{"allow":["GET"]}}],"collection":[{"href":"https:\/\/mes-pochoirs.com\/it\/wp-json\/wp\/v2\/product"}],"about":[{"href":"https:\/\/mes-pochoirs.com\/it\/wp-json\/wp\/v2\/types\/product"}],"replies":[{"embeddable":true,"href":"https:\/\/mes-pochoirs.com\/it\/wp-json\/wp\/v2\/comments?post=17677"}],"wp:featuredmedia":[{"embeddable":true,"href":"https:\/\/mes-pochoirs.com\/it\/wp-json\/wp\/v2\/media\/17600"}],"wp:attachment":[{"href":"https:\/\/mes-pochoirs.com\/it\/wp-json\/wp\/v2\/media?parent=17677"}],"wp:term":[{"taxonomy":"product_brand","embeddable":true,"href":"https:\/\/mes-pochoirs.com\/it\/wp-json\/wp\/v2\/product_brand?post=17677"},{"taxonomy":"product_cat","embeddable":true,"href":"https:\/\/mes-pochoirs.com\/it\/wp-json\/wp\/v2\/product_cat?post=17677"},{"taxonomy":"product_tag","embeddable":true,"href":"https:\/\/mes-pochoirs.com\/it\/wp-json\/wp\/v2\/product_tag?post=17677"}],"curies":[{"name":"wp","href":"https:\/\/api.w.org\/{rel}","templated":true}]}}