{"id":18321,"date":"2024-11-15T10:43:41","date_gmt":"2024-11-15T09:43:41","guid":{"rendered":"https:\/\/mes-pochoirs.com\/?post_type=product&#038;p=18321"},"modified":"2025-10-31T12:18:55","modified_gmt":"2025-10-31T11:18:55","slug":"stencil-per-il-volto-del-padre-di-natale-fe0003","status":"publish","type":"product","link":"https:\/\/mes-pochoirs.com\/it\/produit\/pochoir-visage-pere-noel-fe0003","title":{"rendered":"Stencil Babbo Natale - FE0003"},"content":{"rendered":"<h2>Stencil per il volto di Babbo Natale<\/h2>\n<h3>Un simbolo della magia del Natale<\/h3>\n<p>Immergetevi nel mondo incantato delle feste con il nostro stencil per il volto di Babbo Natale, una creazione originale che celebra la leggendaria icona natalizia. Questo stencil astratto, della nostra collezione Feste ed eventi, mette in risalto il volto benevolo di Babbo Natale, noto anche come San Nicola, simbolo universale di generosit\u00e0, tradizione e celebrazioni invernali. Rappresentando il caldo spirito delle festivit\u00e0, questo stencil evoca momenti magici con la famiglia, regali sotto l'albero e ricordi cari. Questo modello \u00e8 ideale per aggiungere un tocco festoso e autentico ai vostri progetti artistici e decorativi, perpetuando l'essenza senza tempo del Natale.<\/p>\n<h3>Design astratto per una variet\u00e0 di creazioni artistiche<\/h3>\n<p>Con il suo stile astratto e pulito, lo stencil per il volto di Babbo Natale vi offre un'ampia libert\u00e0 artistica per realizzare creazioni uniche. Perfetto per una variet\u00e0 di progetti come biglietti d'auguri personalizzati, decorazioni murali, confezioni regalo o anche opere artistiche su tela, questo stencil si adatta a ogni vostro capriccio. Progettato esclusivamente dal nostro team, garantisce una qualit\u00e0 eccezionale ed \u00e8 riutilizzabile, reversibile e disponibile in diverse dimensioni per soddisfare tutte le vostre esigenze creative. Che scegliate uno stile classico o contemporaneo, questo stencil vi aiuter\u00e0 a creare un'atmosfera allegra e festosa nel vostro lavoro. Trasformate le vostre idee in capolavori e lasciate che questo esclusivo stencil incarni la magia del Natale nelle vostre creazioni.<\/p>","protected":false},"excerpt":{"rendered":"<p>Stencil per il volto di Babbo Natale: aggiungete un tocco di festa con questo stencil riutilizzabile di alta qualit\u00e0 e reversibile, disponibile in diverse dimensioni.<\/p>","protected":false},"featured_media":18268,"comment_status":"open","ping_status":"closed","template":"","meta":{"bwfblock_default_font":"","_kad_blocks_custom_css":"","_kad_blocks_head_custom_js":"","_kad_blocks_body_custom_js":"","_kad_blocks_footer_custom_js":"","_kadence_starter_templates_imported_post":false,"_kad_post_transparent":"default","_kad_post_title":"","_kad_post_layout":"default","_kad_post_sidebar_id":"","_kad_post_content_style":"default","_kad_post_vertical_padding":"default","_kad_post_feature":"","_kad_post_feature_position":"","_kad_post_header":false,"_kad_post_footer":false,"_kad_post_classname":""},"product_brand":[1415],"product_cat":[951,950,36],"product_tag":[954,953,681,952,956,957,955],"class_list":{"0":"post-18321","1":"product","2":"type-product","3":"status-publish","4":"has-post-thumbnail","6":"product_brand-mes-pochoirs","7":"product_cat-pochoirs-noel","8":"product_cat-pochoirs-fetes-evenements","9":"product_cat-pochoirs-portraits-visages","10":"product_tag-celebration","11":"product_tag-evenement","12":"product_tag-fete","13":"product_tag-noel","14":"product_tag-pere-noel","15":"product_tag-saint-nicolas","16":"product_tag-tradition","18":"first","19":"instock","20":"taxable","21":"shipping-taxable","22":"purchasable","23":"product-type-variable","24":"entry","25":"content-bg","26":"loop-entry"},"taxonomy_info":{"product_brand":[{"value":1415,"label":"Mes Pochoirs"}],"product_cat":[{"value":951,"label":"No\u00ebl"},{"value":950,"label":"F\u00eates &amp; \u00c9v\u00e9nements"},{"value":36,"label":"Portraits &amp; Visages"}],"product_tag":[{"value":954,"label":"c\u00e9l\u00e9bration"},{"value":953,"label":"\u00e9v\u00e8nement"},{"value":681,"label":"f\u00eate"},{"value":952,"label":"no\u00ebl"},{"value":956,"label":"p\u00e8re no\u00ebl"},{"value":957,"label":"Saint-Nicolas"},{"value":955,"label":"tradition"}]},"featured_image_src_large":["https:\/\/mes-pochoirs.com\/wp-content\/uploads\/2024\/11\/FE0003-FR-pochoir-pere-noel-7-10-copyright-mes-pochoirs-com--858x1030.jpg",858,1030,true],"author_info":[],"comment_info":0,"_links":{"self":[{"href":"https:\/\/mes-pochoirs.com\/it\/wp-json\/wp\/v2\/product\/18321","targetHints":{"allow":["GET"]}}],"collection":[{"href":"https:\/\/mes-pochoirs.com\/it\/wp-json\/wp\/v2\/product"}],"about":[{"href":"https:\/\/mes-pochoirs.com\/it\/wp-json\/wp\/v2\/types\/product"}],"replies":[{"embeddable":true,"href":"https:\/\/mes-pochoirs.com\/it\/wp-json\/wp\/v2\/comments?post=18321"}],"wp:featuredmedia":[{"embeddable":true,"href":"https:\/\/mes-pochoirs.com\/it\/wp-json\/wp\/v2\/media\/18268"}],"wp:attachment":[{"href":"https:\/\/mes-pochoirs.com\/it\/wp-json\/wp\/v2\/media?parent=18321"}],"wp:term":[{"taxonomy":"product_brand","embeddable":true,"href":"https:\/\/mes-pochoirs.com\/it\/wp-json\/wp\/v2\/product_brand?post=18321"},{"taxonomy":"product_cat","embeddable":true,"href":"https:\/\/mes-pochoirs.com\/it\/wp-json\/wp\/v2\/product_cat?post=18321"},{"taxonomy":"product_tag","embeddable":true,"href":"https:\/\/mes-pochoirs.com\/it\/wp-json\/wp\/v2\/product_tag?post=18321"}],"curies":[{"name":"wp","href":"https:\/\/api.w.org\/{rel}","templated":true}]}}