{"id":18337,"date":"2024-11-15T11:05:54","date_gmt":"2024-11-15T10:05:54","guid":{"rendered":"https:\/\/mes-pochoirs.com\/?post_type=product&#038;p=18337"},"modified":"2025-10-31T12:18:57","modified_gmt":"2025-10-31T11:18:57","slug":"stencil-bambini-regalo-di-natale-fe0004","status":"publish","type":"product","link":"https:\/\/mes-pochoirs.com\/it\/produit\/pochoir-enfants-cadeau-de-noel-fe0004","title":{"rendered":"Stencil per bambini e regalo di Natale - FE0004"},"content":{"rendered":"<h2>Stencil per bambini e regali di Natale<\/h2>\n<h3>La magia del Natale catturata<\/h3>\n<p>Scoprite l'incanto delle feste con il nostro stencil Bambini e regali di Natale, una creazione unica che mette in risalto la gioia e la meraviglia dei bambini a Natale. Questo stencil astratto, della nostra collezione Feste ed eventi, raffigura bambini felici intorno ai regali, evocando l'eccitazione delle celebrazioni e il calore delle tradizioni invernali. Con dettagli artistici di regali accuratamente incartati e lo spirito festivo sotto l'albero di Natale, questo stencil cattura l'essenza di questo magico periodo dell'anno. Ideale per simboleggiare i momenti condivisi in famiglia, questo disegno dona un tocco di autenticit\u00e0 e felicit\u00e0 ai vostri progetti creativi, perpetuando i valori senza tempo della generosit\u00e0 e della condivisione che sono propri del Natale.<\/p>\n<h3>Design astratto per ricche creazioni artistiche<\/h3>\n<p>Lo stencil Bambini e regali di Natale offre una grande libert\u00e0 artistica grazie al suo design. Perfetto per una variet\u00e0 di progetti come biglietti d'auguri, decorazioni murali, confezioni regalo personalizzate o anche tele artistiche, questo stencil si adatta a tutti i vostri desideri creativi. Progettato esclusivamente dal nostro team, \u00e8 riutilizzabile, reversibile e disponibile in diverse dimensioni, per garantire una qualit\u00e0 eccezionale per ogni progetto. Sia che vogliate una composizione classica o un approccio pi\u00f9 moderno, questo stencil vi permette di incorporare lo spirito del Natale nelle vostre creazioni. Aggiungete un'atmosfera calda e festosa al vostro lavoro e lasciate che questo modello esclusivo trasformi le vostre idee in una celebrazione visiva del Natale.<\/p>","protected":false},"excerpt":{"rendered":"<p>Stencil per bambini e regali di Natale: ideale per progetti artistici e decorazioni, questo stencil riutilizzabile e reversibile \u00e8 disponibile in varie dimensioni.<\/p>","protected":false},"featured_media":18269,"comment_status":"open","ping_status":"closed","template":"","meta":{"bwfblock_default_font":"","_kad_blocks_custom_css":"","_kad_blocks_head_custom_js":"","_kad_blocks_body_custom_js":"","_kad_blocks_footer_custom_js":"","_kadence_starter_templates_imported_post":false,"_kad_post_transparent":"default","_kad_post_title":"","_kad_post_layout":"default","_kad_post_sidebar_id":"","_kad_post_content_style":"default","_kad_post_vertical_padding":"default","_kad_post_feature":"","_kad_post_feature_position":"","_kad_post_header":false,"_kad_post_footer":false,"_kad_post_classname":""},"product_brand":[1415],"product_cat":[951,950,36],"product_tag":[968,969,954,527,953,681,952,390,970,955],"class_list":{"0":"post-18337","1":"product","2":"type-product","3":"status-publish","4":"has-post-thumbnail","6":"product_brand-mes-pochoirs","7":"product_cat-pochoirs-noel","8":"product_cat-pochoirs-fetes-evenements","9":"product_cat-pochoirs-portraits-visages","10":"product_tag-cadeau","11":"product_tag-cadeaux","12":"product_tag-celebration","13":"product_tag-enfants","14":"product_tag-evenement","15":"product_tag-fete","16":"product_tag-noel","17":"product_tag-portrait","18":"product_tag-sapin-de-noel","19":"product_tag-tradition","21":"first","22":"instock","23":"taxable","24":"shipping-taxable","25":"purchasable","26":"product-type-variable","27":"has-default-attributes","28":"entry","29":"content-bg","30":"loop-entry"},"taxonomy_info":{"product_brand":[{"value":1415,"label":"Mes Pochoirs"}],"product_cat":[{"value":951,"label":"No\u00ebl"},{"value":950,"label":"F\u00eates &amp; \u00c9v\u00e9nements"},{"value":36,"label":"Portraits &amp; Visages"}],"product_tag":[{"value":968,"label":"cadeau"},{"value":969,"label":"cadeaux"},{"value":954,"label":"c\u00e9l\u00e9bration"},{"value":527,"label":"enfants"},{"value":953,"label":"\u00e9v\u00e8nement"},{"value":681,"label":"f\u00eate"},{"value":952,"label":"no\u00ebl"},{"value":390,"label":"portrait"},{"value":970,"label":"sapin de no\u00ebl"},{"value":955,"label":"tradition"}]},"featured_image_src_large":["https:\/\/mes-pochoirs.com\/wp-content\/uploads\/2024\/11\/FE0004-FR-pochoir-enfants-cadeau-noel-1-1-copyright-mes-pochoirs-com--858x1030.jpg",858,1030,true],"author_info":[],"comment_info":1,"_links":{"self":[{"href":"https:\/\/mes-pochoirs.com\/it\/wp-json\/wp\/v2\/product\/18337","targetHints":{"allow":["GET"]}}],"collection":[{"href":"https:\/\/mes-pochoirs.com\/it\/wp-json\/wp\/v2\/product"}],"about":[{"href":"https:\/\/mes-pochoirs.com\/it\/wp-json\/wp\/v2\/types\/product"}],"replies":[{"embeddable":true,"href":"https:\/\/mes-pochoirs.com\/it\/wp-json\/wp\/v2\/comments?post=18337"}],"wp:featuredmedia":[{"embeddable":true,"href":"https:\/\/mes-pochoirs.com\/it\/wp-json\/wp\/v2\/media\/18269"}],"wp:attachment":[{"href":"https:\/\/mes-pochoirs.com\/it\/wp-json\/wp\/v2\/media?parent=18337"}],"wp:term":[{"taxonomy":"product_brand","embeddable":true,"href":"https:\/\/mes-pochoirs.com\/it\/wp-json\/wp\/v2\/product_brand?post=18337"},{"taxonomy":"product_cat","embeddable":true,"href":"https:\/\/mes-pochoirs.com\/it\/wp-json\/wp\/v2\/product_cat?post=18337"},{"taxonomy":"product_tag","embeddable":true,"href":"https:\/\/mes-pochoirs.com\/it\/wp-json\/wp\/v2\/product_tag?post=18337"}],"curies":[{"name":"wp","href":"https:\/\/api.w.org\/{rel}","templated":true}]}}