{"id":18767,"date":"2024-12-05T09:51:55","date_gmt":"2024-12-05T08:51:55","guid":{"rendered":"https:\/\/mes-pochoirs.com\/?post_type=product&#038;p=18767"},"modified":"2025-10-31T12:20:34","modified_gmt":"2025-10-31T11:20:34","slug":"stencil-donna-in-moto-um0011","status":"publish","type":"product","link":"https:\/\/mes-pochoirs.com\/it\/produit\/pochoir-femme-a-moto-um0011","title":{"rendered":"Stencil per moto e donna - UM0011"},"content":{"rendered":"<h2>Donna con moto Stencil<\/h2>\n<h3>Design dinamico e moderno<\/h3>\n<p>Scoprire il <strong>stencil donna in moto<\/strong>, un design exclusif et captivant qui incarne l&#8217;\u00e9nergie et la modernit\u00e9. Ce motif repr\u00e9sente une femme dynamique et d\u00e9termin\u00e9e, pilotant une moto au style unique. Avec son casque, ses lunettes de soleil oversize et sa veste en cuir, elle symbolise la libert\u00e9 et la confiance dans une ambiance urbaine. Inspir\u00e9 des styles <em>pop art<\/em> e <em>street art<\/em>Questo stencil aggiunge un tocco contemporaneo e originale alle vostre creazioni. Ideale per gli artisti alla ricerca di un design forte e vibrante, sar\u00e0 un elemento chiave nei vostri progetti artistici.<\/p>\n<h3>Uno strumento versatile per risultati eccezionali<\/h3>\n<p>Utilizzare uno stencil significa scegliere il giusto <strong>precisione e riproducibilit\u00e0<\/strong>. Ce mod\u00e8le vous permet de reproduire facilement un design complexe, avec des d\u00e9tails parfaitement d\u00e9finis, tout en offrant une ex\u00e9cution rapide et efficace. Que vous soyez d\u00e9butant ou artiste confirm\u00e9, le pochoir vous donne un acc\u00e8s imm\u00e9diat \u00e0 des r\u00e9sultats professionnels sans compromis. Sa simplicit\u00e9 d\u2019utilisation fait de lui un outil accessible \u00e0 tous, tout en garantissant un impact visuel fort sur vos cr\u00e9ations. Le <strong>stencil donna in moto<\/strong> \u00e8 progettato per adattarsi a una variet\u00e0 di supporti. Grazie al suo design robusto e ai contorni precisi, consente di liberare la propria creativit\u00e0 risparmiando tempo. Ideale per gli stili urbani e moderni, offre una soluzione rapida per trasformare le vostre idee in composizioni di grande effetto. Aggiungete questo strumento alla vostra collezione e lasciate che diventi il punto focale dei vostri progetti artistici. Risultati eccezionali, facilit\u00e0 di esecuzione e un design esclusivo: questo stencil \u00e8 il vostro alleato per creazioni che non passeranno inosservate.<\/p>","protected":false},"excerpt":{"rendered":"<p>Questo stencil riutilizzabile e reversibile per donne in moto \u00e8 realizzato con materiali di alta qualit\u00e0. Disponibile in diverse dimensioni, \u00e8 ideale per le vostre creazioni artistiche.<\/p>","protected":false},"featured_media":18729,"comment_status":"open","ping_status":"closed","template":"","meta":{"bwfblock_default_font":"","_kad_blocks_custom_css":"","_kad_blocks_head_custom_js":"","_kad_blocks_body_custom_js":"","_kad_blocks_footer_custom_js":"","_kadence_starter_templates_imported_post":false,"_kad_post_transparent":"default","_kad_post_title":"","_kad_post_layout":"default","_kad_post_sidebar_id":"","_kad_post_content_style":"default","_kad_post_vertical_padding":"default","_kad_post_feature":"","_kad_post_feature_position":"","_kad_post_header":false,"_kad_post_footer":false,"_kad_post_classname":""},"product_brand":[1415],"product_cat":[971,1714,332,328],"product_tag":[973,359,816,976,991,972,974],"class_list":{"0":"post-18767","1":"product","2":"type-product","3":"status-publish","4":"has-post-thumbnail","6":"product_brand-mes-pochoirs","7":"product_cat-pochoirs-univers-mecanique","8":"product_cat-pochoirs-motos","9":"product_cat-pochoirs-pop-art","10":"product_cat-pochoirs-street-art","11":"product_tag-deux-roues","12":"product_tag-femme","13":"product_tag-mecanique","14":"product_tag-motard","15":"product_tag-motarde","16":"product_tag-moto","17":"product_tag-vehicule","19":"first","20":"instock","21":"taxable","22":"shipping-taxable","23":"purchasable","24":"product-type-variable","25":"has-default-attributes","26":"entry","27":"content-bg","28":"loop-entry"},"taxonomy_info":{"product_brand":[{"value":1415,"label":"Mes Pochoirs"}],"product_cat":[{"value":971,"label":"Univers M\u00e9canique"},{"value":1714,"label":"Motos"},{"value":332,"label":"Pop Art"},{"value":328,"label":"Street Art"}],"product_tag":[{"value":973,"label":"deux-roues"},{"value":359,"label":"femme"},{"value":816,"label":"m\u00e9canique"},{"value":976,"label":"motard"},{"value":991,"label":"motarde"},{"value":972,"label":"Moto"},{"value":974,"label":"v\u00e9hicule"}]},"featured_image_src_large":["https:\/\/mes-pochoirs.com\/wp-content\/uploads\/2024\/12\/UM0011-FR-pochoir-moto-femme-1-1-copyright-mes-pochoirs-com--858x1030.jpg",858,1030,true],"author_info":[],"comment_info":1,"_links":{"self":[{"href":"https:\/\/mes-pochoirs.com\/it\/wp-json\/wp\/v2\/product\/18767","targetHints":{"allow":["GET"]}}],"collection":[{"href":"https:\/\/mes-pochoirs.com\/it\/wp-json\/wp\/v2\/product"}],"about":[{"href":"https:\/\/mes-pochoirs.com\/it\/wp-json\/wp\/v2\/types\/product"}],"replies":[{"embeddable":true,"href":"https:\/\/mes-pochoirs.com\/it\/wp-json\/wp\/v2\/comments?post=18767"}],"wp:featuredmedia":[{"embeddable":true,"href":"https:\/\/mes-pochoirs.com\/it\/wp-json\/wp\/v2\/media\/18729"}],"wp:attachment":[{"href":"https:\/\/mes-pochoirs.com\/it\/wp-json\/wp\/v2\/media?parent=18767"}],"wp:term":[{"taxonomy":"product_brand","embeddable":true,"href":"https:\/\/mes-pochoirs.com\/it\/wp-json\/wp\/v2\/product_brand?post=18767"},{"taxonomy":"product_cat","embeddable":true,"href":"https:\/\/mes-pochoirs.com\/it\/wp-json\/wp\/v2\/product_cat?post=18767"},{"taxonomy":"product_tag","embeddable":true,"href":"https:\/\/mes-pochoirs.com\/it\/wp-json\/wp\/v2\/product_tag?post=18767"}],"curies":[{"name":"wp","href":"https:\/\/api.w.org\/{rel}","templated":true}]}}