{"id":19292,"date":"2025-01-15T15:30:19","date_gmt":"2025-01-15T14:30:19","guid":{"rendered":"https:\/\/mes-pochoirs.com\/?post_type=product&#038;p=19292"},"modified":"2025-10-31T12:22:31","modified_gmt":"2025-10-31T11:22:31","slug":"stencil-per-formaggio-rat-caddie-s0004","status":"publish","type":"product","link":"https:\/\/mes-pochoirs.com\/it\/produit\/pochoir-rat-caddie-fromage-s0004","title":{"rendered":"Stencil \"Le Rat et son Caddie\" - SA0004"},"content":{"rendered":"<h2>Stencil a forma di ratto per carrello della spesa<\/h2>\n<h3>Uno stencil originale per una decorazione piena di carattere<\/h3>\n<p>Aggiungete un tocco di umorismo e di originalit\u00e0 alle vostre creazioni con il <strong>Stencil a forma di ratto per carrello della spesa<\/strong>. Questo design unico presenta un ratto in piedi che spinge un carrello pieno di generose fette di formaggio. Con uno sguardo malizioso e una postura umanizzata, questo ratto incarna sia la voglia di dolce che lo spirito birichino. Ideale per personalizzare pareti, mobili o oggetti d'arte, questo stencil \u00e8 perfetto per tutti i vostri progetti creativi. Che si tratti di decorare una cucina, un ristorante o un'opera d'arte originale, lo stencil Rat Caddie Fromage \u00e8 una scelta divertente e accattivante. Le sue linee dettagliate e ordinate consentono un'applicazione precisa e una finitura professionale, ideale per sorprendere le persone e farle sorridere.<\/p>\n<h3>Un omaggio alla street art e all'umorismo urbano<\/h3>\n<p>Le <strong>Stencil a forma di ratto per carrello della spesa<\/strong> fa parte del mondo della street art, chiaramente ispirato alle opere di Blek le Rat, pioniere di questa forma d'arte urbana. Questo stile artistico presenta personaggi o scene improbabili, combinando critica sociale e derisione. Con questo motivo, il ratto, spesso visto come simbolo della vita urbana, diventa un eroe quotidiano, trasformando un atto banale - fare la spesa - in una scena eccentrica e divertente. Perfetto per gli appassionati di street art e di decorazioni originali, questo stencil evoca sia lo spirito della strada che una meticolosa lavorazione artigianale. Utilizzatelo per creare opere moderne e d'impatto che catturano e coinvolgono. Il <strong>Stencil a forma di ratto per carrello della spesa<\/strong> \u00e8 pi\u00f9 di un semplice motivo, \u00e8 un invito a giocare con i codici visivi e a esplorare la propria creativit\u00e0. \u00a0<\/p>","protected":false},"excerpt":{"rendered":"<p>Stampino Rat Caddie Fromage, riutilizzabile e reversibile, di alta qualit\u00e0, ideale per creazioni uniche. Disponibile in diverse dimensioni.<\/p>","protected":false},"featured_media":19291,"comment_status":"open","ping_status":"closed","template":"","meta":{"bwfblock_default_font":"","_kad_blocks_custom_css":"","_kad_blocks_head_custom_js":"","_kad_blocks_body_custom_js":"","_kad_blocks_footer_custom_js":"","_kadence_starter_templates_imported_post":false,"_kad_post_transparent":"default","_kad_post_title":"","_kad_post_layout":"default","_kad_post_sidebar_id":"","_kad_post_content_style":"default","_kad_post_vertical_padding":"default","_kad_post_feature":"","_kad_post_feature_position":"","_kad_post_header":false,"_kad_post_footer":false,"_kad_post_classname":""},"product_brand":[1415],"product_cat":[328,364,481,1029],"product_tag":[901,1020,1019,1015,1018,327],"class_list":{"0":"post-19292","1":"product","2":"type-product","3":"status-publish","4":"has-post-thumbnail","6":"product_brand-mes-pochoirs","7":"product_cat-pochoirs-street-art","8":"product_cat-pochoirs-animaux","9":"product_cat-collections","10":"product_cat-spray-and-soul","11":"product_tag-blek-le-rat","12":"product_tag-caddie","13":"product_tag-fromage","14":"product_tag-rat","15":"product_tag-shopping","16":"product_tag-street-art","18":"first","19":"instock","20":"taxable","21":"shipping-taxable","22":"purchasable","23":"product-type-variable","24":"has-default-attributes","25":"entry","26":"content-bg","27":"loop-entry"},"taxonomy_info":{"product_brand":[{"value":1415,"label":"Mes Pochoirs"}],"product_cat":[{"value":328,"label":"Street Art"},{"value":364,"label":"Animaux"},{"value":481,"label":"Collections"},{"value":1029,"label":"Spray and Soul"}],"product_tag":[{"value":901,"label":"blek le rat"},{"value":1020,"label":"caddie"},{"value":1019,"label":"fromage"},{"value":1015,"label":"rat"},{"value":1018,"label":"shopping"},{"value":327,"label":"street art"}]},"featured_image_src_large":["https:\/\/mes-pochoirs.com\/wp-content\/uploads\/2025\/01\/SA0004-pochoir-rat-caddie-fromage-copyright-mes-pochoirs-858x1030.jpg",858,1030,true],"author_info":[],"comment_info":0,"_links":{"self":[{"href":"https:\/\/mes-pochoirs.com\/it\/wp-json\/wp\/v2\/product\/19292","targetHints":{"allow":["GET"]}}],"collection":[{"href":"https:\/\/mes-pochoirs.com\/it\/wp-json\/wp\/v2\/product"}],"about":[{"href":"https:\/\/mes-pochoirs.com\/it\/wp-json\/wp\/v2\/types\/product"}],"replies":[{"embeddable":true,"href":"https:\/\/mes-pochoirs.com\/it\/wp-json\/wp\/v2\/comments?post=19292"}],"wp:featuredmedia":[{"embeddable":true,"href":"https:\/\/mes-pochoirs.com\/it\/wp-json\/wp\/v2\/media\/19291"}],"wp:attachment":[{"href":"https:\/\/mes-pochoirs.com\/it\/wp-json\/wp\/v2\/media?parent=19292"}],"wp:term":[{"taxonomy":"product_brand","embeddable":true,"href":"https:\/\/mes-pochoirs.com\/it\/wp-json\/wp\/v2\/product_brand?post=19292"},{"taxonomy":"product_cat","embeddable":true,"href":"https:\/\/mes-pochoirs.com\/it\/wp-json\/wp\/v2\/product_cat?post=19292"},{"taxonomy":"product_tag","embeddable":true,"href":"https:\/\/mes-pochoirs.com\/it\/wp-json\/wp\/v2\/product_tag?post=19292"}],"curies":[{"name":"wp","href":"https:\/\/api.w.org\/{rel}","templated":true}]}}