{"id":19334,"date":"2025-01-15T16:42:51","date_gmt":"2025-01-15T15:42:51","guid":{"rendered":"https:\/\/mes-pochoirs.com\/?post_type=product&#038;p=19334"},"modified":"2025-10-31T12:23:00","modified_gmt":"2025-10-31T11:23:00","slug":"stencil-pecora-ispirazione-blek-le-rat-sa00016","status":"publish","type":"product","link":"https:\/\/mes-pochoirs.com\/it\/produit\/pochoir-mouton-inspiration-blek-le-rat-sa00016","title":{"rendered":"Stencil \"Le Mouton \u00e0 la T\u00eate de T\u00e9l\u00e9\" - SA0016"},"content":{"rendered":"<h2>Pecora Stencil Ispirazione Blek Le Rat<\/h2>\n<h3>Uno stencil unico e simbolico per una decorazione di grande effetto<\/h3>\n<p>Aggiungete un tocco di originalit\u00e0 alle vostre creazioni con il <strong>Pecora Stencil Ispirazione Blek Le Rat<\/strong>. Questo design accattivante raffigura una pecora con un manto realistico, la cui testa \u00e8 sostituita da uno schermo televisivo retr\u00f2. Questo sorprendente contrasto tra natura e tecnologia offre un'interpretazione simbolica che evoca temi contemporanei come il conformismo sociale, l'impatto dei media e il consumo di massa. Perfetto per personalizzare pareti, mobili o opere d'arte, il <strong>Pecora Stencil Ispirazione Blek Le Rat<\/strong> \u00e8 pensato per gli appassionati di street art e di creazioni originali. I suoi dettagli minuziosi garantiscono una finitura precisa e professionale, sia per la decorazione di interni che per un progetto artistico pi\u00f9 impegnato. Questo stencil pu\u00f2 essere adattato a qualsiasi superficie, offrendo infinite possibilit\u00e0 di esprimere la propria creativit\u00e0.<\/p>\n<h3>Un potente omaggio alla street art<\/h3>\n<p>Le <strong>Pecora Stencil Ispirazione Blek Le Rat<\/strong> fa parte della tradizione della street art, nota per le sue opere di forte impatto e i suoi messaggi sociali. Ispirato dalle creazioni di <strong>Blek le Rat<\/strong>Pioniere di questa forma d'arte urbana, questo stencil stravolge i simboli classici per creare un'opera contemporanea e coinvolgente. La pecora, spesso associata al conformismo, diventa un veicolo di riflessione sul ruolo della tecnologia e dei media nella nostra vita. Ideale per gli appassionati di street art o per gli artisti alla ricerca di motivi d'impatto, questo stencil \u00e8 lo strumento perfetto per trasformare i vostri spazi o progetti in vere e proprie opere d'arte. Con il <strong>Pecora Stencil Ispirazione Blek Le Rat<\/strong>Combinate estetica e messaggio per catturare il vostro pubblico e sensibilizzarlo. \u00a0<\/p>","protected":false},"excerpt":{"rendered":"<p>Blek Le Rat Inspiration Sheep Stencil, riutilizzabile e reversibile, di alta qualit\u00e0, perfetto per le vostre creazioni di street art uniche. Disponibile in diverse dimensioni.<\/p>","protected":false},"featured_media":19404,"comment_status":"open","ping_status":"closed","template":"","meta":{"bwfblock_default_font":"","_kad_blocks_custom_css":"","_kad_blocks_head_custom_js":"","_kad_blocks_body_custom_js":"","_kad_blocks_footer_custom_js":"","_kadence_starter_templates_imported_post":false,"_kad_post_transparent":"default","_kad_post_title":"","_kad_post_layout":"default","_kad_post_sidebar_id":"","_kad_post_content_style":"default","_kad_post_vertical_padding":"default","_kad_post_feature":"","_kad_post_feature_position":"","_kad_post_header":false,"_kad_post_footer":false,"_kad_post_classname":""},"product_brand":[1415],"product_cat":[328,364,481,1029],"product_tag":[1025,327,1033,1031,500,1026],"class_list":{"0":"post-19334","1":"product","2":"type-product","3":"status-publish","4":"has-post-thumbnail","6":"product_brand-mes-pochoirs","7":"product_cat-pochoirs-street-art","8":"product_cat-pochoirs-animaux","9":"product_cat-collections","10":"product_cat-spray-and-soul","11":"product_tag-mouton","12":"product_tag-street-art","13":"product_tag-televiseur","14":"product_tag-television","15":"product_tag-tete","16":"product_tag-tv","18":"first","19":"instock","20":"taxable","21":"shipping-taxable","22":"purchasable","23":"product-type-variable","24":"has-default-attributes","25":"entry","26":"content-bg","27":"loop-entry"},"taxonomy_info":{"product_brand":[{"value":1415,"label":"Mes Pochoirs"}],"product_cat":[{"value":328,"label":"Street Art"},{"value":364,"label":"Animaux"},{"value":481,"label":"Collections"},{"value":1029,"label":"Spray and Soul"}],"product_tag":[{"value":1025,"label":"mouton"},{"value":327,"label":"street art"},{"value":1033,"label":"t\u00e9l\u00e9viseur"},{"value":1031,"label":"t\u00e9l\u00e9vision"},{"value":500,"label":"t\u00eate"},{"value":1026,"label":"TV"}]},"featured_image_src_large":["https:\/\/mes-pochoirs.com\/wp-content\/uploads\/2025\/01\/SA0016-pochoir-rmouton-tv-copyright-mes-pochoirs-858x1030.jpg",858,1030,true],"author_info":[],"comment_info":0,"_links":{"self":[{"href":"https:\/\/mes-pochoirs.com\/it\/wp-json\/wp\/v2\/product\/19334","targetHints":{"allow":["GET"]}}],"collection":[{"href":"https:\/\/mes-pochoirs.com\/it\/wp-json\/wp\/v2\/product"}],"about":[{"href":"https:\/\/mes-pochoirs.com\/it\/wp-json\/wp\/v2\/types\/product"}],"replies":[{"embeddable":true,"href":"https:\/\/mes-pochoirs.com\/it\/wp-json\/wp\/v2\/comments?post=19334"}],"wp:featuredmedia":[{"embeddable":true,"href":"https:\/\/mes-pochoirs.com\/it\/wp-json\/wp\/v2\/media\/19404"}],"wp:attachment":[{"href":"https:\/\/mes-pochoirs.com\/it\/wp-json\/wp\/v2\/media?parent=19334"}],"wp:term":[{"taxonomy":"product_brand","embeddable":true,"href":"https:\/\/mes-pochoirs.com\/it\/wp-json\/wp\/v2\/product_brand?post=19334"},{"taxonomy":"product_cat","embeddable":true,"href":"https:\/\/mes-pochoirs.com\/it\/wp-json\/wp\/v2\/product_cat?post=19334"},{"taxonomy":"product_tag","embeddable":true,"href":"https:\/\/mes-pochoirs.com\/it\/wp-json\/wp\/v2\/product_tag?post=19334"}],"curies":[{"name":"wp","href":"https:\/\/api.w.org\/{rel}","templated":true}]}}