{"id":19363,"date":"2025-01-15T09:30:07","date_gmt":"2025-01-15T08:30:07","guid":{"rendered":"https:\/\/mes-pochoirs.com\/?post_type=product&#038;p=19363"},"modified":"2025-10-31T12:23:05","modified_gmt":"2025-10-31T11:23:05","slug":"stencil-per-piccioni-in-stile-street-art-sa0019","status":"publish","type":"product","link":"https:\/\/mes-pochoirs.com\/it\/produit\/pochoir-pigeon-style-street-art-sa0019","title":{"rendered":"Stencil \"Il piccione con la testa da TV\" - SA0019"},"content":{"rendered":"<h2>Stencil per piccioni in stile street art<\/h2>\n<h3>Uno stencil accattivante per creazioni uniche<\/h3>\n<p>Aggiungete un tocco audace e originale ai vostri progetti artistici con il <strong>Stencil per piccioni in stile Street Art.<\/strong> Questo sorprendente disegno raffigura un piccione, emblema degli ambienti urbani, con uno schermo televisivo retr\u00f2 al posto della testa. Questo contrasto visivo tra animale e tecnologia crea un'opera intrigante e moderna, che evoca temi come l'impatto dei media e il controllo della societ\u00e0. Che vogliate personalizzare le vostre pareti, i vostri mobili, i vostri tessuti o le vostre tele, la collezione <strong>Stencil per piccioni in stile street art<\/strong> si distingue per la precisione e la qualit\u00e0 del design. Facile da usare, garantisce un risultato professionale e unico su tutte le superfici creative. Ideale per decorare spazi urbani o contemporanei, o per aggiungere un tocco artistico ai vostri interni, questo stencil \u00e8 un invito a superare i confini della vostra immaginazione.<\/p>\n<h3>Creare Street Art con facilit\u00e0 e precisione<\/h3>\n<p>Le <strong>Stencil per piccioni in stile street art<\/strong> si ispira direttamente ai codici e allo spirito della street art, una forma di espressione artistica che affascina con i suoi messaggi forti e i suoi disegni audaci. Con una chiara influenza delle opere di <strong>Blek le Rat<\/strong>Pioniere di questa forma d'arte urbana, questo stencil utilizza simboli familiari per offrire una critica sottile o umoristica della nostra societ\u00e0. In questo caso, il piccione diventa un'icona stravagante e lo schermo televisivo una metafora del consumo eccessivo di media. Perfetta per gli amanti della street art e per i designer alla ricerca di motivi forti e originali, la matrice <strong>Stencil per piccioni in stile street art<\/strong> \u00e8 lo strumento perfetto per combinare estetica urbana e riflessione sociale. Fate di questo stencil il protagonista delle vostre prossime creazioni artistiche e lasciate che la vostra immaginazione dia vita a opere uniche e impegnate. \u00a0<\/p>","protected":false},"excerpt":{"rendered":"<p>Stencil Pigeon Street Art, riutilizzabile e reversibile, di alta qualit\u00e0. Disponibile in diverse dimensioni per creazioni artistiche moderne.<\/p>","protected":false},"featured_media":19345,"comment_status":"open","ping_status":"closed","template":"","meta":{"bwfblock_default_font":"","_kad_blocks_custom_css":"","_kad_blocks_head_custom_js":"","_kad_blocks_body_custom_js":"","_kad_blocks_footer_custom_js":"","_kadence_starter_templates_imported_post":false,"_kad_post_transparent":"default","_kad_post_title":"","_kad_post_layout":"default","_kad_post_sidebar_id":"","_kad_post_content_style":"default","_kad_post_vertical_padding":"default","_kad_post_feature":"","_kad_post_feature_position":"","_kad_post_header":false,"_kad_post_footer":false,"_kad_post_classname":""},"product_brand":[1415],"product_cat":[328,364,481,1029],"product_tag":[1027,327,1033,1031,500,1026],"class_list":{"0":"post-19363","1":"product","2":"type-product","3":"status-publish","4":"has-post-thumbnail","6":"product_brand-mes-pochoirs","7":"product_cat-pochoirs-street-art","8":"product_cat-pochoirs-animaux","9":"product_cat-collections","10":"product_cat-spray-and-soul","11":"product_tag-pigeon","12":"product_tag-street-art","13":"product_tag-televiseur","14":"product_tag-television","15":"product_tag-tete","16":"product_tag-tv","18":"first","19":"instock","20":"taxable","21":"shipping-taxable","22":"purchasable","23":"product-type-variable","24":"has-default-attributes","25":"entry","26":"content-bg","27":"loop-entry"},"taxonomy_info":{"product_brand":[{"value":1415,"label":"Mes Pochoirs"}],"product_cat":[{"value":328,"label":"Street Art"},{"value":364,"label":"Animaux"},{"value":481,"label":"Collections"},{"value":1029,"label":"Spray and Soul"}],"product_tag":[{"value":1027,"label":"pigeon"},{"value":327,"label":"street art"},{"value":1033,"label":"t\u00e9l\u00e9viseur"},{"value":1031,"label":"t\u00e9l\u00e9vision"},{"value":500,"label":"t\u00eate"},{"value":1026,"label":"TV"}]},"featured_image_src_large":["https:\/\/mes-pochoirs.com\/wp-content\/uploads\/2025\/01\/SA0019-pochoir-pigeon-tv-copyright-mes-pochoirs-858x1030.jpg",858,1030,true],"author_info":[],"comment_info":0,"_links":{"self":[{"href":"https:\/\/mes-pochoirs.com\/it\/wp-json\/wp\/v2\/product\/19363","targetHints":{"allow":["GET"]}}],"collection":[{"href":"https:\/\/mes-pochoirs.com\/it\/wp-json\/wp\/v2\/product"}],"about":[{"href":"https:\/\/mes-pochoirs.com\/it\/wp-json\/wp\/v2\/types\/product"}],"replies":[{"embeddable":true,"href":"https:\/\/mes-pochoirs.com\/it\/wp-json\/wp\/v2\/comments?post=19363"}],"wp:featuredmedia":[{"embeddable":true,"href":"https:\/\/mes-pochoirs.com\/it\/wp-json\/wp\/v2\/media\/19345"}],"wp:attachment":[{"href":"https:\/\/mes-pochoirs.com\/it\/wp-json\/wp\/v2\/media?parent=19363"}],"wp:term":[{"taxonomy":"product_brand","embeddable":true,"href":"https:\/\/mes-pochoirs.com\/it\/wp-json\/wp\/v2\/product_brand?post=19363"},{"taxonomy":"product_cat","embeddable":true,"href":"https:\/\/mes-pochoirs.com\/it\/wp-json\/wp\/v2\/product_cat?post=19363"},{"taxonomy":"product_tag","embeddable":true,"href":"https:\/\/mes-pochoirs.com\/it\/wp-json\/wp\/v2\/product_tag?post=19363"}],"curies":[{"name":"wp","href":"https:\/\/api.w.org\/{rel}","templated":true}]}}