{"id":19765,"date":"2025-01-31T08:16:58","date_gmt":"2025-01-31T07:16:58","guid":{"rendered":"https:\/\/mes-pochoirs.com\/?post_type=product&#038;p=19765"},"modified":"2025-12-16T13:21:08","modified_gmt":"2025-12-16T12:21:08","slug":"ragazza-e-missile-stencil-sa0001","status":"publish","type":"product","link":"https:\/\/mes-pochoirs.com\/it\/produit\/pochoir-fillette-et-missile-sa0001","title":{"rendered":"Stencil \"Una ragazza in un missile\" - SA0001"},"content":{"rendered":"<h2>Stencil con ragazza e missile\u00a0<\/h2>\n<h3>Innocenza in orbita<\/h3>\n<p>Ce pochoir Fillette et Missile repr\u00e9sente une jeune fille assise \u00e0 califourchon sur un missile, comme si elle chevauchait une fus\u00e9e. Sa posture est d\u00e9tendue, presque insouciante, et ses cheveux flottent au vent, renfor\u00e7ant l\u2019id\u00e9e de mouvement et de libert\u00e9. En contraste, le missile, habituellement symbole de destruction et de guerre, appara\u00eet ab\u00eem\u00e9, avec des marques d\u2019usure et des \u00e9clats, comme s\u2019il avait travers\u00e9 des \u00e9preuves. L\u2019image met en sc\u00e8ne un contraste saisissant entre l\u2019innocence enfantine et la brutalit\u00e9 des armes de guerre. L\u2019enfant, qui voit peut-\u00eatre le missile comme un simple moyen d\u2019\u00e9vasion, incarne un regard na\u00eff face aux r\u00e9alit\u00e9s les plus dures. Ce contraste ouvre plusieurs interpr\u00e9tations : Une critique de l\u2019impact des conflits sur les enfants, qui en subissent les cons\u00e9quences sans toujours en comprendre la port\u00e9e. Ou bien une m\u00e9taphore de l\u2019illusion et du d\u00e9tournement, o\u00f9 l\u2019enfant transforme un objet de destruction en un vecteur de r\u00eave et d\u2019aventure. Ou encore une repr\u00e9sentation de la r\u00e9silience et de l\u2019optimisme, o\u00f9 l\u2019espoir persiste m\u00eame au milieu du chaos.<\/p>\n<h3>Uno stile ispirato alla street art impegnata<\/h3>\n<p>Ce pochoir Fillette et Missile s\u2019inspire du street art et des \u0153uvres d\u2019artistes engag\u00e9s comme Banksy. Son design percutant attire imm\u00e9diatement le regard et fait \u00e9cho aux messages forts port\u00e9s par le graffiti contemporain. Les d\u00e9tails us\u00e9s et fragment\u00e9s du missile renforcent son aspect vuln\u00e9rable, comme si l\u2019arme de guerre se d\u00e9sint\u00e9grait sous le poids du temps ou de l\u2019imaginaire enfantin. Ce choix esth\u00e9tique accentue le message de l\u2019\u0153uvre et lui donne une profondeur \u00e9motionnelle. En int\u00e9grant ce pochoir dans votre int\u00e9rieur, vous apportez une touche artistique \u00e0 la fois moderne et engag\u00e9e. Il s\u2019adresse aux amateurs d\u2019art urbain et de d\u00e9coration originale, mais aussi \u00e0 ceux qui cherchent \u00e0 questionner le monde \u00e0 travers des images fortes et symboliques.<\/p>","protected":false},"excerpt":{"rendered":"<p>Stencil di Fillette e Missili di alta qualit\u00e0 per artisti. Riutilizzabili, reversibili e disponibili in diverse dimensioni per valorizzare le vostre creazioni.<\/p>","protected":false},"featured_media":19431,"comment_status":"open","ping_status":"closed","template":"","meta":{"bwfblock_default_font":"","_kad_blocks_custom_css":"","_kad_blocks_head_custom_js":"","_kad_blocks_body_custom_js":"","_kad_blocks_footer_custom_js":"","_kadence_starter_templates_imported_post":false,"_kad_post_transparent":"default","_kad_post_title":"","_kad_post_layout":"default","_kad_post_sidebar_id":"","_kad_post_content_style":"default","_kad_post_vertical_padding":"default","_kad_post_feature":"","_kad_post_feature_position":"","_kad_post_header":false,"_kad_post_footer":false,"_kad_post_classname":""},"product_brand":[1415],"product_cat":[328,481,1029],"product_tag":[900,825,1012,1105,1034,327],"class_list":{"0":"post-19765","1":"product","2":"type-product","3":"status-publish","4":"has-post-thumbnail","6":"product_brand-mes-pochoirs","7":"product_cat-pochoirs-street-art","8":"product_cat-collections","9":"product_cat-spray-and-soul","10":"product_tag-banksy","11":"product_tag-enfant","12":"product_tag-fillette","13":"product_tag-guerre","14":"product_tag-missile","15":"product_tag-street-art","17":"first","18":"instock","19":"taxable","20":"shipping-taxable","21":"purchasable","22":"product-type-variable","23":"has-default-attributes","24":"entry","25":"content-bg","26":"loop-entry"},"taxonomy_info":{"product_brand":[{"value":1415,"label":"Mes Pochoirs"}],"product_cat":[{"value":328,"label":"Street Art"},{"value":481,"label":"Collections"},{"value":1029,"label":"Spray and Soul"}],"product_tag":[{"value":900,"label":"banksy"},{"value":825,"label":"enfant"},{"value":1012,"label":"fillette"},{"value":1105,"label":"guerre"},{"value":1034,"label":"missile"},{"value":327,"label":"street art"}]},"featured_image_src_large":["https:\/\/mes-pochoirs.com\/wp-content\/uploads\/2025\/01\/SA0001-pochoir-fillette-et-missile-copyright-mes-pochoirs-858x1030.jpg",858,1030,true],"author_info":[],"comment_info":1,"_links":{"self":[{"href":"https:\/\/mes-pochoirs.com\/it\/wp-json\/wp\/v2\/product\/19765","targetHints":{"allow":["GET"]}}],"collection":[{"href":"https:\/\/mes-pochoirs.com\/it\/wp-json\/wp\/v2\/product"}],"about":[{"href":"https:\/\/mes-pochoirs.com\/it\/wp-json\/wp\/v2\/types\/product"}],"replies":[{"embeddable":true,"href":"https:\/\/mes-pochoirs.com\/it\/wp-json\/wp\/v2\/comments?post=19765"}],"wp:featuredmedia":[{"embeddable":true,"href":"https:\/\/mes-pochoirs.com\/it\/wp-json\/wp\/v2\/media\/19431"}],"wp:attachment":[{"href":"https:\/\/mes-pochoirs.com\/it\/wp-json\/wp\/v2\/media?parent=19765"}],"wp:term":[{"taxonomy":"product_brand","embeddable":true,"href":"https:\/\/mes-pochoirs.com\/it\/wp-json\/wp\/v2\/product_brand?post=19765"},{"taxonomy":"product_cat","embeddable":true,"href":"https:\/\/mes-pochoirs.com\/it\/wp-json\/wp\/v2\/product_cat?post=19765"},{"taxonomy":"product_tag","embeddable":true,"href":"https:\/\/mes-pochoirs.com\/it\/wp-json\/wp\/v2\/product_tag?post=19765"}],"curies":[{"name":"wp","href":"https:\/\/api.w.org\/{rel}","templated":true}]}}