{"id":20947,"date":"2025-02-19T12:26:50","date_gmt":"2025-02-19T11:26:50","guid":{"rendered":"https:\/\/mes-pochoirs.com\/?post_type=product&#038;p=20947"},"modified":"2025-10-31T12:30:24","modified_gmt":"2025-10-31T11:30:24","slug":"stencil-viso-gocciolante-donna-ddm015","status":"publish","type":"product","link":"https:\/\/mes-pochoirs.com\/it\/produit\/pochoir-dripping-visage-femme-ddm015","title":{"rendered":"Stencil viso femminile - Ombre e macchie - DDM015"},"content":{"rendered":"<h2>Volto gocciolante Stencil Donna<\/h2>\n<h3>Potente espressione artistica<\/h3>\n<p>Immergetevi in un mondo dove arte ed emozione si incontrano. Questo <strong>Volto gocciolante Stencil Donna<\/strong> raffigura un volto femminile di profilo con un'aura misteriosa, che sembra svanire in un effetto di sgocciolamento della pittura. Il sorprendente contrasto tra linee delicate e audaci sfocature evoca allo stesso tempo dolcezza e forza, contemplazione ed espressione cruda. Questo stencil \u00e8 pi\u00f9 di un semplice motivo: racconta una storia, la storia di una visione interiore, di un'anima in movimento. \u00c8 un invito alla creativit\u00e0, uno strumento per dare vita alle vostre idee e trasmettere emozioni forti sulle vostre superfici preferite: pareti, tele, tessuti, mobili e molto altro.<\/p>\n<h3>Uno stile moderno e d'impatto<\/h3>\n<p>Con il suo design ispirato al <strong>arte di strada<\/strong> e il<strong>arte contemporanea<\/strong>il <strong>Volto gocciolante Stencil Donna<\/strong> aggiunge un tocco visivo di grande impatto a qualsiasi opera d'arte. L'effetto fluido della vernice e i contrasti netti gli conferiscono una dinamica unica, ideale per creare opere d'arte moderne e accattivanti. Se siete artisti appassionati, decoratori d'interni o amanti del fai da te, questo stencil diventer\u00e0 il vostro alleato per creazioni audaci e piene di carattere. Facile da usare e riutilizzabile, permette di esplorare tecniche e supporti diversi per un risultato sempre originale. Trasformate la vostra arte in un vero e proprio mezzo di espressione e lasciate fiorire la vostra creativit\u00e0 con questo stencil dallo stile inimitabile.<\/p>","protected":false},"excerpt":{"rendered":"<p><strong>Volto gocciolante Stencil Donna<\/strong>Perfetti per valorizzare le vostre creazioni. Riutilizzabili e disponibili in diverse misure per la pittura, la tela e la decorazione.<\/p>","protected":false},"featured_media":20981,"comment_status":"open","ping_status":"closed","template":"","meta":{"bwfblock_default_font":"","_kad_blocks_custom_css":"","_kad_blocks_head_custom_js":"","_kad_blocks_body_custom_js":"","_kad_blocks_footer_custom_js":"","_kadence_starter_templates_imported_post":false,"_kad_post_transparent":"default","_kad_post_title":"","_kad_post_layout":"default","_kad_post_sidebar_id":"","_kad_post_content_style":"default","_kad_post_vertical_padding":"default","_kad_post_feature":"","_kad_post_feature_position":"","_kad_post_header":false,"_kad_post_footer":false,"_kad_post_classname":""},"product_brand":[1415],"product_cat":[1139,481,36],"product_tag":[694,689,1142,147,1141,1058,359,285,1143,390,1140,327,286,338],"class_list":{"0":"post-20947","1":"product","2":"type-product","3":"status-publish","4":"has-post-thumbnail","6":"product_brand-mes-pochoirs","7":"product_cat-dripping-dreams","8":"product_cat-collections","9":"product_cat-pochoirs-portraits-visages","10":"product_tag-abstrait","11":"product_tag-artistique","12":"product_tag-coulures","13":"product_tag-design","14":"product_tag-dripping","15":"product_tag-emotion","16":"product_tag-femme","17":"product_tag-graffiti","18":"product_tag-ombres","19":"product_tag-portrait","20":"product_tag-silhouette","21":"product_tag-street-art","22":"product_tag-urbain","23":"product_tag-visage","25":"first","26":"instock","27":"taxable","28":"shipping-taxable","29":"purchasable","30":"product-type-variable","31":"entry","32":"content-bg","33":"loop-entry"},"taxonomy_info":{"product_brand":[{"value":1415,"label":"Mes Pochoirs"}],"product_cat":[{"value":1139,"label":"Dripping Dreams"},{"value":481,"label":"Collections"},{"value":36,"label":"Portraits &amp; Visages"}],"product_tag":[{"value":694,"label":"abstrait"},{"value":689,"label":"artistique"},{"value":1142,"label":"coulures"},{"value":147,"label":"Design"},{"value":1141,"label":"dripping"},{"value":1058,"label":"Emotion"},{"value":359,"label":"femme"},{"value":285,"label":"graffiti"},{"value":1143,"label":"ombres"},{"value":390,"label":"portrait"},{"value":1140,"label":"silhouette"},{"value":327,"label":"street art"},{"value":286,"label":"urbain"},{"value":338,"label":"visage"}]},"featured_image_src_large":["https:\/\/mes-pochoirs.com\/wp-content\/uploads\/2025\/02\/DDM015-pochoir-visage-femme-dripping-dreams-copyright-mes-pochoirs-858x1030.jpg",858,1030,true],"author_info":[],"comment_info":0,"_links":{"self":[{"href":"https:\/\/mes-pochoirs.com\/it\/wp-json\/wp\/v2\/product\/20947","targetHints":{"allow":["GET"]}}],"collection":[{"href":"https:\/\/mes-pochoirs.com\/it\/wp-json\/wp\/v2\/product"}],"about":[{"href":"https:\/\/mes-pochoirs.com\/it\/wp-json\/wp\/v2\/types\/product"}],"replies":[{"embeddable":true,"href":"https:\/\/mes-pochoirs.com\/it\/wp-json\/wp\/v2\/comments?post=20947"}],"wp:featuredmedia":[{"embeddable":true,"href":"https:\/\/mes-pochoirs.com\/it\/wp-json\/wp\/v2\/media\/20981"}],"wp:attachment":[{"href":"https:\/\/mes-pochoirs.com\/it\/wp-json\/wp\/v2\/media?parent=20947"}],"wp:term":[{"taxonomy":"product_brand","embeddable":true,"href":"https:\/\/mes-pochoirs.com\/it\/wp-json\/wp\/v2\/product_brand?post=20947"},{"taxonomy":"product_cat","embeddable":true,"href":"https:\/\/mes-pochoirs.com\/it\/wp-json\/wp\/v2\/product_cat?post=20947"},{"taxonomy":"product_tag","embeddable":true,"href":"https:\/\/mes-pochoirs.com\/it\/wp-json\/wp\/v2\/product_tag?post=20947"}],"curies":[{"name":"wp","href":"https:\/\/api.w.org\/{rel}","templated":true}]}}