{"id":21434,"date":"2025-03-05T12:21:26","date_gmt":"2025-03-05T11:21:26","guid":{"rendered":"https:\/\/mes-pochoirs.com\/?post_type=product&#038;p=21434"},"modified":"2025-10-31T12:31:31","modified_gmt":"2025-10-31T11:31:31","slug":"stencil-attrice-cinema-pld001","status":"publish","type":"product","link":"https:\/\/mes-pochoirs.com\/it\/produit\/pochoir-actrice-cinema-pld001","title":{"rendered":"Stencil da collezione \"Pop Legends\" - PLD001"},"content":{"rendered":"<h2>stencil per attrice cinematografica<\/h2>\n<h3>un'icona dagli occhi accattivanti<\/h3>\n<p>Questo <strong>stencil per attrice cinematografica<\/strong> cattura l'essenza del glamour e del potere delle grandi leggende della settima arte. Questo ritratto mette in risalto i tratti intensi ed espressivi ispirati a un'attrice britannica, una vera e propria celebrit\u00e0 il cui volto segnato da occhi profondi e da una bocca sensuale evoca il <strong>Grandezza hollywoodiana<\/strong>. Questo stencil \u00e8 molto di pi\u00f9 di un semplice strumento creativo: porta con s\u00e9 una storia, quella di questi <strong>personalit\u00e0 femminili<\/strong> sono diventati <strong>icone<\/strong> senza tempo. Invita ogni artista a dare la propria interpretazione di questo tema senza tempo. <strong>star del cinema<\/strong>Ogni creazione \u00e8 un'opera d'arte unica e vibrante.<\/p>\n<h3>uno stile pop art<\/h3>\n<p>Questo <strong>stencil per attrice cinematografica<\/strong> \u00e8 pienamente in linea con il patrimonio di <strong>pop art<\/strong>con i suoi contrasti e le sue grafiche chiare. Ispirato a <strong>manifesti cinematografici<\/strong> e affreschi urbani, fonde l'eleganza classica della <strong>ritratti di celebrit\u00e0<\/strong> con l'energia grezza della street art. Questo stencil \u00e8 perfetto per vestire una parete, personalizzare un mobile o valorizzare una tela. Utilizzando questo stencil, i designer possono dare vita a una figura mitica affermando il proprio stile. \u00c8 uno strumento stimolante, pensato per chi vuole raccontare una storia potente attraverso la propria arte, celebrare le icone del cinema o esprimere la propria passione per le personalit\u00e0 che hanno plasmato la cultura popolare.<\/p>","protected":false},"excerpt":{"rendered":"<p><strong>Stencil per attrice cinematografica<\/strong> per valorizzare il vostro dipinto, quadro o opera d'arte. I nostri modelli sono riutilizzabili, di alta qualit\u00e0, reversibili e in diverse dimensioni!<\/p>","protected":false},"featured_media":21736,"comment_status":"open","ping_status":"closed","template":"","meta":{"bwfblock_default_font":"","_kad_blocks_custom_css":"","_kad_blocks_head_custom_js":"","_kad_blocks_body_custom_js":"","_kad_blocks_footer_custom_js":"","_kadence_starter_templates_imported_post":false,"_kad_post_transparent":"default","_kad_post_title":"","_kad_post_layout":"default","_kad_post_sidebar_id":"","_kad_post_content_style":"default","_kad_post_vertical_padding":"default","_kad_post_feature":"","_kad_post_feature_position":"","_kad_post_header":false,"_kad_post_footer":false,"_kad_post_classname":""},"product_brand":[1415],"product_cat":[1190,481,732,332,36],"product_tag":[1193,1194,340,824,471,1191,1192,333,390,478,338],"class_list":{"0":"post-21434","1":"product","2":"type-product","3":"status-publish","4":"has-post-thumbnail","6":"product_brand-mes-pochoirs","7":"product_cat-pop-legends","8":"product_cat-collections","9":"product_cat-pochoirs-icones-celebrites","10":"product_cat-pochoirs-pop-art","11":"product_cat-pochoirs-portraits-visages","12":"product_tag-actrice","13":"product_tag-britannique","14":"product_tag-celebrite","15":"product_tag-cinema","16":"product_tag-icone","17":"product_tag-legende","18":"product_tag-personnalite","19":"product_tag-pop-art","20":"product_tag-portrait","21":"product_tag-stars","22":"product_tag-visage","24":"first","25":"instock","26":"taxable","27":"shipping-taxable","28":"purchasable","29":"product-type-variable","30":"has-default-attributes","31":"entry","32":"content-bg","33":"loop-entry"},"taxonomy_info":{"product_brand":[{"value":1415,"label":"Mes Pochoirs"}],"product_cat":[{"value":1190,"label":"Pop Legends"},{"value":481,"label":"Collections"},{"value":732,"label":"Ic\u00f4nes &amp; C\u00e9l\u00e9brit\u00e9s"},{"value":332,"label":"Pop Art"},{"value":36,"label":"Portraits &amp; Visages"}],"product_tag":[{"value":1193,"label":"actrice"},{"value":1194,"label":"britannique"},{"value":340,"label":"c\u00e9l\u00e9brit\u00e9"},{"value":824,"label":"cin\u00e9ma"},{"value":471,"label":"icone"},{"value":1191,"label":"l\u00e9gende"},{"value":1192,"label":"personnalit\u00e9"},{"value":333,"label":"pop art"},{"value":390,"label":"portrait"},{"value":478,"label":"stars"},{"value":338,"label":"visage"}]},"featured_image_src_large":["https:\/\/mes-pochoirs.com\/wp-content\/uploads\/2025\/03\/PLD001-pochoir-pop-legends-copyright-mes-pochoirs-858x1030.jpg",858,1030,true],"author_info":[],"comment_info":0,"_links":{"self":[{"href":"https:\/\/mes-pochoirs.com\/it\/wp-json\/wp\/v2\/product\/21434","targetHints":{"allow":["GET"]}}],"collection":[{"href":"https:\/\/mes-pochoirs.com\/it\/wp-json\/wp\/v2\/product"}],"about":[{"href":"https:\/\/mes-pochoirs.com\/it\/wp-json\/wp\/v2\/types\/product"}],"replies":[{"embeddable":true,"href":"https:\/\/mes-pochoirs.com\/it\/wp-json\/wp\/v2\/comments?post=21434"}],"wp:featuredmedia":[{"embeddable":true,"href":"https:\/\/mes-pochoirs.com\/it\/wp-json\/wp\/v2\/media\/21736"}],"wp:attachment":[{"href":"https:\/\/mes-pochoirs.com\/it\/wp-json\/wp\/v2\/media?parent=21434"}],"wp:term":[{"taxonomy":"product_brand","embeddable":true,"href":"https:\/\/mes-pochoirs.com\/it\/wp-json\/wp\/v2\/product_brand?post=21434"},{"taxonomy":"product_cat","embeddable":true,"href":"https:\/\/mes-pochoirs.com\/it\/wp-json\/wp\/v2\/product_cat?post=21434"},{"taxonomy":"product_tag","embeddable":true,"href":"https:\/\/mes-pochoirs.com\/it\/wp-json\/wp\/v2\/product_tag?post=21434"}],"curies":[{"name":"wp","href":"https:\/\/api.w.org\/{rel}","templated":true}]}}