{"id":21473,"date":"2025-03-05T15:17:17","date_gmt":"2025-03-05T14:17:17","guid":{"rendered":"https:\/\/mes-pochoirs.com\/?post_type=product&#038;p=21473"},"modified":"2025-10-31T12:31:41","modified_gmt":"2025-10-31T11:31:41","slug":"stencil-grunge-legende-pld006","status":"publish","type":"product","link":"https:\/\/mes-pochoirs.com\/it\/produit\/pochoir-grunge-legende-pld006","title":{"rendered":"Stencil da collezione \"Pop Legends\" - PLD006"},"content":{"rendered":"<h2>leggenda dello stencil grunge<\/h2>\n<h3>Un volto iconico ricco di storia ed emozioni<\/h3>\n<p>Immergetevi nel mondo delle grandi icone della musica con questo <strong>leggenda dello stencil grunge<\/strong>. Questo ritratto \u00e8 ispirato a un'icona che ha lasciato il segno nella storia del rock. Cattura l'anima tormentata di questa star della musica. Pi\u00f9 che un semplice volto, questo stencil racconta una storia, la storia di una personalit\u00e0 ribelle, il cantante di una band di culto i cui testi risuonano ancora oggi. Che siate appassionati di pop art, fan di gruppi rock leggendari o artisti urbani in cerca di una fonte di ispirazione, questo stencil vi invita a far rivivere l'aura senza tempo di una star del grunge.<\/p>\n<h3>Uno stile grafico crudo e incisivo<\/h3>\n<p>Questo <strong>leggenda dello stencil grunge<\/strong> adotta uno stile artistico vicino alla <strong>arte di strada<\/strong> e <strong>pop art<\/strong>perfetto per aggiungere carattere ai vostri progetti. Le texture grezze, gli schizzi e gli effetti grafici aggiungono una forte dinamica, ideale per esprimere emozioni intense o messaggi impegnati. Cos\u00ec questo stencil diventa molto pi\u00f9 di uno strumento creativo: \u00e8 una porta d'accesso all'arte libera e diretta che sfida e mette alla prova. Da utilizzare su tela, pareti, tessuti o mobili, potrete dare alla vostra opera la potente impronta di uno \"stencil\". <strong>leggenda del grunge<\/strong>una celebrit\u00e0 indimenticabile che continua a ispirare il mondo dell'arte.<\/p>","protected":false},"excerpt":{"rendered":"<p><strong>Stencil leggenda grunge<\/strong> per pittura e lavagne. Riutilizzabili, reversibili, di alta qualit\u00e0, di diverse dimensioni per tutti i vostri lavori.<\/p>","protected":false},"featured_media":21733,"comment_status":"open","ping_status":"closed","template":"","meta":{"bwfblock_default_font":"","_kad_blocks_custom_css":"","_kad_blocks_head_custom_js":"","_kad_blocks_body_custom_js":"","_kad_blocks_footer_custom_js":"","_kadence_starter_templates_imported_post":false,"_kad_post_transparent":"default","_kad_post_title":"","_kad_post_layout":"default","_kad_post_sidebar_id":"","_kad_post_content_style":"default","_kad_post_vertical_padding":"default","_kad_post_feature":"","_kad_post_feature_position":"","_kad_post_header":false,"_kad_post_footer":false,"_kad_post_classname":""},"product_brand":[1415],"product_cat":[1190,481,732,332,36],"product_tag":[340,1196,1198,1199,471,1191,445,1192,333,390,560,478,338],"class_list":{"0":"post-21473","1":"product","2":"type-product","3":"status-publish","4":"has-post-thumbnail","6":"product_brand-mes-pochoirs","7":"product_cat-pop-legends","8":"product_cat-collections","9":"product_cat-pochoirs-icones-celebrites","10":"product_cat-pochoirs-pop-art","11":"product_cat-pochoirs-portraits-visages","12":"product_tag-celebrite","13":"product_tag-chanteur","14":"product_tag-groupe","15":"product_tag-grunge","16":"product_tag-icone","17":"product_tag-legende","18":"product_tag-musique","19":"product_tag-personnalite","20":"product_tag-pop-art","21":"product_tag-portrait","22":"product_tag-rock","23":"product_tag-stars","24":"product_tag-visage","26":"first","27":"instock","28":"taxable","29":"shipping-taxable","30":"purchasable","31":"product-type-variable","32":"has-default-attributes","33":"entry","34":"content-bg","35":"loop-entry"},"taxonomy_info":{"product_brand":[{"value":1415,"label":"Mes Pochoirs"}],"product_cat":[{"value":1190,"label":"Pop Legends"},{"value":481,"label":"Collections"},{"value":732,"label":"Ic\u00f4nes &amp; C\u00e9l\u00e9brit\u00e9s"},{"value":332,"label":"Pop Art"},{"value":36,"label":"Portraits &amp; Visages"}],"product_tag":[{"value":340,"label":"c\u00e9l\u00e9brit\u00e9"},{"value":1196,"label":"chanteur"},{"value":1198,"label":"groupe"},{"value":1199,"label":"grunge"},{"value":471,"label":"icone"},{"value":1191,"label":"l\u00e9gende"},{"value":445,"label":"musique"},{"value":1192,"label":"personnalit\u00e9"},{"value":333,"label":"pop art"},{"value":390,"label":"portrait"},{"value":560,"label":"Rock"},{"value":478,"label":"stars"},{"value":338,"label":"visage"}]},"featured_image_src_large":["https:\/\/mes-pochoirs.com\/wp-content\/uploads\/2025\/03\/PLD006-pochoir-pop-legends-copyright-mes-pochoirs-858x1030.jpg",858,1030,true],"author_info":[],"comment_info":0,"_links":{"self":[{"href":"https:\/\/mes-pochoirs.com\/it\/wp-json\/wp\/v2\/product\/21473","targetHints":{"allow":["GET"]}}],"collection":[{"href":"https:\/\/mes-pochoirs.com\/it\/wp-json\/wp\/v2\/product"}],"about":[{"href":"https:\/\/mes-pochoirs.com\/it\/wp-json\/wp\/v2\/types\/product"}],"replies":[{"embeddable":true,"href":"https:\/\/mes-pochoirs.com\/it\/wp-json\/wp\/v2\/comments?post=21473"}],"wp:featuredmedia":[{"embeddable":true,"href":"https:\/\/mes-pochoirs.com\/it\/wp-json\/wp\/v2\/media\/21733"}],"wp:attachment":[{"href":"https:\/\/mes-pochoirs.com\/it\/wp-json\/wp\/v2\/media?parent=21473"}],"wp:term":[{"taxonomy":"product_brand","embeddable":true,"href":"https:\/\/mes-pochoirs.com\/it\/wp-json\/wp\/v2\/product_brand?post=21473"},{"taxonomy":"product_cat","embeddable":true,"href":"https:\/\/mes-pochoirs.com\/it\/wp-json\/wp\/v2\/product_cat?post=21473"},{"taxonomy":"product_tag","embeddable":true,"href":"https:\/\/mes-pochoirs.com\/it\/wp-json\/wp\/v2\/product_tag?post=21473"}],"curies":[{"name":"wp","href":"https:\/\/api.w.org\/{rel}","templated":true}]}}