{"id":21485,"date":"2025-03-05T15:38:19","date_gmt":"2025-03-05T14:38:19","guid":{"rendered":"https:\/\/mes-pochoirs.com\/?post_type=product&#038;p=21485"},"modified":"2025-10-31T12:31:45","modified_gmt":"2025-10-31T11:31:45","slug":"stencil-attrice-di-hollywood-pld008","status":"publish","type":"product","link":"https:\/\/mes-pochoirs.com\/it\/produit\/pochoir-actrice-hollywoodienne-pld008","title":{"rendered":"Stencil da collezione \"Pop Legends\" - PLD008"},"content":{"rendered":"<h2>Stencil per attrice di Hollywood<\/h2>\n<h3>Un ritratto che cattura l'essenza di una leggenda<\/h3>\n<p>Immergetevi nel mondo del glamour e del mistero con questa <strong>Stencil per attrice di Hollywood<\/strong>ispirato a un'icona cinematografica senza tempo. Questo <strong>ritratto<\/strong>\u00a0cattura tutta l'intensit\u00e0 di uno sguardo indimenticabile e la forza di una personalit\u00e0 che ha segnato la storia del mondo. <strong>Hollywood<\/strong> d'oro. La sua espressione sicura e al tempo stesso misteriosa \u00e8 immediatamente accattivante e ricorda quelle star la cui sola presenza era sufficiente a infiammare lo schermo. Con questo <strong>Stencil per attrice di Hollywood<\/strong>Ogni caratteristica, dagli occhi penetranti alle labbra glamour e ai capelli voluminosi, racconta una storia di celebrit\u00e0, carisma ed eleganza. Invita gli artisti a giocare con i contrasti e a infondere nelle loro creazioni l'aura leggendaria che attraversa i secoli. Che vogliate esprimere la bellezza classica, il fascino delle stelle o un messaggio pi\u00f9 impegnato sull'ambiente, abbiamo qualcosa che fa per voi.<strong>l'immagine della donna nel cinema<\/strong>lo stencil diventa uno strumento narrativo a s\u00e9 stante.<\/p>\n<h3>Uno stile artistico a met\u00e0 tra la pop art e la street art<\/h3>\n<p>Questo <strong>Stencil per attrice di Hollywood<\/strong> fa parte di un <strong>stile pop art<\/strong> audace, che combina la potenza dei ritratti delle celebrit\u00e0 con l'energia grezza della street art. I suoi contrasti netti e i suoi motivi a punti ricordano i manifesti cinematografici degli anni '60, ma si adattano perfettamente a un'estetica contemporanea. Progettato per ispirare artisti urbani, designer di mobili personalizzati e chiunque abbia la passione per le decorazioni originali, questo stencil trasforma qualsiasi superficie in una tela espressiva, piena di carattere. Pu\u00f2 essere utilizzato per creare affreschi di grande effetto, aggiungere texture alle pareti o dare un tocco di personalit\u00e0 alle vostre opere pi\u00f9 audaci. Con questo stencil di attrice hollywoodiana, date libero sfogo alla vostra immaginazione e osate seguire le orme dei grandi artisti della pop art, rendendo omaggio alle star pi\u00f9 famose del nostro tempo. <strong>grandi stelle<\/strong> da <strong>Cinema di Hollywood<\/strong>.<\/p>","protected":false},"excerpt":{"rendered":"<p><strong>Stencil attrice di Hollywood<\/strong> per creare pop art su una parete o un quadro. Riutilizzabile, reversibile, di alta qualit\u00e0, disponibile in diverse dimensioni.<\/p>","protected":false},"featured_media":21621,"comment_status":"open","ping_status":"closed","template":"","meta":{"bwfblock_default_font":"","_kad_blocks_custom_css":"","_kad_blocks_head_custom_js":"","_kad_blocks_body_custom_js":"","_kad_blocks_footer_custom_js":"","_kadence_starter_templates_imported_post":false,"_kad_post_transparent":"default","_kad_post_title":"","_kad_post_layout":"default","_kad_post_sidebar_id":"","_kad_post_content_style":"default","_kad_post_vertical_padding":"default","_kad_post_feature":"","_kad_post_feature_position":"","_kad_post_header":false,"_kad_post_footer":false,"_kad_post_classname":""},"product_brand":[1415],"product_cat":[1190,481,732,332,36],"product_tag":[1193,340,824,1201,471,1191,1192,333,390,478,338],"class_list":{"0":"post-21485","1":"product","2":"type-product","3":"status-publish","4":"has-post-thumbnail","6":"product_brand-mes-pochoirs","7":"product_cat-pop-legends","8":"product_cat-collections","9":"product_cat-pochoirs-icones-celebrites","10":"product_cat-pochoirs-pop-art","11":"product_cat-pochoirs-portraits-visages","12":"product_tag-actrice","13":"product_tag-celebrite","14":"product_tag-cinema","15":"product_tag-hollywood","16":"product_tag-icone","17":"product_tag-legende","18":"product_tag-personnalite","19":"product_tag-pop-art","20":"product_tag-portrait","21":"product_tag-stars","22":"product_tag-visage","24":"first","25":"instock","26":"taxable","27":"shipping-taxable","28":"purchasable","29":"product-type-variable","30":"has-default-attributes","31":"entry","32":"content-bg","33":"loop-entry"},"taxonomy_info":{"product_brand":[{"value":1415,"label":"Mes Pochoirs"}],"product_cat":[{"value":1190,"label":"Pop Legends"},{"value":481,"label":"Collections"},{"value":732,"label":"Ic\u00f4nes &amp; C\u00e9l\u00e9brit\u00e9s"},{"value":332,"label":"Pop Art"},{"value":36,"label":"Portraits &amp; Visages"}],"product_tag":[{"value":1193,"label":"actrice"},{"value":340,"label":"c\u00e9l\u00e9brit\u00e9"},{"value":824,"label":"cin\u00e9ma"},{"value":1201,"label":"Hollywood"},{"value":471,"label":"icone"},{"value":1191,"label":"l\u00e9gende"},{"value":1192,"label":"personnalit\u00e9"},{"value":333,"label":"pop art"},{"value":390,"label":"portrait"},{"value":478,"label":"stars"},{"value":338,"label":"visage"}]},"featured_image_src_large":["https:\/\/mes-pochoirs.com\/wp-content\/uploads\/2025\/03\/PLD008-pochoir-collection-pop-legends-copyright-mes-pochoirs-858x1030.jpg",858,1030,true],"author_info":[],"comment_info":0,"_links":{"self":[{"href":"https:\/\/mes-pochoirs.com\/it\/wp-json\/wp\/v2\/product\/21485","targetHints":{"allow":["GET"]}}],"collection":[{"href":"https:\/\/mes-pochoirs.com\/it\/wp-json\/wp\/v2\/product"}],"about":[{"href":"https:\/\/mes-pochoirs.com\/it\/wp-json\/wp\/v2\/types\/product"}],"replies":[{"embeddable":true,"href":"https:\/\/mes-pochoirs.com\/it\/wp-json\/wp\/v2\/comments?post=21485"}],"wp:featuredmedia":[{"embeddable":true,"href":"https:\/\/mes-pochoirs.com\/it\/wp-json\/wp\/v2\/media\/21621"}],"wp:attachment":[{"href":"https:\/\/mes-pochoirs.com\/it\/wp-json\/wp\/v2\/media?parent=21485"}],"wp:term":[{"taxonomy":"product_brand","embeddable":true,"href":"https:\/\/mes-pochoirs.com\/it\/wp-json\/wp\/v2\/product_brand?post=21485"},{"taxonomy":"product_cat","embeddable":true,"href":"https:\/\/mes-pochoirs.com\/it\/wp-json\/wp\/v2\/product_cat?post=21485"},{"taxonomy":"product_tag","embeddable":true,"href":"https:\/\/mes-pochoirs.com\/it\/wp-json\/wp\/v2\/product_tag?post=21485"}],"curies":[{"name":"wp","href":"https:\/\/api.w.org\/{rel}","templated":true}]}}