{"id":21491,"date":"2025-03-05T15:51:43","date_gmt":"2025-03-05T14:51:43","guid":{"rendered":"https:\/\/mes-pochoirs.com\/?post_type=product&#038;p=21491"},"modified":"2025-10-31T12:31:47","modified_gmt":"2025-10-31T11:31:47","slug":"stencil-king-of-rock-pld009","status":"publish","type":"product","link":"https:\/\/mes-pochoirs.com\/it\/produit\/pochoir-roi-du-rock-pld009","title":{"rendered":"Stencil da collezione \"Pop Legends\" - PLD009"},"content":{"rendered":"<h2>Re del Rock Stencil<\/h2>\n<h3>Un ritratto leggendario che scatta come un riff di chitarra<\/h3>\n<p>Lasciatevi sedurre dal <strong>Re del Rock Stencil<\/strong>Un pezzo imperdibile che cattura l'essenza stessa della celebrit\u00e0 e del rock. Questo <strong>ritratto<\/strong> L'immagine audace ritrae un'icona dall'atteggiamento provocatorio, con capelli cotonati e occhi penetranti come una nota di chitarra elettrica. Tra <strong>leggenda<\/strong> Personalit\u00e0 ribelle e senza tempo, questo volto evoca la libert\u00e0, la grinta e l'energia grezza della musica che ha plasmato intere generazioni. Questo stencil \u00e8 molto pi\u00f9 di un semplice motivo: porta con s\u00e9 un potente messaggio di espressione senza filtri e di creativit\u00e0 sfrenata. Sia che si voglia aggiungere carattere a un <strong>lavoro artistico<\/strong>Che si tratti di personalizzare una parete o di firmare una creazione personale, questo stencil invita ogni artista a osare e a lasciare il proprio segno nel mondo dell'arte urbana.<\/p>\n<h3>un sorprendente stile pop art per esaltare la vostra creativit\u00e0<\/h3>\n<p>Le <strong>Re del Rock Stencil<\/strong> \u00e8 nella pura tradizione di <strong>stile pop art<\/strong>con i suoi contrasti sorprendenti e l'estetica grafica immediatamente riconoscibile. Questo ritratto stilizzato gioca con luci e ombre per creare un volto potente, pronto ad avere un impatto immediato. Ispirato alle tecniche della street art, questo stencil si presta a una moltitudine di superfici: tele, mobili, pareti o oggetti decorativi, dando libero sfogo a tutti i vostri desideri creativi. Con questo stencil, ogni artista pu\u00f2 evocare l'aura di una star, di un cantante leggendario, di un re del palcoscenico e reinterpretare la sua immagine con un tocco personale. Pi\u00f9 che uno strumento, \u00e8 un invito a giocare con i codici della celebrit\u00e0, a reinventare l'icona e a lasciare il proprio segno nel mondo della musica, dell'arte e della cultura pop.<\/p>","protected":false},"excerpt":{"rendered":"<p><strong>Re del Rock Stencil<\/strong> Riutilizzabili per dipinti, quadri o opere d'arte uniche. Alta qualit\u00e0, reversibili, disponibili in diverse misure.<\/p>","protected":false},"featured_media":21731,"comment_status":"open","ping_status":"closed","template":"","meta":{"bwfblock_default_font":"","_kad_blocks_custom_css":"","_kad_blocks_head_custom_js":"","_kad_blocks_body_custom_js":"","_kad_blocks_footer_custom_js":"","_kadence_starter_templates_imported_post":false,"_kad_post_transparent":"default","_kad_post_title":"","_kad_post_layout":"default","_kad_post_sidebar_id":"","_kad_post_content_style":"default","_kad_post_vertical_padding":"default","_kad_post_feature":"","_kad_post_feature_position":"","_kad_post_header":false,"_kad_post_footer":false,"_kad_post_classname":""},"product_brand":[1415],"product_cat":[1190,481,732,332,36],"product_tag":[340,1196,471,1191,445,1192,333,390,560,1202,478,338],"class_list":{"0":"post-21491","1":"product","2":"type-product","3":"status-publish","4":"has-post-thumbnail","6":"product_brand-mes-pochoirs","7":"product_cat-pop-legends","8":"product_cat-collections","9":"product_cat-pochoirs-icones-celebrites","10":"product_cat-pochoirs-pop-art","11":"product_cat-pochoirs-portraits-visages","12":"product_tag-celebrite","13":"product_tag-chanteur","14":"product_tag-icone","15":"product_tag-legende","16":"product_tag-musique","17":"product_tag-personnalite","18":"product_tag-pop-art","19":"product_tag-portrait","20":"product_tag-rock","21":"product_tag-roi","22":"product_tag-stars","23":"product_tag-visage","25":"first","26":"instock","27":"taxable","28":"shipping-taxable","29":"purchasable","30":"product-type-variable","31":"has-default-attributes","32":"entry","33":"content-bg","34":"loop-entry"},"taxonomy_info":{"product_brand":[{"value":1415,"label":"Mes Pochoirs"}],"product_cat":[{"value":1190,"label":"Pop Legends"},{"value":481,"label":"Collections"},{"value":732,"label":"Ic\u00f4nes &amp; C\u00e9l\u00e9brit\u00e9s"},{"value":332,"label":"Pop Art"},{"value":36,"label":"Portraits &amp; Visages"}],"product_tag":[{"value":340,"label":"c\u00e9l\u00e9brit\u00e9"},{"value":1196,"label":"chanteur"},{"value":471,"label":"icone"},{"value":1191,"label":"l\u00e9gende"},{"value":445,"label":"musique"},{"value":1192,"label":"personnalit\u00e9"},{"value":333,"label":"pop art"},{"value":390,"label":"portrait"},{"value":560,"label":"Rock"},{"value":1202,"label":"roi"},{"value":478,"label":"stars"},{"value":338,"label":"visage"}]},"featured_image_src_large":["https:\/\/mes-pochoirs.com\/wp-content\/uploads\/2025\/03\/PLD009-pochoir-pop-legends-copyright-mes-pochoirs-858x1030.jpg",858,1030,true],"author_info":[],"comment_info":0,"_links":{"self":[{"href":"https:\/\/mes-pochoirs.com\/it\/wp-json\/wp\/v2\/product\/21491","targetHints":{"allow":["GET"]}}],"collection":[{"href":"https:\/\/mes-pochoirs.com\/it\/wp-json\/wp\/v2\/product"}],"about":[{"href":"https:\/\/mes-pochoirs.com\/it\/wp-json\/wp\/v2\/types\/product"}],"replies":[{"embeddable":true,"href":"https:\/\/mes-pochoirs.com\/it\/wp-json\/wp\/v2\/comments?post=21491"}],"wp:featuredmedia":[{"embeddable":true,"href":"https:\/\/mes-pochoirs.com\/it\/wp-json\/wp\/v2\/media\/21731"}],"wp:attachment":[{"href":"https:\/\/mes-pochoirs.com\/it\/wp-json\/wp\/v2\/media?parent=21491"}],"wp:term":[{"taxonomy":"product_brand","embeddable":true,"href":"https:\/\/mes-pochoirs.com\/it\/wp-json\/wp\/v2\/product_brand?post=21491"},{"taxonomy":"product_cat","embeddable":true,"href":"https:\/\/mes-pochoirs.com\/it\/wp-json\/wp\/v2\/product_cat?post=21491"},{"taxonomy":"product_tag","embeddable":true,"href":"https:\/\/mes-pochoirs.com\/it\/wp-json\/wp\/v2\/product_tag?post=21491"}],"curies":[{"name":"wp","href":"https:\/\/api.w.org\/{rel}","templated":true}]}}