{"id":21641,"date":"2025-03-04T14:59:21","date_gmt":"2025-03-04T13:59:21","guid":{"rendered":"https:\/\/mes-pochoirs.com\/?post_type=product&#038;p=21641"},"modified":"2025-10-31T12:31:55","modified_gmt":"2025-10-31T11:31:55","slug":"a0072-stencil-zampa-di-cane","status":"publish","type":"product","link":"https:\/\/mes-pochoirs.com\/it\/produit\/pochoir-patte-de-chien-a0072","title":{"rendered":"Stencil per zampe di cane - A0072"},"content":{"rendered":"<h2>Stencil a forma di zampa di cane<\/h2>\n<h3>Un'impronta che racconta una storia<\/h3>\n<p><strong>Stencil a forma di zampa di cane<\/strong> cattura molto pi\u00f9 di una semplice traccia. Evoca la presenza fedele e protettiva del nostro <strong>compagni<\/strong> incidendo il loro passaggio nelle vostre creazioni. Ogni <strong>cuscinetto<\/strong> e ogni<strong> artiglio<\/strong> disegnati su questo stencil richiamano l'istinto, la libert\u00e0 e l'energia di un animale in movimento, sia esso un vigile Pastore Tedesco, un instancabile Husky, un giocoso Labrador o un dispettoso Jack Russell.  Aggiunge una forte dimensione emotiva ai vostri progetti artistici: quella del legame indistruttibile tra l'uomo e il suo compagno di vita, quella di una passeggiata nella natura, quella di un sogno che si realizza. <strong>natura<\/strong> dove ogni stampa diventa un prezioso souvenir. Questo stencil \u00e8 fonte di ispirazione sia per gli appassionati di decorazioni animali che per gli artisti che vogliono esprimere un messaggio forte attraverso il loro lavoro.<\/p>\n<h3>Uno stile crudo ed espressivo per la vostra creativit\u00e0<\/h3>\n<p><strong>Stencil a forma di zampa di cane<\/strong> adotta uno stile visivo autentico e sorprendente. I contorni dinamici e i dettagli del <strong>pastiglie<\/strong> e <strong>artigli<\/strong> forniscono un forte effetto grafico, perfetto per creazioni su tela, personalizzazioni di tessuti o murales ispirati alla natura e agli animali. Qualunque sia la razza che vi ispira, questo stencil vi permette di giocare con le texture, le sovrapposizioni di colore e i contrasti per dare a ogni animale un aspetto unico. <strong>impronta<\/strong> una personalit\u00e0 unica. Pu\u00f2 essere adattato a qualsiasi superficie: pareti, mobili, abiti o quaderni d'arte, dando ai designer la totale libert\u00e0 di dare sfogo alla loro immaginazione, sempre guidati dal forte simbolismo della \"S\". <strong>cane<\/strong> protettivo e fedele.<\/p>","protected":false},"excerpt":{"rendered":"<p><strong>Stencil a forma di zampa di cane<\/strong> per pittura, quadri o opere d'arte. Riutilizzabili, reversibili, di alta qualit\u00e0 e disponibili in diverse dimensioni.<\/p>","protected":false},"featured_media":21630,"comment_status":"open","ping_status":"closed","template":"","meta":{"bwfblock_default_font":"","_kad_blocks_custom_css":"","_kad_blocks_head_custom_js":"","_kad_blocks_body_custom_js":"","_kad_blocks_footer_custom_js":"","_kadence_starter_templates_imported_post":false,"_kad_post_transparent":"default","_kad_post_title":"","_kad_post_layout":"default","_kad_post_sidebar_id":"","_kad_post_content_style":"default","_kad_post_vertical_padding":"default","_kad_post_feature":"","_kad_post_feature_position":"","_kad_post_header":false,"_kad_post_footer":false,"_kad_post_classname":""},"product_brand":[1415],"product_cat":[364],"product_tag":[367,710,708,1209,1207,1206,1211,1205,1208],"class_list":{"0":"post-21641","1":"product","2":"type-product","3":"status-publish","4":"has-post-thumbnail","6":"product_brand-mes-pochoirs","7":"product_cat-pochoirs-animaux","8":"product_tag-animal","9":"product_tag-animal-de-compagnie","10":"product_tag-chien","11":"product_tag-compagnon","12":"product_tag-coussinets","13":"product_tag-empreinte","14":"product_tag-griffes","15":"product_tag-patte","16":"product_tag-trace","18":"first","19":"instock","20":"taxable","21":"shipping-taxable","22":"purchasable","23":"product-type-variable","24":"has-default-attributes","25":"entry","26":"content-bg","27":"loop-entry"},"taxonomy_info":{"product_brand":[{"value":1415,"label":"Mes Pochoirs"}],"product_cat":[{"value":364,"label":"Animaux"}],"product_tag":[{"value":367,"label":"animal"},{"value":710,"label":"animal de compagnie"},{"value":708,"label":"chien"},{"value":1209,"label":"compagnon"},{"value":1207,"label":"coussinets"},{"value":1206,"label":"empreinte"},{"value":1211,"label":"griffes"},{"value":1205,"label":"patte"},{"value":1208,"label":"trace"}]},"featured_image_src_large":["https:\/\/mes-pochoirs.com\/wp-content\/uploads\/2025\/03\/A0072-pochoir-patte-chien-copyright-mes-pochoirs-858x1030.jpg",858,1030,true],"author_info":[],"comment_info":0,"_links":{"self":[{"href":"https:\/\/mes-pochoirs.com\/it\/wp-json\/wp\/v2\/product\/21641","targetHints":{"allow":["GET"]}}],"collection":[{"href":"https:\/\/mes-pochoirs.com\/it\/wp-json\/wp\/v2\/product"}],"about":[{"href":"https:\/\/mes-pochoirs.com\/it\/wp-json\/wp\/v2\/types\/product"}],"replies":[{"embeddable":true,"href":"https:\/\/mes-pochoirs.com\/it\/wp-json\/wp\/v2\/comments?post=21641"}],"wp:featuredmedia":[{"embeddable":true,"href":"https:\/\/mes-pochoirs.com\/it\/wp-json\/wp\/v2\/media\/21630"}],"wp:attachment":[{"href":"https:\/\/mes-pochoirs.com\/it\/wp-json\/wp\/v2\/media?parent=21641"}],"wp:term":[{"taxonomy":"product_brand","embeddable":true,"href":"https:\/\/mes-pochoirs.com\/it\/wp-json\/wp\/v2\/product_brand?post=21641"},{"taxonomy":"product_cat","embeddable":true,"href":"https:\/\/mes-pochoirs.com\/it\/wp-json\/wp\/v2\/product_cat?post=21641"},{"taxonomy":"product_tag","embeddable":true,"href":"https:\/\/mes-pochoirs.com\/it\/wp-json\/wp\/v2\/product_tag?post=21641"}],"curies":[{"name":"wp","href":"https:\/\/api.w.org\/{rel}","templated":true}]}}