{"id":21695,"date":"2025-03-04T15:26:48","date_gmt":"2025-03-04T14:26:48","guid":{"rendered":"https:\/\/mes-pochoirs.com\/?post_type=product&#038;p=21695"},"modified":"2025-10-31T12:32:02","modified_gmt":"2025-10-31T11:32:02","slug":"stencil-stampa-lupo-a0076","status":"publish","type":"product","link":"https:\/\/mes-pochoirs.com\/it\/produit\/pochoir-empreinte-de-loup-a0076","title":{"rendered":"Stencil per impronte di lupo - A0076"},"content":{"rendered":"<h2>Stencil per impronte di lupo<\/h2>\n<h3>Un percorso selvaggio pieno di simboli<\/h3>\n<p>Con il <strong>Stencil per impronte di lupo<\/strong>Lasciatevi trasportare nel cuore della foresta, dove ogni zampa racconta una storia. Questa stampa meticolosamente disegnata cattura la forza cruda di questo animale mitico, messaggero della natura selvaggia. I contorni netti delle zampe e degli artigli evocano sia la potenza del branco sia la maestosa solitudine del lupo solitario, che traccia il suo segno sulla terra umida. Questo stencil richiama anche l'eredit\u00e0 di alcune razze, come il Cane Lupo Cecoslovacco, la cui silhouette selvaggia ricorda quella del suo antenato, o l'Husky, abituato ai grandi spazi aperti. Utilizzando questo stencil, si d\u00e0 vita a un simbolo universale della natura libera, dell'istinto puro e del profondo legame tra uomo e animale.<strong>.<\/strong> Che siate appassionati di fauna selvatica, amanti dei grandi spazi aperti o designer in cerca di simboli forti, questo stencil accender\u00e0 sicuramente la vostra immaginazione. Vi invita a esplorare l'antico legame tra la traccia lasciata e la storia che racconta.<\/p>\n<h3>Uno strumento artistico con uno stile crudo e potente<\/h3>\n<p>Le <strong>Stencil per impronte di lupo<\/strong> \u00e8 molto pi\u00f9 di un semplice disegno: \u00e8 un vero e proprio strumento creativo per i vostri progetti artistici e decorativi. Il suo stile minimalista ma potente pu\u00f2 essere adattato a qualsiasi superficie, da pareti e tele a mobili e tessuti. Evoca una duplice identit\u00e0: la zampa del lupo selvaggio e quella di cani dallo spirito libero come il Malamute o il Pastore Tedesco, compagni protettivi e avventurosi al tempo stesso. Grazie alla finezza dei ritagli, ogni stampa riprodotta conserva tutta l'autenticit\u00e0 di una vera impronta di zampa. Utilizzato per creare un'atmosfera da foresta selvaggia in una camera da letto, per abbellire un affresco urbano o per personalizzare un oggetto decorativo, questo stencil attira subito l'attenzione. Gioca sul contrasto tra la semplicit\u00e0 della stampa e il potere evocativo del lupo, creando un forte impatto visivo che rimane impresso nel tempo. Questo stencil per animali si presta bene sia a creazioni naturalistiche che a composizioni pi\u00f9 contemporanee o simboliche.<\/p>","protected":false},"excerpt":{"rendered":"<p><strong>Stencil per impronte di lupo<\/strong> Riutilizzabili di alta qualit\u00e0 per quadri, immagini o decorazioni naturalistiche. Diverse misure disponibili.<\/p>","protected":false},"featured_media":21634,"comment_status":"open","ping_status":"closed","template":"","meta":{"bwfblock_default_font":"","_kad_blocks_custom_css":"","_kad_blocks_head_custom_js":"","_kad_blocks_body_custom_js":"","_kad_blocks_footer_custom_js":"","_kadence_starter_templates_imported_post":false,"_kad_post_transparent":"default","_kad_post_title":"","_kad_post_layout":"default","_kad_post_sidebar_id":"","_kad_post_content_style":"default","_kad_post_vertical_padding":"default","_kad_post_feature":"","_kad_post_feature_position":"","_kad_post_header":false,"_kad_post_footer":false,"_kad_post_classname":""},"product_brand":[1415],"product_cat":[364],"product_tag":[367,708,1207,1206,460,1211,396,370,1205,452,1208],"class_list":{"0":"post-21695","1":"product","2":"type-product","3":"status-publish","4":"has-post-thumbnail","6":"product_brand-mes-pochoirs","7":"product_cat-pochoirs-animaux","8":"product_tag-animal","9":"product_tag-chien","10":"product_tag-coussinets","11":"product_tag-empreinte","12":"product_tag-foret","13":"product_tag-griffes","14":"product_tag-loup","15":"product_tag-nature","16":"product_tag-patte","17":"product_tag-sauvage","18":"product_tag-trace","20":"first","21":"instock","22":"taxable","23":"shipping-taxable","24":"purchasable","25":"product-type-variable","26":"has-default-attributes","27":"entry","28":"content-bg","29":"loop-entry"},"taxonomy_info":{"product_brand":[{"value":1415,"label":"Mes Pochoirs"}],"product_cat":[{"value":364,"label":"Animaux"}],"product_tag":[{"value":367,"label":"animal"},{"value":708,"label":"chien"},{"value":1207,"label":"coussinets"},{"value":1206,"label":"empreinte"},{"value":460,"label":"for\u00eat"},{"value":1211,"label":"griffes"},{"value":396,"label":"loup"},{"value":370,"label":"nature"},{"value":1205,"label":"patte"},{"value":452,"label":"sauvage"},{"value":1208,"label":"trace"}]},"featured_image_src_large":["https:\/\/mes-pochoirs.com\/wp-content\/uploads\/2025\/03\/A0076-pochoir-empreinte-loup-copyright-mes-pochoirs-858x1030.jpg",858,1030,true],"author_info":[],"comment_info":0,"_links":{"self":[{"href":"https:\/\/mes-pochoirs.com\/it\/wp-json\/wp\/v2\/product\/21695","targetHints":{"allow":["GET"]}}],"collection":[{"href":"https:\/\/mes-pochoirs.com\/it\/wp-json\/wp\/v2\/product"}],"about":[{"href":"https:\/\/mes-pochoirs.com\/it\/wp-json\/wp\/v2\/types\/product"}],"replies":[{"embeddable":true,"href":"https:\/\/mes-pochoirs.com\/it\/wp-json\/wp\/v2\/comments?post=21695"}],"wp:featuredmedia":[{"embeddable":true,"href":"https:\/\/mes-pochoirs.com\/it\/wp-json\/wp\/v2\/media\/21634"}],"wp:attachment":[{"href":"https:\/\/mes-pochoirs.com\/it\/wp-json\/wp\/v2\/media?parent=21695"}],"wp:term":[{"taxonomy":"product_brand","embeddable":true,"href":"https:\/\/mes-pochoirs.com\/it\/wp-json\/wp\/v2\/product_brand?post=21695"},{"taxonomy":"product_cat","embeddable":true,"href":"https:\/\/mes-pochoirs.com\/it\/wp-json\/wp\/v2\/product_cat?post=21695"},{"taxonomy":"product_tag","embeddable":true,"href":"https:\/\/mes-pochoirs.com\/it\/wp-json\/wp\/v2\/product_tag?post=21695"}],"curies":[{"name":"wp","href":"https:\/\/api.w.org\/{rel}","templated":true}]}}