{"id":21705,"date":"2025-03-04T15:30:45","date_gmt":"2025-03-04T14:30:45","guid":{"rendered":"https:\/\/mes-pochoirs.com\/?post_type=product&#038;p=21705"},"modified":"2025-10-31T12:32:04","modified_gmt":"2025-10-31T11:32:04","slug":"stencil-con-stampa-di-cane-lupo-a0077","status":"publish","type":"product","link":"https:\/\/mes-pochoirs.com\/it\/produit\/pochoir-empreinte-de-chien-loup-a0077","title":{"rendered":"Stencil per impronte di cane lupo - A0077"},"content":{"rendered":"<h2>Stencil per impronte di cane lupo<\/h2>\n<h3>Quando la natura si autoinvita nella vostra arte<\/h3>\n<p>Le <strong>Stencil per impronte di cane lupo<\/strong> cattura l'essenza stessa dell'animale libero e indomito. Questa zampa, con i suoi cuscinetti marcati e gli artigli affilati, evoca sia la forza bruta della natura sia il legame istintivo tra l'uomo e il suo compagno selvatico. Ogni dettaglio di questa stampa ricorda la silhouette di un cane lupo cecoslovacco, di un Saarloos o anche di un pastore tedesco, razze in cui l'eredit\u00e0 del lupo vibra ancora. Incrocio tra un cane domestico e un animale selvatico, questa stampa racconta la storia di coloro che lasciano il segno sulla terra... e sui nostri ricordi. Questo stencil animale non \u00e8 solo decorativo: porta con s\u00e9 un messaggio potente sulla libert\u00e0, l'istinto e la fedelt\u00e0 incrollabile dei cani lupo.<\/p>\n<h3>Design espressivo per opere d'arte di grande impatto<\/h3>\n<p>Con il <strong>Stencil per impronte di cane lupo<\/strong>Ogni progetto artistico assume una forte dimensione grafica. Questo motivo, realistico e stilizzato, si presta ugualmente bene alla decorazione murale e alla personalizzazione di oggetti, mobili e tessuti. Evoca lo spirito di razze iconiche come l'Husky e il Malamute, abituati a scavare i loro sentieri nella neve e nei grandi spazi aperti. Il suo contorno volutamente irregolare, segnato dagli artigli del cane lupo, conferisce alle vostre creazioni un aspetto grezzo, quasi primitivo, che piacer\u00e0 agli amanti dell'arte animale e delle atmosfere selvagge. Che vogliate illustrare l'anima di un fedele compagno o trascrivere il segno lasciato da un animale leggendario, questo stencil a forma di zampa di lupo vi offre una totale libert\u00e0 di espressione. \u00c8 molto pi\u00f9 di un semplice strumento decorativo: \u00e8 un vettore di emozioni, un'impronta creativa che risuona con l'anima dell'artista e racconta una storia con ogni pennellata di vernice o spray.<\/p>","protected":false},"excerpt":{"rendered":"<p><strong>Stencil per impronte di cane lupo<\/strong> Perfetti per le vostre creazioni pittoriche. Riutilizzabili, di alta qualit\u00e0, di diverse dimensioni.<\/p>","protected":false},"featured_media":21635,"comment_status":"open","ping_status":"closed","template":"","meta":{"bwfblock_default_font":"","_kad_blocks_custom_css":"","_kad_blocks_head_custom_js":"","_kad_blocks_body_custom_js":"","_kad_blocks_footer_custom_js":"","_kadence_starter_templates_imported_post":false,"_kad_post_transparent":"default","_kad_post_title":"","_kad_post_layout":"default","_kad_post_sidebar_id":"","_kad_post_content_style":"default","_kad_post_vertical_padding":"default","_kad_post_feature":"","_kad_post_feature_position":"","_kad_post_header":false,"_kad_post_footer":false,"_kad_post_classname":""},"product_brand":[1415],"product_cat":[364],"product_tag":[367,710,708,1209,1207,1206,1213,396,1205,1208],"class_list":{"0":"post-21705","1":"product","2":"type-product","3":"status-publish","4":"has-post-thumbnail","6":"product_brand-mes-pochoirs","7":"product_cat-pochoirs-animaux","8":"product_tag-animal","9":"product_tag-animal-de-compagnie","10":"product_tag-chien","11":"product_tag-compagnon","12":"product_tag-coussinets","13":"product_tag-empreinte","14":"product_tag-griffes-chien-loup","15":"product_tag-loup","16":"product_tag-patte","17":"product_tag-trace","19":"first","20":"instock","21":"taxable","22":"shipping-taxable","23":"purchasable","24":"product-type-variable","25":"has-default-attributes","26":"entry","27":"content-bg","28":"loop-entry"},"taxonomy_info":{"product_brand":[{"value":1415,"label":"Mes Pochoirs"}],"product_cat":[{"value":364,"label":"Animaux"}],"product_tag":[{"value":367,"label":"animal"},{"value":710,"label":"animal de compagnie"},{"value":708,"label":"chien"},{"value":1209,"label":"compagnon"},{"value":1207,"label":"coussinets"},{"value":1206,"label":"empreinte"},{"value":1213,"label":"griffes chien-loup"},{"value":396,"label":"loup"},{"value":1205,"label":"patte"},{"value":1208,"label":"trace"}]},"featured_image_src_large":["https:\/\/mes-pochoirs.com\/wp-content\/uploads\/2025\/03\/A0077-pochoir-empreinte-chien-loup-copyright-mes-pochoirs-858x1030.jpg",858,1030,true],"author_info":[],"comment_info":0,"_links":{"self":[{"href":"https:\/\/mes-pochoirs.com\/it\/wp-json\/wp\/v2\/product\/21705","targetHints":{"allow":["GET"]}}],"collection":[{"href":"https:\/\/mes-pochoirs.com\/it\/wp-json\/wp\/v2\/product"}],"about":[{"href":"https:\/\/mes-pochoirs.com\/it\/wp-json\/wp\/v2\/types\/product"}],"replies":[{"embeddable":true,"href":"https:\/\/mes-pochoirs.com\/it\/wp-json\/wp\/v2\/comments?post=21705"}],"wp:featuredmedia":[{"embeddable":true,"href":"https:\/\/mes-pochoirs.com\/it\/wp-json\/wp\/v2\/media\/21635"}],"wp:attachment":[{"href":"https:\/\/mes-pochoirs.com\/it\/wp-json\/wp\/v2\/media?parent=21705"}],"wp:term":[{"taxonomy":"product_brand","embeddable":true,"href":"https:\/\/mes-pochoirs.com\/it\/wp-json\/wp\/v2\/product_brand?post=21705"},{"taxonomy":"product_cat","embeddable":true,"href":"https:\/\/mes-pochoirs.com\/it\/wp-json\/wp\/v2\/product_cat?post=21705"},{"taxonomy":"product_tag","embeddable":true,"href":"https:\/\/mes-pochoirs.com\/it\/wp-json\/wp\/v2\/product_tag?post=21705"}],"curies":[{"name":"wp","href":"https:\/\/api.w.org\/{rel}","templated":true}]}}