{"id":22283,"date":"2025-05-28T15:21:10","date_gmt":"2025-05-28T13:21:10","guid":{"rendered":"https:\/\/mes-pochoirs.com\/?post_type=product&#038;p=22283"},"modified":"2025-10-31T12:33:49","modified_gmt":"2025-10-31T11:33:49","slug":"stencil-pittura-cervo-a0097","status":"publish","type":"product","link":"https:\/\/mes-pochoirs.com\/it\/produit\/pochoir-peinture-cerf-a0097","title":{"rendered":"Cervo a stencil - A0097"},"content":{"rendered":"<h2>Stagno Stencil<\/h2>\n<h3>Un'opera selvaggia e maestosa<\/h3>\n<p><strong>Stagno Stencil<\/strong>\u00c8 pi\u00f9 di un semplice motivo: \u00e8 un invito a catturare la bellezza cruda e maestosa della natura. Con le sue corna imponenti e la sua posizione fiera, questo cervo incarna la potenza e l'eleganza della natura selvaggia. Simbolo di forza e libert\u00e0, evoca le grandi foreste profonde e i paesaggi montani dove l'animale regna sovrano. Il suo sguardo penetrante e la sua nobile silhouette conferiscono ai vostri progetti un carattere autentico e sorprendente. Il <strong>Stagno Stencil<\/strong> vi trasporta in un mondo di serenit\u00e0 e grandezza. Se siete appassionati di caccia, scene di bosco o estetica rustica, questo stencil \u00e8 lo strumento ideale per infondere al vostro lavoro un'anima selvaggia. \u00c8 lo strumento perfetto per dare al vostro lavoro un'anima selvaggia: sar\u00e0 perfetto su un murale che evoca la foresta, su un dipinto con accenti di montagna o anche su un mobile per un effetto autentico e raffinato.<\/p>\n<h3>Uno stile artistico di grande impatto<\/h3>\n<p><strong>Lo stencil per dipingere i cervi<\/strong> \u00e8 stato progettato per dare alle vostre creazioni un effetto sorprendente e pieno di carattere. Il suo taglio preciso permette di dare vita a un maestoso cervo con poche pennellate. Che siate artisti, decoratori o amanti del fai-da-te, questo stencil \u00e8 una vera e propria fonte di ispirazione per esprimere il vostro talento e creare opere accattivanti. <strong>Lo stencil per dipingere i cervi<\/strong> \u00e8 realizzato in materiale riutilizzabile e reversibile ed \u00e8 disponibile in una gamma di dimensioni adatte a tutti i vostri progetti. \u00c8 facile da applicare su diverse superfici: legno, tela, tessuto o parete, permettendovi di personalizzare le vostre creazioni con una finitura professionale. Ideale per aggiungere un tocco di natura e autenticit\u00e0 ai vostri dipinti, \u00e8 l'alleato perfetto per arricchire il vostro arredamento con un motivo potente e senza tempo.<\/p>","protected":false},"excerpt":{"rendered":"<p><strong>Dipingere il cervo con lo stencil<\/strong> ispirati alla natura. Di alta qualit\u00e0, riutilizzabili e disponibili in diverse dimensioni per affreschi e dipinti.<\/p>","protected":false},"featured_media":22263,"comment_status":"open","ping_status":"closed","template":"","meta":{"bwfblock_default_font":"","_kad_blocks_custom_css":"","_kad_blocks_head_custom_js":"","_kad_blocks_body_custom_js":"","_kad_blocks_footer_custom_js":"","_kadence_starter_templates_imported_post":false,"_kad_post_transparent":"default","_kad_post_title":"","_kad_post_layout":"default","_kad_post_sidebar_id":"","_kad_post_content_style":"default","_kad_post_vertical_padding":"default","_kad_post_feature":"","_kad_post_feature_position":"","_kad_post_header":false,"_kad_post_footer":false,"_kad_post_classname":""},"product_brand":[1415],"product_cat":[364],"product_tag":[367,1247,458,1249,456,460,1133,1234,370,1248,1134,926,452],"class_list":{"0":"post-22283","1":"product","2":"type-product","3":"status-publish","4":"has-post-thumbnail","6":"product_brand-mes-pochoirs","7":"product_cat-pochoirs-animaux","8":"product_tag-animal","9":"product_tag-bois","10":"product_tag-cerf","11":"product_tag-chasse","12":"product_tag-faune","13":"product_tag-foret","14":"product_tag-majestueux","15":"product_tag-montagne","16":"product_tag-nature","17":"product_tag-noble","18":"product_tag-puissant","19":"product_tag-rustique","20":"product_tag-sauvage","22":"first","23":"instock","24":"taxable","25":"shipping-taxable","26":"purchasable","27":"product-type-variable","28":"entry","29":"content-bg","30":"loop-entry"},"taxonomy_info":{"product_brand":[{"value":1415,"label":"Mes Pochoirs"}],"product_cat":[{"value":364,"label":"Animaux"}],"product_tag":[{"value":367,"label":"animal"},{"value":1247,"label":"bois"},{"value":458,"label":"cerf"},{"value":1249,"label":"chasse"},{"value":456,"label":"faune"},{"value":460,"label":"for\u00eat"},{"value":1133,"label":"majestueux"},{"value":1234,"label":"montagne"},{"value":370,"label":"nature"},{"value":1248,"label":"noble"},{"value":1134,"label":"puissant"},{"value":926,"label":"rustique"},{"value":452,"label":"sauvage"}]},"featured_image_src_large":["https:\/\/mes-pochoirs.com\/wp-content\/uploads\/2025\/03\/A0097-pochoir-tete-cerf-copyright-mes-pochoirs-858x1030.jpg",858,1030,true],"author_info":[],"comment_info":0,"_links":{"self":[{"href":"https:\/\/mes-pochoirs.com\/it\/wp-json\/wp\/v2\/product\/22283","targetHints":{"allow":["GET"]}}],"collection":[{"href":"https:\/\/mes-pochoirs.com\/it\/wp-json\/wp\/v2\/product"}],"about":[{"href":"https:\/\/mes-pochoirs.com\/it\/wp-json\/wp\/v2\/types\/product"}],"replies":[{"embeddable":true,"href":"https:\/\/mes-pochoirs.com\/it\/wp-json\/wp\/v2\/comments?post=22283"}],"wp:featuredmedia":[{"embeddable":true,"href":"https:\/\/mes-pochoirs.com\/it\/wp-json\/wp\/v2\/media\/22263"}],"wp:attachment":[{"href":"https:\/\/mes-pochoirs.com\/it\/wp-json\/wp\/v2\/media?parent=22283"}],"wp:term":[{"taxonomy":"product_brand","embeddable":true,"href":"https:\/\/mes-pochoirs.com\/it\/wp-json\/wp\/v2\/product_brand?post=22283"},{"taxonomy":"product_cat","embeddable":true,"href":"https:\/\/mes-pochoirs.com\/it\/wp-json\/wp\/v2\/product_cat?post=22283"},{"taxonomy":"product_tag","embeddable":true,"href":"https:\/\/mes-pochoirs.com\/it\/wp-json\/wp\/v2\/product_tag?post=22283"}],"curies":[{"name":"wp","href":"https:\/\/api.w.org\/{rel}","templated":true}]}}