{"id":22290,"date":"2025-04-17T15:38:06","date_gmt":"2025-04-17T13:38:06","guid":{"rendered":"https:\/\/mes-pochoirs.com\/?post_type=product&#038;p=22290"},"modified":"2025-10-31T12:33:51","modified_gmt":"2025-10-31T11:33:51","slug":"stencil-per-la-pittura-del-lupo-a0098","status":"publish","type":"product","link":"https:\/\/mes-pochoirs.com\/it\/produit\/pochoir-peinture-loup-a0098","title":{"rendered":"Stencil lupo - A0098"},"content":{"rendered":"<h2>Stencil lupo<\/h2>\n<h3>Il potere di uno sguardo selvaggio<\/h3>\n<p><strong>Stencil lupo<\/strong>molto di pi\u00f9 di un semplice motivo, incarna la <strong>forza, libert\u00e0 e istinto selvaggio<\/strong>. Questo maestoso lupo, catturato in un profilo espressivo, sembra scrutare l'orizzonte con saggezza e determinazione. Un simbolo di <strong>predazione e intelligenza<\/strong>Evoca inoltre la dualit\u00e0 tra la solitudine del predatore e la solidariet\u00e0 del branco. Con questo stencil, date alle vostre creazioni una dimensione che \u00e8 al tempo stesso <strong>mistico e potente<\/strong>ispirato alle vaste foreste e alle montagne dove questo animale regna sovrano. <strong>Stencil lupo<\/strong> \u00e8 un invito a immergersi in un mondo <strong>autentico e rustico<\/strong>dove fauna e natura si intrecciano. Il lupo, figura emblematica della libert\u00e0 e del territorio, trova naturalmente posto in decorazioni che evocano foreste profonde, montagne scoscese o ampi spazi selvaggi. Perfetto per una decorazione artistica e originale, questo stencil aggiunger\u00e0 un tocco indomito e carismatico ai vostri interni o alle vostre opere d'arte.<\/p>\n<h3>Uno stile artistico di grande impatto<\/h3>\n<p><strong>Stencil lupo<\/strong> \u00e8 progettato per fornire un <strong>dettagliato ed espressivo.<\/strong>Il suo design preciso mette in risalto la consistenza del manto, la finezza degli occhi e la forza dell'espressione, rendendo ogni creazione unica e piena di carattere. Che vogliate personalizzare un quadro, una parete, il legno o un tessuto, questo stencil \u00e8 lo strumento ideale per dare al vostro lavoro un aspetto distintivo. <strong>un'impronta selvaggia e indimenticabile<\/strong> ai vostri risultati. <strong>Stencil lupo<\/strong> \u00e8 realizzato con materiali riutilizzabili e reversibili, che garantiscono un'applicazione pulita e duratura su un'ampia gamma di superfici. Disponibile in diverse dimensioni, \u00e8 perfetto per progetti murali, artistici o decorativi. Che siate pittori, appassionati di natura o designer in cerca di autenticit\u00e0, questo stencil vi permetter\u00e0 di esprimere il vostro talento attraverso un motivo intenso e simbolico.<\/p>","protected":false},"excerpt":{"rendered":"<p><strong>Stencil lupo<\/strong> Riutilizzabili, di alta qualit\u00e0, ideali per dipinti e affreschi. Disponibile in una gamma di formati per le vostre opere d'arte.<\/p>","protected":false},"featured_media":22264,"comment_status":"open","ping_status":"closed","template":"","meta":{"bwfblock_default_font":"","_kad_blocks_custom_css":"","_kad_blocks_head_custom_js":"","_kad_blocks_body_custom_js":"","_kad_blocks_footer_custom_js":"","_kadence_starter_templates_imported_post":false,"_kad_post_transparent":"default","_kad_post_title":"","_kad_post_layout":"default","_kad_post_sidebar_id":"","_kad_post_content_style":"default","_kad_post_vertical_padding":"default","_kad_post_feature":"","_kad_post_feature_position":"","_kad_post_header":false,"_kad_post_footer":false,"_kad_post_classname":""},"product_brand":[1415],"product_cat":[364],"product_tag":[367,456,460,1250,1236,1064,396,1133,1212,1234,685,370,476,1251,1134,452],"class_list":{"0":"post-22290","1":"product","2":"type-product","3":"status-publish","4":"has-post-thumbnail","6":"product_brand-mes-pochoirs","7":"product_cat-pochoirs-animaux","8":"product_tag-animal","9":"product_tag-faune","10":"product_tag-foret","11":"product_tag-indomptable","12":"product_tag-instinct","13":"product_tag-liberte","14":"product_tag-loup","15":"product_tag-majestueux","16":"product_tag-meute","17":"product_tag-montagne","18":"product_tag-mystique","19":"product_tag-nature","20":"product_tag-pochoir","21":"product_tag-predation","22":"product_tag-puissant","23":"product_tag-sauvage","25":"first","26":"instock","27":"taxable","28":"shipping-taxable","29":"purchasable","30":"product-type-variable","31":"entry","32":"content-bg","33":"loop-entry"},"taxonomy_info":{"product_brand":[{"value":1415,"label":"Mes Pochoirs"}],"product_cat":[{"value":364,"label":"Animaux"}],"product_tag":[{"value":367,"label":"animal"},{"value":456,"label":"faune"},{"value":460,"label":"for\u00eat"},{"value":1250,"label":"indomptable"},{"value":1236,"label":"instinct"},{"value":1064,"label":"Libert\u00e9"},{"value":396,"label":"loup"},{"value":1133,"label":"majestueux"},{"value":1212,"label":"meute"},{"value":1234,"label":"montagne"},{"value":685,"label":"mystique"},{"value":370,"label":"nature"},{"value":476,"label":"pochoir"},{"value":1251,"label":"pr\u00e9dation"},{"value":1134,"label":"puissant"},{"value":452,"label":"sauvage"}]},"featured_image_src_large":["https:\/\/mes-pochoirs.com\/wp-content\/uploads\/2025\/03\/A0098-pochoir-tete-loup-copyright-mes-pochoirs-858x1030.jpg",858,1030,true],"author_info":[],"comment_info":0,"_links":{"self":[{"href":"https:\/\/mes-pochoirs.com\/it\/wp-json\/wp\/v2\/product\/22290","targetHints":{"allow":["GET"]}}],"collection":[{"href":"https:\/\/mes-pochoirs.com\/it\/wp-json\/wp\/v2\/product"}],"about":[{"href":"https:\/\/mes-pochoirs.com\/it\/wp-json\/wp\/v2\/types\/product"}],"replies":[{"embeddable":true,"href":"https:\/\/mes-pochoirs.com\/it\/wp-json\/wp\/v2\/comments?post=22290"}],"wp:featuredmedia":[{"embeddable":true,"href":"https:\/\/mes-pochoirs.com\/it\/wp-json\/wp\/v2\/media\/22264"}],"wp:attachment":[{"href":"https:\/\/mes-pochoirs.com\/it\/wp-json\/wp\/v2\/media?parent=22290"}],"wp:term":[{"taxonomy":"product_brand","embeddable":true,"href":"https:\/\/mes-pochoirs.com\/it\/wp-json\/wp\/v2\/product_brand?post=22290"},{"taxonomy":"product_cat","embeddable":true,"href":"https:\/\/mes-pochoirs.com\/it\/wp-json\/wp\/v2\/product_cat?post=22290"},{"taxonomy":"product_tag","embeddable":true,"href":"https:\/\/mes-pochoirs.com\/it\/wp-json\/wp\/v2\/product_tag?post=22290"}],"curies":[{"name":"wp","href":"https:\/\/api.w.org\/{rel}","templated":true}]}}