{"id":22749,"date":"2025-08-13T10:42:00","date_gmt":"2025-08-13T08:42:00","guid":{"rendered":"https:\/\/mes-pochoirs.com\/?post_type=product&#038;p=22749"},"modified":"2025-10-31T12:35:08","modified_gmt":"2025-10-31T11:35:08","slug":"tartaruga-gigante-delle-galapagos-stencil-a0127","status":"publish","type":"product","link":"https:\/\/mes-pochoirs.com\/it\/produit\/pochoir-tortue-geante-des-galapagos-a0127","title":{"rendered":"Stencil Tartaruga gigante delle Galapagos - A0127"},"content":{"rendered":"<h2>Tartaruga gigante delle Galapagos Stencil<\/h2>\n<h3>Una silhouette maestosa dalle isole selvagge<\/h3>\n<p><strong>Tartaruga gigante delle Galapagos Stencil<\/strong> Un omaggio a una delle creature pi\u00f9 iconiche e impressionanti della natura. Con la sua posizione tranquilla ma potente, questa tartaruga gigante sembra emergere lentamente dalle profondit\u00e0 del tempo. \u00c8 possibile notare la saggezza dei suoi lineamenti, la forza pacifica delle sue zampe spesse e la nobilt\u00e0 del suo guscio dalla forma unica. Originario delle isole Galapagos, questo affascinante rettile incarna la bellezza cruda e selvaggia del mondo animale. Questo stencil trasmette un messaggio potente: quello della resilienza, della lentezza contemplativa, ma anche dell'importanza di preservare il nostro legame con la natura e gli animali selvatici.<\/p>\n<p>Questo modello invita l'artista a esplorare un mondo immaginario ricco di storie: quello di un'isola remota e battuta dal vento, dove questa tartaruga cammina in silenzio, testimone millenaria di un fragile ecosistema. \u00c8 molto pi\u00f9 di un semplice stencil: \u00e8 un simbolo vivente che dar\u00e0 significato e profondit\u00e0 alle vostre creazioni.<\/p>\n<h3>Uno stile grafico forte e stimolante<\/h3>\n<p><strong>Tartaruga gigante delle Galapagos Stencil<\/strong> Questo stencil gioca su contrasti netti e tagli netti per far risaltare ogni dettaglio con grande intensit\u00e0 visiva. L'uso delle ombre mette in risalto la consistenza della pelle, la forza del guscio e la maestosit\u00e0 dell'intero corpo. La prospettiva scelta - una visione dal basso - conferisce all'animale una presenza reale, quasi monumentale.<\/p>\n<p>Questo stencil \u00e8 uno strumento potente per gli artisti che desiderano creare opere di grande impatto sui temi della natura, del mondo selvaggio, dei rettili o degli animali iconici. Su parete, tela, mobili o tessuto, trasforma qualsiasi superficie in una scena vivente. Si rivolge tanto agli amanti della natura quanto ai designer urbani alla ricerca di simboli forti da incorporare nelle loro opere. Qui la tartaruga diventa un vettore di emozioni e significati, una musa delle Galapagos che arricchisce il vostro universo visivo.<\/p>","protected":false},"excerpt":{"rendered":"<p><strong>Tartaruga gigante delle Galapagos Stencil<\/strong> - Un rettile maestoso per i vostri progetti di pittura. Riutilizzabile e in diverse dimensioni.<\/p>","protected":false},"featured_media":22931,"comment_status":"open","ping_status":"closed","template":"","meta":{"bwfblock_default_font":"","_kad_blocks_custom_css":"","_kad_blocks_head_custom_js":"","_kad_blocks_body_custom_js":"","_kad_blocks_footer_custom_js":"","_kadence_starter_templates_imported_post":false,"_kad_post_transparent":"default","_kad_post_title":"","_kad_post_layout":"default","_kad_post_sidebar_id":"","_kad_post_content_style":"default","_kad_post_vertical_padding":"default","_kad_post_feature":"","_kad_post_feature_position":"","_kad_post_header":false,"_kad_post_footer":false,"_kad_post_classname":""},"product_brand":[1415],"product_cat":[364],"product_tag":[367,366,1281,1280,370,1186,452,1279],"class_list":{"0":"post-22749","1":"product","2":"type-product","3":"status-publish","4":"has-post-thumbnail","6":"product_brand-mes-pochoirs","7":"product_cat-pochoirs-animaux","8":"product_tag-animal","9":"product_tag-animaux","10":"product_tag-carapace","11":"product_tag-galapagos","12":"product_tag-nature","13":"product_tag-reptile","14":"product_tag-sauvage","15":"product_tag-tortue","17":"first","18":"instock","19":"taxable","20":"shipping-taxable","21":"purchasable","22":"product-type-variable","23":"entry","24":"content-bg","25":"loop-entry"},"taxonomy_info":{"product_brand":[{"value":1415,"label":"Mes Pochoirs"}],"product_cat":[{"value":364,"label":"Animaux"}],"product_tag":[{"value":367,"label":"animal"},{"value":366,"label":"animaux"},{"value":1281,"label":"carapace"},{"value":1280,"label":"galapagos"},{"value":370,"label":"nature"},{"value":1186,"label":"reptile"},{"value":452,"label":"sauvage"},{"value":1279,"label":"tortue"}]},"featured_image_src_large":["https:\/\/mes-pochoirs.com\/wp-content\/uploads\/2025\/04\/A0127-pochoir-tortue-geante-galapagos-copyright-mes-pochoirs-858x1030.jpg",858,1030,true],"author_info":[],"comment_info":0,"_links":{"self":[{"href":"https:\/\/mes-pochoirs.com\/it\/wp-json\/wp\/v2\/product\/22749","targetHints":{"allow":["GET"]}}],"collection":[{"href":"https:\/\/mes-pochoirs.com\/it\/wp-json\/wp\/v2\/product"}],"about":[{"href":"https:\/\/mes-pochoirs.com\/it\/wp-json\/wp\/v2\/types\/product"}],"replies":[{"embeddable":true,"href":"https:\/\/mes-pochoirs.com\/it\/wp-json\/wp\/v2\/comments?post=22749"}],"wp:featuredmedia":[{"embeddable":true,"href":"https:\/\/mes-pochoirs.com\/it\/wp-json\/wp\/v2\/media\/22931"}],"wp:attachment":[{"href":"https:\/\/mes-pochoirs.com\/it\/wp-json\/wp\/v2\/media?parent=22749"}],"wp:term":[{"taxonomy":"product_brand","embeddable":true,"href":"https:\/\/mes-pochoirs.com\/it\/wp-json\/wp\/v2\/product_brand?post=22749"},{"taxonomy":"product_cat","embeddable":true,"href":"https:\/\/mes-pochoirs.com\/it\/wp-json\/wp\/v2\/product_cat?post=22749"},{"taxonomy":"product_tag","embeddable":true,"href":"https:\/\/mes-pochoirs.com\/it\/wp-json\/wp\/v2\/product_tag?post=22749"}],"curies":[{"name":"wp","href":"https:\/\/api.w.org\/{rel}","templated":true}]}}