{"id":23019,"date":"2025-04-23T14:24:28","date_gmt":"2025-04-23T12:24:28","guid":{"rendered":"https:\/\/mes-pochoirs.com\/?post_type=product&#038;p=23019"},"modified":"2025-10-31T12:35:29","modified_gmt":"2025-10-31T11:35:29","slug":"stencil-coccodrillo-a0138","status":"publish","type":"product","link":"https:\/\/mes-pochoirs.com\/it\/produit\/pochoir-crocodile-a0138","title":{"rendered":"Stencil per coccodrilli - A0138"},"content":{"rendered":"<h2>Stencil coccodrillo<\/h2>\n<h3>Il potente animale nel cuore della giungla<\/h3>\n<p><strong>Stencil coccodrillo<\/strong> : Voici une cr\u00e9ation qui capte toute la force brute et l\u2019\u00e9l\u00e9gance d\u2019un pr\u00e9dateur redoutable. Ce mod\u00e8le met en sc\u00e8ne un crocodile surgissant de la profondeur des marais, les \u00e9cailles scintillantes, le regard per\u00e7ant et les pattes tendues comme en pleine avanc\u00e9e. Chaque d\u00e9tail du reptile est pens\u00e9 pour transmettre une impression de puissance et de mouvement, comme si l\u2019animal, embl\u00e8me de la nature sauvage, allait bondir hors du pochoir. Symbole de r\u00e9silience et de domination ancestrale, ce crocodile incarne l\u2019instinct primal au c\u0153ur de la jungle. Avec ce <strong>Stencil per coccodrilli<\/strong>L'artista \u00e8 invitato a esplorare temi forti: la sopravvivenza, la forza tranquilla, l'equilibrio tra discrezione silenziosa e attacco fulmineo. Che si tratti di una parete, di una tela o di un mobile, questa silhouette rettile conferir\u00e0 un'aura singolare a qualsiasi creazione, evocando l'immaginazione di fiumi opachi, paludi misteriose e un mondo in cui la natura regna sovrana.<\/p>\n<h3>Uno stile grafico selvaggio e sorprendente<\/h3>\n<p><strong>Stencil coccodrillo<\/strong> \u00c8 a met\u00e0 strada tra l'illustrazione naturalistica e l'arte urbana, con un effetto visivo di grande impatto. Le aree di contrasto giocano con le ombre per far risaltare la consistenza delle squame, la curva della mascella e la forza muscolare dell'animale. Il realismo delle forme si fonde con la libert\u00e0 di interpretazione, rendendolo uno strumento ideale per gli artisti alla ricerca di un'espressione originale. Progettato per una facile applicazione e una resa professionale, questo stencil fa parte di un approccio creativo audace. Utilizzatelo per creare opere di sorprendente intensit\u00e0: un tuffo nel mondo dei rettili, delle paludi, delle giungle e della natura selvaggia. Utilizzatelo per evocare lo spirito selvaggio, il totem animale o per aggiungere mordente a un murale. Questo <strong>Stencil per coccodrilli<\/strong> diventer\u00e0 un vero e proprio alleato per tutti coloro che vogliono fare un'impressione duratura.<\/p>","protected":false},"excerpt":{"rendered":"<p><strong>Stencil coccodrillo<\/strong>Uno strumento creativo reversibile per la pittura. Ispirato alla giungla, perfetto per una pittura potente e originale.<\/p>","protected":false},"featured_media":23062,"comment_status":"open","ping_status":"closed","template":"","meta":{"bwfblock_default_font":"","_kad_blocks_custom_css":"","_kad_blocks_head_custom_js":"","_kad_blocks_body_custom_js":"","_kad_blocks_footer_custom_js":"","_kadence_starter_templates_imported_post":false,"_kad_post_transparent":"default","_kad_post_title":"","_kad_post_layout":"default","_kad_post_sidebar_id":"","_kad_post_content_style":"default","_kad_post_vertical_padding":"default","_kad_post_feature":"","_kad_post_feature_position":"","_kad_post_header":false,"_kad_post_footer":false,"_kad_post_classname":""},"product_brand":[1415],"product_cat":[364],"product_tag":[367,1294,1295,643,1296,370,1230,1134,1186,452],"class_list":{"0":"post-23019","1":"product","2":"type-product","3":"status-publish","4":"has-post-thumbnail","6":"product_brand-mes-pochoirs","7":"product_cat-pochoirs-animaux","8":"product_tag-animal","9":"product_tag-crocodile","10":"product_tag-ecailles","11":"product_tag-jungle","12":"product_tag-marais","13":"product_tag-nature","14":"product_tag-predateur","15":"product_tag-puissant","16":"product_tag-reptile","17":"product_tag-sauvage","19":"first","20":"instock","21":"taxable","22":"shipping-taxable","23":"purchasable","24":"product-type-variable","25":"has-default-attributes","26":"entry","27":"content-bg","28":"loop-entry"},"taxonomy_info":{"product_brand":[{"value":1415,"label":"Mes Pochoirs"}],"product_cat":[{"value":364,"label":"Animaux"}],"product_tag":[{"value":367,"label":"animal"},{"value":1294,"label":"crocodile"},{"value":1295,"label":"\u00e9cailles"},{"value":643,"label":"jungle"},{"value":1296,"label":"marais"},{"value":370,"label":"nature"},{"value":1230,"label":"pr\u00e9dateur"},{"value":1134,"label":"puissant"},{"value":1186,"label":"reptile"},{"value":452,"label":"sauvage"}]},"featured_image_src_large":["https:\/\/mes-pochoirs.com\/wp-content\/uploads\/2025\/04\/A0138-pochoir-crocodile-copyright-mes-pochoirs-858x1030.jpg",858,1030,true],"author_info":[],"comment_info":0,"_links":{"self":[{"href":"https:\/\/mes-pochoirs.com\/it\/wp-json\/wp\/v2\/product\/23019","targetHints":{"allow":["GET"]}}],"collection":[{"href":"https:\/\/mes-pochoirs.com\/it\/wp-json\/wp\/v2\/product"}],"about":[{"href":"https:\/\/mes-pochoirs.com\/it\/wp-json\/wp\/v2\/types\/product"}],"replies":[{"embeddable":true,"href":"https:\/\/mes-pochoirs.com\/it\/wp-json\/wp\/v2\/comments?post=23019"}],"wp:featuredmedia":[{"embeddable":true,"href":"https:\/\/mes-pochoirs.com\/it\/wp-json\/wp\/v2\/media\/23062"}],"wp:attachment":[{"href":"https:\/\/mes-pochoirs.com\/it\/wp-json\/wp\/v2\/media?parent=23019"}],"wp:term":[{"taxonomy":"product_brand","embeddable":true,"href":"https:\/\/mes-pochoirs.com\/it\/wp-json\/wp\/v2\/product_brand?post=23019"},{"taxonomy":"product_cat","embeddable":true,"href":"https:\/\/mes-pochoirs.com\/it\/wp-json\/wp\/v2\/product_cat?post=23019"},{"taxonomy":"product_tag","embeddable":true,"href":"https:\/\/mes-pochoirs.com\/it\/wp-json\/wp\/v2\/product_tag?post=23019"}],"curies":[{"name":"wp","href":"https:\/\/api.w.org\/{rel}","templated":true}]}}