{"id":23278,"date":"2025-04-30T15:53:39","date_gmt":"2025-04-30T13:53:39","guid":{"rendered":"https:\/\/mes-pochoirs.com\/?post_type=product&#038;p=23278"},"modified":"2025-10-31T12:36:13","modified_gmt":"2025-10-31T11:36:13","slug":"stencil-ragazzo-in-un-campo-caz002","status":"publish","type":"product","link":"https:\/\/mes-pochoirs.com\/it\/produit\/pochoir-garcon-dans-un-champ-caz002","title":{"rendered":"Salto di gioia nell'erba alta - CAZ002"},"content":{"rendered":"<h2>Ragazzo dello stencil in un campo<\/h2>\n<h3>Una scena di slancio, libert\u00e0 e pura gioia<\/h3>\n<p><strong>Ragazzo dello stencil in un campo<\/strong> Questo modello cattura un momento di evasione e di cruda felicit\u00e0. Un ragazzo, con le braccia tese, attraversa i campi con un'energia senza limiti. La sua figura slanciata sembra fluttuare tra cielo e terra, trasportata da un soffio di libert\u00e0, in totale armonia con il mondo naturale che lo circonda. Si percepisce il calore dell'erba sotto i suoi piedi, il canto del vento nei prati, la spensieratezza di un bambino che assapora il piacere del movimento puro. Questo stencil evoca spontaneit\u00e0, gioia e un'intima connessione con gli esseri viventi: un vero e proprio inno all'infanzia libera e alla natura.<\/p>\n<p>Questo <strong>Ragazzo dello stencil in un campo<\/strong> \u00e8 molto pi\u00f9 di un motivo decorativo: porta con s\u00e9 un messaggio potente, un richiamo alla fantasticheria, alla leggerezza, all'istinto creativo. Ci ispira a trasmettere emozioni sincere, un momento di libert\u00e0, un desiderio di correre senza fiato nella vastit\u00e0. Diventer\u00e0 uno strumento simbolico per esprimere un respiro poetico nei vostri murales, dipinti o decorazioni artistiche.<\/p>\n<h3>Design espressivo per una creazione vivace<\/h3>\n<p><strong>Ragazzo dello stencil in un campo<\/strong> Questo stencil, con il suo stile dinamico e sensibile, \u00e8 pensato per gli artisti che cercano movimento ed emozione visiva. Combina un ritaglio fluido della silhouette del bambino con texture naturali che evocano l'erba selvatica e l'energia del vento. La sua composizione si adatta perfettamente a rendering strutturati, in particolare con coltelli da pittore, gradazioni sottili o sfondi astratti per amplificare la sensazione di libert\u00e0.<\/p>\n<p>Questo modello riutilizzabile, disponibile in diverse dimensioni, \u00e8 adatto sia a creazioni murali in stile country che a lavori pi\u00f9 contemporanei. Grazie alla sua leggibilit\u00e0 grafica, il <strong>Ragazzo dello stencil in un campo<\/strong>\u00e8 uno strumento versatile di espressione artistica, capace di trasmettere sia la dolcezza dell'infanzia che la vitalit\u00e0 del movimento. Perfetto per una decorazione poetica, un dipinto espressivo o una parete narrativa piena di natura ed emozione.<\/p>","protected":false},"excerpt":{"rendered":"<p><strong>Ragazzo dello stencil in un campo<\/strong> - Aggiungete un tocco di evasione alle vostre creazioni con questo stencil di fuga istantanea, un mix di emozione visiva e ispirazione country.<\/p>","protected":false},"featured_media":23249,"comment_status":"open","ping_status":"closed","template":"","meta":{"bwfblock_default_font":"","_kad_blocks_custom_css":"","_kad_blocks_head_custom_js":"","_kad_blocks_body_custom_js":"","_kad_blocks_footer_custom_js":"","_kadence_starter_templates_imported_post":false,"_kad_post_transparent":"default","_kad_post_title":"","_kad_post_layout":"default","_kad_post_sidebar_id":"","_kad_post_content_style":"default","_kad_post_vertical_padding":"default","_kad_post_feature":"","_kad_post_feature_position":"","_kad_post_header":false,"_kad_post_footer":false,"_kad_post_classname":""},"product_brand":[1415],"product_cat":[1332,481],"product_tag":[1308,825,1064,370,1316,1140],"class_list":{"0":"post-23278","1":"product","2":"type-product","3":"status-publish","4":"has-post-thumbnail","6":"product_brand-mes-pochoirs","7":"product_cat-champs-azur","8":"product_cat-collections","9":"product_tag-champs","10":"product_tag-enfant","11":"product_tag-liberte","12":"product_tag-nature","13":"product_tag-poesie","14":"product_tag-silhouette","16":"first","17":"instock","18":"taxable","19":"shipping-taxable","20":"purchasable","21":"product-type-variable","22":"entry","23":"content-bg","24":"loop-entry"},"taxonomy_info":{"product_brand":[{"value":1415,"label":"Mes Pochoirs"}],"product_cat":[{"value":1332,"label":"Champs d\u2019Azur"},{"value":481,"label":"Collections"}],"product_tag":[{"value":1308,"label":"champs"},{"value":825,"label":"enfant"},{"value":1064,"label":"Libert\u00e9"},{"value":370,"label":"nature"},{"value":1316,"label":"po\u00e9sie"},{"value":1140,"label":"silhouette"}]},"featured_image_src_large":["https:\/\/mes-pochoirs.com\/wp-content\/uploads\/2025\/04\/CAZ002-pochoir-collection-champs-azur-copyright-mes-pochoirs-858x1030.jpg",858,1030,true],"author_info":[],"comment_info":1,"_links":{"self":[{"href":"https:\/\/mes-pochoirs.com\/it\/wp-json\/wp\/v2\/product\/23278","targetHints":{"allow":["GET"]}}],"collection":[{"href":"https:\/\/mes-pochoirs.com\/it\/wp-json\/wp\/v2\/product"}],"about":[{"href":"https:\/\/mes-pochoirs.com\/it\/wp-json\/wp\/v2\/types\/product"}],"replies":[{"embeddable":true,"href":"https:\/\/mes-pochoirs.com\/it\/wp-json\/wp\/v2\/comments?post=23278"}],"wp:featuredmedia":[{"embeddable":true,"href":"https:\/\/mes-pochoirs.com\/it\/wp-json\/wp\/v2\/media\/23249"}],"wp:attachment":[{"href":"https:\/\/mes-pochoirs.com\/it\/wp-json\/wp\/v2\/media?parent=23278"}],"wp:term":[{"taxonomy":"product_brand","embeddable":true,"href":"https:\/\/mes-pochoirs.com\/it\/wp-json\/wp\/v2\/product_brand?post=23278"},{"taxonomy":"product_cat","embeddable":true,"href":"https:\/\/mes-pochoirs.com\/it\/wp-json\/wp\/v2\/product_cat?post=23278"},{"taxonomy":"product_tag","embeddable":true,"href":"https:\/\/mes-pochoirs.com\/it\/wp-json\/wp\/v2\/product_tag?post=23278"}],"curies":[{"name":"wp","href":"https:\/\/api.w.org\/{rel}","templated":true}]}}