{"id":23289,"date":"2025-04-30T16:01:44","date_gmt":"2025-04-30T14:01:44","guid":{"rendered":"https:\/\/mes-pochoirs.com\/?post_type=product&#038;p=23289"},"modified":"2025-10-31T12:36:14","modified_gmt":"2025-10-31T11:36:14","slug":"stencil-ragazza-su-unaltalena-caz003","status":"publish","type":"product","link":"https:\/\/mes-pochoirs.com\/it\/produit\/pochoir-fille-sur-une-balancoire-caz003","title":{"rendered":"Stencil Ragazza sull'altalena - CAZ003"},"content":{"rendered":"<h2>Ragazza stencil su un'altalena<\/h2>\n<h3>Un momento sospeso tra cielo e natura<\/h3>\n<p><strong>Stencil Ragazza sull'altalena<\/strong> Questo stencil cattura un momento di assoluta grazia, quello di una bambina trascinata dallo slancio di un'altalena in un campo aperto, con i capelli e il vestito trasportati dal vento. La sua sagoma leggera sembra fluttuare sopra i prati, in una scena tenera e vivace al tempo stesso. Questo disegno evoca l'innocenza, la gioia semplice, il legame naturale tra infanzia e libert\u00e0. L'impressione lasciata \u00e8 quella di un momento poetico sospeso, intriso di una bella nostalgia. L'occhio segue naturalmente il movimento verso l'alto, come un respiro, un invito a sognare.<\/p>\n<p>In linea con i temi della collezione \"Champs d'Azur\", la collezione <strong>Stencil Ragazza sull'altalena<\/strong> si basa su un approccio sensibile e narrativo. Si rivolge ad artisti e decoratori che vogliono trasmettere una forte emozione attraverso le loro creazioni, siano esse su tela, su parete o su mobili. Una scena che parler\u00e0 a tutti, come un'eco di liberi ricordi d'infanzia nel cuore dei campi.<\/p>\n<h3>Una composizione artistica piena di slancio<\/h3>\n<p><strong>Stencil Ragazza sull'altalena<\/strong> Stencil: progettato con finezza ed equilibrio, questo stencil offre un'estetica fluida, combinando dettagli meticolosi e composizione ariosa. La silhouette della bambina si staglia al centro di uno sfondo vegetale stilizzato, perfetto per rendering ricchi di texture. Ideale per l'utilizzo di tecniche come la pittura con la spatola, pu\u00f2 essere adattato anche a mondi pi\u00f9 astratti, lasciando ampio spazio all'interpretazione e al gesto artistico.<\/p>\n<p>Questo <strong>Stencil Ragazza sull'altalena<\/strong>\u00e8 uno strumento creativo davvero espressivo. Pu\u00f2 essere utilizzato per murales su larga scala o per progetti decorativi pi\u00f9 intimi. Crea immediatamente un'atmosfera poetica, permettendo agli artisti di esplorare nozioni di movimento, natura e ispirazione creativa, con un tocco di eleganza e libert\u00e0.<\/p>","protected":false},"excerpt":{"rendered":"<p><strong>Stencil Ragazza sull'altalena<\/strong> - Un tocco di sogno e movimento per i vostri murales, dipinti astratti o ambientazioni di campagna.<\/p>","protected":false},"featured_media":23250,"comment_status":"open","ping_status":"closed","template":"","meta":{"bwfblock_default_font":"","_kad_blocks_custom_css":"","_kad_blocks_head_custom_js":"","_kad_blocks_body_custom_js":"","_kad_blocks_footer_custom_js":"","_kadence_starter_templates_imported_post":false,"_kad_post_transparent":"default","_kad_post_title":"","_kad_post_layout":"default","_kad_post_sidebar_id":"","_kad_post_content_style":"default","_kad_post_vertical_padding":"default","_kad_post_feature":"","_kad_post_feature_position":"","_kad_post_header":false,"_kad_post_footer":false,"_kad_post_classname":""},"product_brand":[1415],"product_cat":[1332,481],"product_tag":[1314,1308,825,1064,370,1316,1140],"class_list":{"0":"post-23289","1":"product","2":"type-product","3":"status-publish","4":"has-post-thumbnail","6":"product_brand-mes-pochoirs","7":"product_cat-champs-azur","8":"product_cat-collections","9":"product_tag-balancoire","10":"product_tag-champs","11":"product_tag-enfant","12":"product_tag-liberte","13":"product_tag-nature","14":"product_tag-poesie","15":"product_tag-silhouette","17":"first","18":"instock","19":"taxable","20":"shipping-taxable","21":"purchasable","22":"product-type-variable","23":"entry","24":"content-bg","25":"loop-entry"},"taxonomy_info":{"product_brand":[{"value":1415,"label":"Mes Pochoirs"}],"product_cat":[{"value":1332,"label":"Champs d\u2019Azur"},{"value":481,"label":"Collections"}],"product_tag":[{"value":1314,"label":"balan\u00e7oire"},{"value":1308,"label":"champs"},{"value":825,"label":"enfant"},{"value":1064,"label":"Libert\u00e9"},{"value":370,"label":"nature"},{"value":1316,"label":"po\u00e9sie"},{"value":1140,"label":"silhouette"}]},"featured_image_src_large":["https:\/\/mes-pochoirs.com\/wp-content\/uploads\/2025\/04\/CAZ003-pochoir-collection-champs-azur-copyright-mes-pochoirs-858x1030.jpg",858,1030,true],"author_info":[],"comment_info":0,"_links":{"self":[{"href":"https:\/\/mes-pochoirs.com\/it\/wp-json\/wp\/v2\/product\/23289","targetHints":{"allow":["GET"]}}],"collection":[{"href":"https:\/\/mes-pochoirs.com\/it\/wp-json\/wp\/v2\/product"}],"about":[{"href":"https:\/\/mes-pochoirs.com\/it\/wp-json\/wp\/v2\/types\/product"}],"replies":[{"embeddable":true,"href":"https:\/\/mes-pochoirs.com\/it\/wp-json\/wp\/v2\/comments?post=23289"}],"wp:featuredmedia":[{"embeddable":true,"href":"https:\/\/mes-pochoirs.com\/it\/wp-json\/wp\/v2\/media\/23250"}],"wp:attachment":[{"href":"https:\/\/mes-pochoirs.com\/it\/wp-json\/wp\/v2\/media?parent=23289"}],"wp:term":[{"taxonomy":"product_brand","embeddable":true,"href":"https:\/\/mes-pochoirs.com\/it\/wp-json\/wp\/v2\/product_brand?post=23289"},{"taxonomy":"product_cat","embeddable":true,"href":"https:\/\/mes-pochoirs.com\/it\/wp-json\/wp\/v2\/product_cat?post=23289"},{"taxonomy":"product_tag","embeddable":true,"href":"https:\/\/mes-pochoirs.com\/it\/wp-json\/wp\/v2\/product_tag?post=23289"}],"curies":[{"name":"wp","href":"https:\/\/api.w.org\/{rel}","templated":true}]}}