{"id":23360,"date":"2025-04-30T16:41:21","date_gmt":"2025-04-30T14:41:21","guid":{"rendered":"https:\/\/mes-pochoirs.com\/?post_type=product&#038;p=23360"},"modified":"2025-10-31T12:36:24","modified_gmt":"2025-10-31T11:36:24","slug":"stencil-sentiero-dei-bambini-caz011","status":"publish","type":"product","link":"https:\/\/mes-pochoirs.com\/it\/produit\/pochoir-chemin-denfance-caz011","title":{"rendered":"Stencil per il sentiero dell'infanzia - CAZ011"},"content":{"rendered":"<h2>stencil per il percorso dell'infanzia<\/h2>\n<h3>Una passeggiata gratuita nel cuore della natura<\/h3>\n<p><strong>Percorso infanzia a stencil<\/strong> Questo disegno raffigura una bambina in movimento, catturata in un momento di calma e libert\u00e0, che si muove serenamente tra campi e prati. La sua silhouette snella e leggera evoca una dolce passeggiata, scandita dal vento, dalla luce e dal silenzio dei grandi spazi aperti. Questo stencil trasmette la semplice bellezza di un momento di evasione, tra contemplazione e movimento interiore. Simboleggia l'infanzia pi\u00f9 sincera: una presenza fragile ma sicura, un'energia gentile in armonia con la natura.<\/p>\n<p>Le <strong>Percorso infanzia a stencil<\/strong> \u00e8 un tributo a quei ricordi spensierati, a quei momenti preziosi in cui si andava avanti, guidati dalla curiosit\u00e0, dai sogni e dal senso di libert\u00e0. Offre agli artisti un palcoscenico suggestivo e senza tempo, ideale per catturare l'emozione del camminare, del passare e dell'evolversi.<\/p>\n<h3>Uno strumento grafico dallo stile raffinato ed espressivo<\/h3>\n<p><strong>Percorso infanzia a stencil<\/strong> Progettato per gli artisti alla ricerca di una narrazione visiva, questo stencil vi conquister\u00e0 con la sua composizione chiara e le sue linee fluide. La silhouette del bambino \u00e8 resa con precisione e minimalismo, lasciando spazio all'interpretazione personale a seconda delle tecniche utilizzate. Questo modello \u00e8 particolarmente adatto a sfondi astratti e texture lavorate, in particolare con i coltelli da pittore, per dare rilievo e carattere alla scena.<\/p>\n<p>Riutilizzabile e disponibile in diverse misure, il <strong>Percorso infanzia a stencil<\/strong> si presta ugualmente bene a murales di grandi dimensioni e a opere pi\u00f9 intime. Si integra perfettamente con mondi poetici, naturali e sensibili, aggiungendo una forte dimensione narrativa. Che si tratti di un dipinto, di una parete o di un oggetto decorativo, diventa un potente strumento di espressione al servizio della libert\u00e0 creativa e della memoria sensibile.<\/p>","protected":false},"excerpt":{"rendered":"<p>Aggiungete un tocco d'infanzia e di poesia alle vostre creazioni con questo <strong>Stencil Chemin d'Enfance<\/strong>perfetto per le vostre opere artistiche nel cuore della natura.<\/p>","protected":false},"featured_media":23258,"comment_status":"open","ping_status":"closed","template":"","meta":{"bwfblock_default_font":"","_kad_blocks_custom_css":"","_kad_blocks_head_custom_js":"","_kad_blocks_body_custom_js":"","_kad_blocks_footer_custom_js":"","_kadence_starter_templates_imported_post":false,"_kad_post_transparent":"default","_kad_post_title":"","_kad_post_layout":"default","_kad_post_sidebar_id":"","_kad_post_content_style":"default","_kad_post_vertical_padding":"default","_kad_post_feature":"","_kad_post_feature_position":"","_kad_post_header":false,"_kad_post_footer":false,"_kad_post_classname":""},"product_brand":[1415],"product_cat":[1332,481],"product_tag":[1335,1308,825,1064,370,1316,1334,1140],"class_list":{"0":"post-23360","1":"product","2":"type-product","3":"status-publish","4":"has-post-thumbnail","6":"product_brand-mes-pochoirs","7":"product_cat-champs-azur","8":"product_cat-collections","9":"product_tag-balade","10":"product_tag-champs","11":"product_tag-enfant","12":"product_tag-liberte","13":"product_tag-nature","14":"product_tag-poesie","15":"product_tag-promenade","16":"product_tag-silhouette","18":"first","19":"instock","20":"taxable","21":"shipping-taxable","22":"purchasable","23":"product-type-variable","24":"entry","25":"content-bg","26":"loop-entry"},"taxonomy_info":{"product_brand":[{"value":1415,"label":"Mes Pochoirs"}],"product_cat":[{"value":1332,"label":"Champs d\u2019Azur"},{"value":481,"label":"Collections"}],"product_tag":[{"value":1335,"label":"balade"},{"value":1308,"label":"champs"},{"value":825,"label":"enfant"},{"value":1064,"label":"Libert\u00e9"},{"value":370,"label":"nature"},{"value":1316,"label":"po\u00e9sie"},{"value":1334,"label":"promenade"},{"value":1140,"label":"silhouette"}]},"featured_image_src_large":["https:\/\/mes-pochoirs.com\/wp-content\/uploads\/2025\/04\/CAZ011-pochoir-collection-champs-azur-copyright-mes-pochoirs-858x1030.jpg",858,1030,true],"author_info":[],"comment_info":0,"_links":{"self":[{"href":"https:\/\/mes-pochoirs.com\/it\/wp-json\/wp\/v2\/product\/23360","targetHints":{"allow":["GET"]}}],"collection":[{"href":"https:\/\/mes-pochoirs.com\/it\/wp-json\/wp\/v2\/product"}],"about":[{"href":"https:\/\/mes-pochoirs.com\/it\/wp-json\/wp\/v2\/types\/product"}],"replies":[{"embeddable":true,"href":"https:\/\/mes-pochoirs.com\/it\/wp-json\/wp\/v2\/comments?post=23360"}],"wp:featuredmedia":[{"embeddable":true,"href":"https:\/\/mes-pochoirs.com\/it\/wp-json\/wp\/v2\/media\/23258"}],"wp:attachment":[{"href":"https:\/\/mes-pochoirs.com\/it\/wp-json\/wp\/v2\/media?parent=23360"}],"wp:term":[{"taxonomy":"product_brand","embeddable":true,"href":"https:\/\/mes-pochoirs.com\/it\/wp-json\/wp\/v2\/product_brand?post=23360"},{"taxonomy":"product_cat","embeddable":true,"href":"https:\/\/mes-pochoirs.com\/it\/wp-json\/wp\/v2\/product_cat?post=23360"},{"taxonomy":"product_tag","embeddable":true,"href":"https:\/\/mes-pochoirs.com\/it\/wp-json\/wp\/v2\/product_tag?post=23360"}],"curies":[{"name":"wp","href":"https:\/\/api.w.org\/{rel}","templated":true}]}}