{"id":25855,"date":"2025-05-15T10:33:10","date_gmt":"2025-05-15T08:33:10","guid":{"rendered":"https:\/\/mes-pochoirs.com\/?post_type=product&#038;p=25855"},"modified":"2025-10-31T12:37:32","modified_gmt":"2025-10-31T11:37:32","slug":"stencil-indiano-con-copricapo-di-piume-fas002","status":"publish","type":"product","link":"https:\/\/mes-pochoirs.com\/it\/produit\/pochoir-indien-avec-coiffe-a-plumes-fas002","title":{"rendered":"Stencil indiano con copricapo di piume - FAS002"},"content":{"rendered":"<h2>Stencil indiano con copricapo piumato<\/h2>\n<h3>Un capo amerindiano che guarda all'orizzonte<\/h3>\n<p><strong>Stencil indiano con copricapo piumato<\/strong>Questo modello raffigura un capo amerindiano di profilo, colto in un momento di calma e lucidit\u00e0. Guardando in lontananza, con le labbra serrate, questo guerriero indiano evoca la forza silenziosa delle popolazioni indigene del Nord America. Ogni tratto \u00e8 intriso di una nobilt\u00e0 naturale, di un profondo rispetto per le tradizioni ancestrali e di un legame sacro con la terra. Racconta la storia di un volto amerindio fiero e dignitoso, portatore di una leggenda amerindia dimenticata che deve essere fatta rivivere attraverso l'arte. Il copricapo di piume, imponente e finemente lavorato, scende fino al petto come un mantello ereditario, un forte simbolo dell'identit\u00e0 aborigena. Il volto di questo guerriero, calmo ma concentrato, ispira rispetto e conferisce un'aura spirituale a tutte le creazioni che abita.<\/p>\n<h3>L'eleganza grafica al servizio dell'arte tribale<\/h3>\n<p><strong>Stencil indiano con copricapo piumato<\/strong>\u00c8 uno strumento artistico di alta qualit\u00e0 progettato per gli artisti alla ricerca di profondit\u00e0 ed espressione. Perfettamente tagliato al laser, ogni piuma e linea pu\u00f2 essere riprodotta con precisione, dando vita a un capo indiano ricco di storia e simbolismo. Questo stencil pu\u00f2 essere utilizzato su un'ampia gamma di superfici: tele, murales, mobili, e funziona altrettanto bene con la vernice acrilica o con la spray art. Un must per qualsiasi progetto ispirato all'arte tribale, all'arte amerindiana o agli universi etnici contemporanei. Questo<strong> Stencil indiano con copricapo piumato<\/strong> porter\u00e0 un messaggio potente al vostro lavoro: una presenza ancestrale, un'emozione grafica, un tributo visivo ai nativi americani e alla loro ricchezza culturale senza tempo.<\/p>","protected":false},"excerpt":{"rendered":"<p><strong data-start=\"1779\" data-end=\"1818\">Stencil indiano con copricapo piumato<\/strong>Per una pittura ispirata e simbolica. Strumento riutilizzabile, alta qualit\u00e0, vari formati.<\/p>","protected":false},"featured_media":25833,"comment_status":"open","ping_status":"closed","template":"","meta":{"bwfblock_default_font":"","_kad_blocks_custom_css":"","_kad_blocks_head_custom_js":"","_kad_blocks_body_custom_js":"","_kad_blocks_footer_custom_js":"","_kadence_starter_templates_imported_post":false,"_kad_post_transparent":"default","_kad_post_title":"","_kad_post_layout":"default","_kad_post_sidebar_id":"","_kad_post_content_style":"default","_kad_post_vertical_padding":"default","_kad_post_feature":"","_kad_post_feature_position":"","_kad_post_header":false,"_kad_post_footer":false,"_kad_post_classname":""},"product_brand":[1415],"product_cat":[1385,481,36,328],"product_tag":[1397,1181,1392,1391,1395,1390,1387,1386,1394,1172,1389,1168,1396,1388,1393],"class_list":{"0":"post-25855","1":"product","2":"type-product","3":"status-publish","4":"has-post-thumbnail","6":"product_brand-mes-pochoirs","7":"product_cat-feathers-and-silence","8":"product_cat-collections","9":"product_cat-pochoirs-portraits-visages","10":"product_cat-pochoirs-street-art","11":"product_tag-amerique-du-nord","12":"product_tag-ancestral","13":"product_tag-art-amerindien","14":"product_tag-art-tribal","15":"product_tag-autochtone","16":"product_tag-autochtone-americain","17":"product_tag-chef-amerindien","18":"product_tag-chef-indien","19":"product_tag-coiffe-a-plumes","20":"product_tag-ethnique","21":"product_tag-guerrier-indien","22":"product_tag-indien","23":"product_tag-legende-amerindienne","24":"product_tag-visage-amerindien","25":"product_tag-visage-de-guerrier","27":"first","28":"instock","29":"taxable","30":"shipping-taxable","31":"purchasable","32":"product-type-variable","33":"has-default-attributes","34":"entry","35":"content-bg","36":"loop-entry"},"taxonomy_info":{"product_brand":[{"value":1415,"label":"Mes Pochoirs"}],"product_cat":[{"value":1385,"label":"Feathers and Silence"},{"value":481,"label":"Collections"},{"value":36,"label":"Portraits &amp; Visages"},{"value":328,"label":"Street Art"}],"product_tag":[{"value":1397,"label":"Am\u00e9rique du Nord"},{"value":1181,"label":"ancestral"},{"value":1392,"label":"art am\u00e9rindien"},{"value":1391,"label":"art tribal"},{"value":1395,"label":"autochtone"},{"value":1390,"label":"autochtone am\u00e9ricain"},{"value":1387,"label":"chef am\u00e9rindien"},{"value":1386,"label":"chef indien"},{"value":1394,"label":"coiffe \u00e0 plumes"},{"value":1172,"label":"ethnique"},{"value":1389,"label":"guerrier indien"},{"value":1168,"label":"indien"},{"value":1396,"label":"l\u00e9gende am\u00e9rindienne"},{"value":1388,"label":"visage am\u00e9rindien"},{"value":1393,"label":"visage de guerrier"}]},"featured_image_src_large":["https:\/\/mes-pochoirs.com\/wp-content\/uploads\/2025\/05\/FAS002-pochoir-collection-feathers-and-silence-copyright-mes-pochoirs-858x1030.jpg",858,1030,true],"author_info":[],"comment_info":0,"_links":{"self":[{"href":"https:\/\/mes-pochoirs.com\/it\/wp-json\/wp\/v2\/product\/25855","targetHints":{"allow":["GET"]}}],"collection":[{"href":"https:\/\/mes-pochoirs.com\/it\/wp-json\/wp\/v2\/product"}],"about":[{"href":"https:\/\/mes-pochoirs.com\/it\/wp-json\/wp\/v2\/types\/product"}],"replies":[{"embeddable":true,"href":"https:\/\/mes-pochoirs.com\/it\/wp-json\/wp\/v2\/comments?post=25855"}],"wp:featuredmedia":[{"embeddable":true,"href":"https:\/\/mes-pochoirs.com\/it\/wp-json\/wp\/v2\/media\/25833"}],"wp:attachment":[{"href":"https:\/\/mes-pochoirs.com\/it\/wp-json\/wp\/v2\/media?parent=25855"}],"wp:term":[{"taxonomy":"product_brand","embeddable":true,"href":"https:\/\/mes-pochoirs.com\/it\/wp-json\/wp\/v2\/product_brand?post=25855"},{"taxonomy":"product_cat","embeddable":true,"href":"https:\/\/mes-pochoirs.com\/it\/wp-json\/wp\/v2\/product_cat?post=25855"},{"taxonomy":"product_tag","embeddable":true,"href":"https:\/\/mes-pochoirs.com\/it\/wp-json\/wp\/v2\/product_tag?post=25855"}],"curies":[{"name":"wp","href":"https:\/\/api.w.org\/{rel}","templated":true}]}}