{"id":27083,"date":"2025-07-10T09:16:42","date_gmt":"2025-07-10T07:16:42","guid":{"rendered":"https:\/\/mes-pochoirs.com\/?post_type=product&#038;p=27083"},"modified":"2025-10-31T12:40:14","modified_gmt":"2025-10-31T11:40:14","slug":"stencil-girl-manga-odango-mgs018","status":"publish","type":"product","link":"https:\/\/mes-pochoirs.com\/it\/produit\/pochoir-fille-manga-odango-mgs018","title":{"rendered":"Stencil Manga - Tokyo Odango - MGS018"},"content":{"rendered":"<h2>Ragazza Manga Odango Stencil<\/h2>\n<p>Questo <strong>Ragazza Manga Odango Stencil<\/strong> cattura un momento fragile: quello in cui una ragazza, con due chignon accuratamente annodati, si gira a met\u00e0 come se qualcosa avesse appena sfiorato la sua memoria. La ragazza ha una grazia naturale che non \u00e8 n\u00e9 preziosa n\u00e9 stagnante, un misto di spontaneit\u00e0 e sicurezza che ricorda le eroine contemporanee delle storie giapponesi. Le spalle rilassate e il portamento libero della testa suggeriscono una personalit\u00e0 curiosa, attenta ai dettagli del mondo che la circonda. Eppure, dietro le linee chiare dei suoi occhi, percepiamo la silenziosa riservatezza di chi porta i propri segreti nel profondo.<\/p>\n<p>L'acconciatura \"odango\" \u00e8 il suo tratto distintivo: due cerchi perfetti, appollaiati come guardiani discreti, simboli di una tradizione rivisitata dalla citt\u00e0 e dal design moderno. Questi volumi sottili creano un ritmo visivo che attira lo sguardo, guida la silhouette e ricorda la costante tensione tra estetica antica ed espressione urbana. Il capo, stilizzato senza eccessi, suggerisce il kimono senza citarlo alla lettera; allude all'idea di un guardaroba senza tempo, una fusione di passato e presente.<\/p>\n<p>Intorno a lei, lo sfondo strutturato agisce come un muro saturo di storie cancellate, manifesti strappati e forme sovrapposte. Ogni traccia evoca una parola non pi\u00f9 ascoltata, un'eco di passi lontani, un frammento di un manifesto scomparso. La figura si erge in questo caos visivo come un punto di equilibrio. Le sue linee decise, tagliate in contorni netti, contrastano con la casualit\u00e0; ancorano lo sguardo, impongono una pausa e ci ricordano che la citt\u00e0 \u00e8 fatta di momenti umani congelati tra due battiti del cuore.<\/p>\n<p>Attraverso questo <strong>Ragazza Manga Odango Stencil<\/strong>Un soffio di giovent\u00f9 giapponese, una nota di eleganza urbana, un cenno alla tradizione che continua a vibrare, anche nel cuore del cemento.<\/p>","protected":false},"excerpt":{"rendered":"<p><strong>Ragazza Manga Odango Stencil<\/strong>Per i pittori. Sagoma multidimensionale e riutilizzabile, perfetta per decorazioni o grafiche murali.<\/p>","protected":false},"featured_media":26915,"comment_status":"open","ping_status":"closed","template":"","meta":{"bwfblock_default_font":"","_kad_blocks_custom_css":"","_kad_blocks_head_custom_js":"","_kad_blocks_body_custom_js":"","_kad_blocks_footer_custom_js":"","_kadence_starter_templates_imported_post":false,"_kad_post_transparent":"default","_kad_post_title":"","_kad_post_layout":"default","_kad_post_sidebar_id":"","_kad_post_content_style":"default","_kad_post_vertical_padding":"default","_kad_post_feature":"","_kad_post_feature_position":"","_kad_post_header":false,"_kad_post_footer":false,"_kad_post_classname":""},"product_brand":[1415],"product_cat":[1522,481,1434,1433,36,328],"product_tag":[611,1438,1441,822,528,1440,994,1439,1436,1615,703,390,1442,1437],"class_list":{"0":"post-27083","1":"product","2":"type-product","3":"status-publish","4":"has-post-thumbnail","6":"product_brand-mes-pochoirs","7":"product_cat-manga-sutenshiru","8":"product_cat-collections","9":"product_cat-pochoirs-manga","10":"product_cat-pochoirs-manga-univers-japonais","11":"product_cat-pochoirs-portraits-visages","12":"product_cat-pochoirs-street-art","13":"product_tag-anime","14":"product_tag-art-japonais","15":"product_tag-asiatique","16":"product_tag-dessin","17":"product_tag-fille","18":"product_tag-inspiration-asiatique","19":"product_tag-japon","20":"product_tag-japonais","21":"product_tag-manga","22":"product_tag-odango","23":"product_tag-personnage","24":"product_tag-portrait","25":"product_tag-shojo","26":"product_tag-sutenshiru","28":"first","29":"instock","30":"taxable","31":"shipping-taxable","32":"purchasable","33":"product-type-variable","34":"entry","35":"content-bg","36":"loop-entry"},"taxonomy_info":{"product_brand":[{"value":1415,"label":"Mes Pochoirs"}],"product_cat":[{"value":1522,"label":"Manga Sutenshiru"},{"value":481,"label":"Collections"},{"value":1434,"label":"Manga"},{"value":1433,"label":"Manga &amp; Univers Japonais"},{"value":36,"label":"Portraits &amp; Visages"},{"value":328,"label":"Street Art"}],"product_tag":[{"value":611,"label":"anim\u00e9"},{"value":1438,"label":"art japonais"},{"value":1441,"label":"asiatique"},{"value":822,"label":"dessin"},{"value":528,"label":"fille"},{"value":1440,"label":"inspiration asiatique"},{"value":994,"label":"japon"},{"value":1439,"label":"Japonais"},{"value":1436,"label":"manga"},{"value":1615,"label":"Odango"},{"value":703,"label":"personnage"},{"value":390,"label":"portrait"},{"value":1442,"label":"sh\u014djo \""},{"value":1437,"label":"sutenshiru"}]},"featured_image_src_large":["https:\/\/mes-pochoirs.com\/wp-content\/uploads\/2025\/06\/MGS018-pochoir-collection-manga-sutenshiru-copyright-mes-pochoirs-858x1030.jpg",858,1030,true],"author_info":[],"comment_info":0,"_links":{"self":[{"href":"https:\/\/mes-pochoirs.com\/it\/wp-json\/wp\/v2\/product\/27083","targetHints":{"allow":["GET"]}}],"collection":[{"href":"https:\/\/mes-pochoirs.com\/it\/wp-json\/wp\/v2\/product"}],"about":[{"href":"https:\/\/mes-pochoirs.com\/it\/wp-json\/wp\/v2\/types\/product"}],"replies":[{"embeddable":true,"href":"https:\/\/mes-pochoirs.com\/it\/wp-json\/wp\/v2\/comments?post=27083"}],"wp:featuredmedia":[{"embeddable":true,"href":"https:\/\/mes-pochoirs.com\/it\/wp-json\/wp\/v2\/media\/26915"}],"wp:attachment":[{"href":"https:\/\/mes-pochoirs.com\/it\/wp-json\/wp\/v2\/media?parent=27083"}],"wp:term":[{"taxonomy":"product_brand","embeddable":true,"href":"https:\/\/mes-pochoirs.com\/it\/wp-json\/wp\/v2\/product_brand?post=27083"},{"taxonomy":"product_cat","embeddable":true,"href":"https:\/\/mes-pochoirs.com\/it\/wp-json\/wp\/v2\/product_cat?post=27083"},{"taxonomy":"product_tag","embeddable":true,"href":"https:\/\/mes-pochoirs.com\/it\/wp-json\/wp\/v2\/product_tag?post=27083"}],"curies":[{"name":"wp","href":"https:\/\/api.w.org\/{rel}","templated":true}]}}