{"id":27097,"date":"2025-07-03T09:41:57","date_gmt":"2025-07-03T07:41:57","guid":{"rendered":"https:\/\/mes-pochoirs.com\/?post_type=product&#038;p=27097"},"modified":"2025-10-31T12:40:16","modified_gmt":"2025-10-31T11:40:16","slug":"stencil-manga-ragazzo-con-cappello-di-paglia-mgs019","status":"publish","type":"product","link":"https:\/\/mes-pochoirs.com\/it\/produit\/pochoir-manga-garcon-au-chapeau-de-paille-mgs019","title":{"rendered":"Stencil Manga - Cappello di paglia Sh\u014dnen - MGS019"},"content":{"rendered":"<h2>Stencil Ragazzo manga con cappello di paglia<\/h2>\n<p>Questo <strong>Stencil Ragazzo manga con cappello di paglia<\/strong> cattura il momento preciso in cui un eroe sceglie la gioia al posto della paura. In piedi, indossa un ampio cappello di paglia, protettivo e giocoso, le cui falde incorniciano un volto segnato da una discreta cicatrice, ricordo di tempeste gi\u00e0 superate. Gli occhiali rotondi poggiano sui suoi occhi, per met\u00e0 specchio e per met\u00e0 porta verso un altrove; le loro lenti riflettono un orizzonte mutevole che non riusciamo a distinguere, ma al quale sembra voler appartenere con tutto il suo essere.<\/p>\n<p>Il suo sorriso, calmo e determinato, non \u00e8 quello di un ingenuo ottimista: rivela una fiducia profonda, un credo semplice: qualunque cosa accada, lui andr\u00e0 avanti. Un contagioso senso di libert\u00e0 emana da questo arco leggero. Gli schizzi astratti di pittura sullo sfondo - gocce, schizzi, graffi - sono un'eco del mondo esterno: un caos permanente, un mormorio di passi, onde, voci. Eppure nulla disturba la serenit\u00e0 del volto. Questo contrasto crea un punto di equilibrio: l'onda della citt\u00e0 contro l'immobilit\u00e0 di un sognatore indomito.<\/p>\n<p>Il trattamento grafico di questo <strong>Stencil Ragazzo manga con cappello di paglia<\/strong>combina le linee pulite dei manga con la cruda energia dell'arte di strada. Ogni proiezione intorno alla figura sembra raccontare la storia di un'avventura passata: isole lontane, incontri inaspettati, battaglie appena concluse. Gli occhiali catturano frammenti di questo universo, come se il viaggio si svolgesse sia dietro che davanti ai nostri occhi. In questo modo, la figura iconica diventa un ponte visivo tra qui e l\u00e0, tra il muro fisico e il mare immaginario.<\/p>\n<p>Collocata su una tela, una facciata o un mobile, questa figura funge da totem della spinta interiore. Ricorda ai passanti che il coraggio pu\u00f2 esprimersi nella semplicit\u00e0 di un sorriso, che la libert\u00e0 a volte sta nel modo in cui si guarda l'orizzonte e che lo spirito di avventura \u00e8 solo a un passo - o a un sogno - di distanza.<\/p>","protected":false},"excerpt":{"rendered":"<p><strong>Stencil Ragazzo manga con cappello di paglia<\/strong>Un modello creativo per artisti e hobbisti. Riutilizzabile, multidimensionale, perfetto per la pittura e la grafica.<\/p>","protected":false},"featured_media":26916,"comment_status":"open","ping_status":"closed","template":"","meta":{"bwfblock_default_font":"","_kad_blocks_custom_css":"","_kad_blocks_head_custom_js":"","_kad_blocks_body_custom_js":"","_kad_blocks_footer_custom_js":"","_kadence_starter_templates_imported_post":false,"_kad_post_transparent":"default","_kad_post_title":"","_kad_post_layout":"default","_kad_post_sidebar_id":"","_kad_post_content_style":"default","_kad_post_vertical_padding":"default","_kad_post_feature":"","_kad_post_feature_position":"","_kad_post_header":false,"_kad_post_footer":false,"_kad_post_classname":""},"product_brand":[1415],"product_cat":[1522,481,1434,1433,328],"product_tag":[1438,1441,586,1440,994,1439,1436,703,1437],"class_list":{"0":"post-27097","1":"product","2":"type-product","3":"status-publish","4":"has-post-thumbnail","6":"product_brand-mes-pochoirs","7":"product_cat-manga-sutenshiru","8":"product_cat-collections","9":"product_cat-pochoirs-manga","10":"product_cat-pochoirs-manga-univers-japonais","11":"product_cat-pochoirs-street-art","12":"product_tag-art-japonais","13":"product_tag-asiatique","14":"product_tag-dessin-anime","15":"product_tag-inspiration-asiatique","16":"product_tag-japon","17":"product_tag-japonais","18":"product_tag-manga","19":"product_tag-personnage","20":"product_tag-sutenshiru","22":"first","23":"instock","24":"taxable","25":"shipping-taxable","26":"purchasable","27":"product-type-variable","28":"entry","29":"content-bg","30":"loop-entry"},"taxonomy_info":{"product_brand":[{"value":1415,"label":"Mes Pochoirs"}],"product_cat":[{"value":1522,"label":"Manga Sutenshiru"},{"value":481,"label":"Collections"},{"value":1434,"label":"Manga"},{"value":1433,"label":"Manga &amp; Univers Japonais"},{"value":328,"label":"Street Art"}],"product_tag":[{"value":1438,"label":"art japonais"},{"value":1441,"label":"asiatique"},{"value":586,"label":"dessin anim\u00e9"},{"value":1440,"label":"inspiration asiatique"},{"value":994,"label":"japon"},{"value":1439,"label":"Japonais"},{"value":1436,"label":"manga"},{"value":703,"label":"personnage"},{"value":1437,"label":"sutenshiru"}]},"featured_image_src_large":["https:\/\/mes-pochoirs.com\/wp-content\/uploads\/2025\/06\/MGS019-pochoir-collection-manga-sutenshiru-copyright-mes-pochoirs-858x1030.jpg",858,1030,true],"author_info":[],"comment_info":0,"_links":{"self":[{"href":"https:\/\/mes-pochoirs.com\/it\/wp-json\/wp\/v2\/product\/27097","targetHints":{"allow":["GET"]}}],"collection":[{"href":"https:\/\/mes-pochoirs.com\/it\/wp-json\/wp\/v2\/product"}],"about":[{"href":"https:\/\/mes-pochoirs.com\/it\/wp-json\/wp\/v2\/types\/product"}],"replies":[{"embeddable":true,"href":"https:\/\/mes-pochoirs.com\/it\/wp-json\/wp\/v2\/comments?post=27097"}],"wp:featuredmedia":[{"embeddable":true,"href":"https:\/\/mes-pochoirs.com\/it\/wp-json\/wp\/v2\/media\/26916"}],"wp:attachment":[{"href":"https:\/\/mes-pochoirs.com\/it\/wp-json\/wp\/v2\/media?parent=27097"}],"wp:term":[{"taxonomy":"product_brand","embeddable":true,"href":"https:\/\/mes-pochoirs.com\/it\/wp-json\/wp\/v2\/product_brand?post=27097"},{"taxonomy":"product_cat","embeddable":true,"href":"https:\/\/mes-pochoirs.com\/it\/wp-json\/wp\/v2\/product_cat?post=27097"},{"taxonomy":"product_tag","embeddable":true,"href":"https:\/\/mes-pochoirs.com\/it\/wp-json\/wp\/v2\/product_tag?post=27097"}],"curies":[{"name":"wp","href":"https:\/\/api.w.org\/{rel}","templated":true}]}}