{"id":27312,"date":"2025-08-13T09:41:51","date_gmt":"2025-08-13T07:41:51","guid":{"rendered":"https:\/\/mes-pochoirs.com\/?post_type=product&#038;p=27312"},"modified":"2025-10-31T12:40:40","modified_gmt":"2025-10-31T11:40:40","slug":"stencil-eroina-manga-con-sguardo-intenso-mgs022","status":"publish","type":"product","link":"https:\/\/mes-pochoirs.com\/it\/produit\/pochoir-manga-heroine-au-regard-intense-mgs022","title":{"rendered":"Stencil Manga - Eroina dagli occhi intensi - MGS022"},"content":{"rendered":"<h2>Stencil Manga Eroina dallo sguardo intenso<\/h2>\n<p>Questo <strong>Stencil Manga Eroina dallo sguardo intenso<\/strong> cattura l'essenza di un personaggio manga il cui volto, raffigurato in primo piano, trasmette immediatamente un'impressionante miscela di dolcezza e determinazione. Le linee larghe, nette e spigolose del ritaglio enfatizzano la simmetria della composizione: lo sguardo \u00e8 centrato, piantato in pieno in quello dell'osservatore, conferendo al ritratto un'intensit\u00e0 silenziosa, quasi ipnotica. Gli occhi, scolpiti con sottili aperture per i riflessi, trasmettono una profondit\u00e0 d'animo, mentre la sottile curva delle ciglia e delle sopracciglia infonde un tocco di femminilit\u00e0 assertiva.<\/p>\n<p>I capelli, tagliati a caschetto con frangia, si srotolano in ciocche affusolate, ogni sezione lavorata con precisione; i tagli successivi creano un gioco di volumi e rilievi che rafforzano il carattere dinamico dell'insieme. Alle estremit\u00e0, alcune ciocche sembrano sfuggire nel vuoto, suggerendo un movimento impercettibile, come un inaspettato soffio di vento. Il volto, leggermente inclinato, con il mento in avanti, evoca una sensazione di tranquilla sicurezza; le labbra finemente disegnate, quasi chiuse, accennano a un segreto o a un pensiero interiore che si pu\u00f2 solo intravedere.<\/p>\n<p>In basso, l'inizio del colletto di una giacca fornisce un indizio sulla narrazione: il protagonista potrebbe essere uno studente ribelle, un hacker o un'eroina urbana pronta a difendere il proprio territorio. Questo minimalismo controllato apre all'utente una vasta gamma di interpretazioni: murales, personalizzazione di tessuti, illustrazione su tela o creazione di un dipinto a tecnica mista. Grazie alla nitidezza del ritaglio e alla leggibilit\u00e0 del disegno <strong>Stencil Manga Eroina dallo sguardo intenso<\/strong>Il risultato finale sar\u00e0 chiaro, rivelando ogni sfumatura di luce e ombra voluta dall'artista.<\/p>\n<p>Versatile e progettato per un uso ripetuto, il modello piacer\u00e0 tanto agli appassionati della cultura pop e manga giapponese quanto agli artisti contemporanei alla ricerca di una figura femminile forte in grado di trasformare istantaneamente un ambiente o un'opera personale in una potente dichiarazione visiva.<\/p>","protected":false},"excerpt":{"rendered":"<p><strong>Stencil Manga Eroina dallo sguardo intenso<\/strong> Taglio fine, riutilizzabile e di alta qualit\u00e0. Formato adatto a dipinti o progetti pittorici.<\/p>","protected":false},"featured_media":27136,"comment_status":"open","ping_status":"closed","template":"","meta":{"bwfblock_default_font":"","_kad_blocks_custom_css":"","_kad_blocks_head_custom_js":"","_kad_blocks_body_custom_js":"","_kad_blocks_footer_custom_js":"","_kadence_starter_templates_imported_post":false,"_kad_post_transparent":"default","_kad_post_title":"","_kad_post_layout":"default","_kad_post_sidebar_id":"","_kad_post_content_style":"default","_kad_post_vertical_padding":"default","_kad_post_feature":"","_kad_post_feature_position":"","_kad_post_header":false,"_kad_post_footer":false,"_kad_post_classname":""},"product_brand":[1415],"product_cat":[1522,481,1434,1433,36,328],"product_tag":[611,1438,1441,822,1440,994,1439,1436,703,390,1442,1437,338],"class_list":{"0":"post-27312","1":"product","2":"type-product","3":"status-publish","4":"has-post-thumbnail","6":"product_brand-mes-pochoirs","7":"product_cat-manga-sutenshiru","8":"product_cat-collections","9":"product_cat-pochoirs-manga","10":"product_cat-pochoirs-manga-univers-japonais","11":"product_cat-pochoirs-portraits-visages","12":"product_cat-pochoirs-street-art","13":"product_tag-anime","14":"product_tag-art-japonais","15":"product_tag-asiatique","16":"product_tag-dessin","17":"product_tag-inspiration-asiatique","18":"product_tag-japon","19":"product_tag-japonais","20":"product_tag-manga","21":"product_tag-personnage","22":"product_tag-portrait","23":"product_tag-shojo","24":"product_tag-sutenshiru","25":"product_tag-visage","27":"first","28":"instock","29":"taxable","30":"shipping-taxable","31":"purchasable","32":"product-type-variable","33":"entry","34":"content-bg","35":"loop-entry"},"taxonomy_info":{"product_brand":[{"value":1415,"label":"Mes Pochoirs"}],"product_cat":[{"value":1522,"label":"Manga Sutenshiru"},{"value":481,"label":"Collections"},{"value":1434,"label":"Manga"},{"value":1433,"label":"Manga &amp; Univers Japonais"},{"value":36,"label":"Portraits &amp; Visages"},{"value":328,"label":"Street Art"}],"product_tag":[{"value":611,"label":"anim\u00e9"},{"value":1438,"label":"art japonais"},{"value":1441,"label":"asiatique"},{"value":822,"label":"dessin"},{"value":1440,"label":"inspiration asiatique"},{"value":994,"label":"japon"},{"value":1439,"label":"Japonais"},{"value":1436,"label":"manga"},{"value":703,"label":"personnage"},{"value":390,"label":"portrait"},{"value":1442,"label":"sh\u014djo \""},{"value":1437,"label":"sutenshiru"},{"value":338,"label":"visage"}]},"featured_image_src_large":["https:\/\/mes-pochoirs.com\/wp-content\/uploads\/2025\/06\/MGS022-pochoir-collection-manga-sutenshiru-copyright-mes-pochoirs-858x1030.jpg",858,1030,true],"author_info":[],"comment_info":0,"_links":{"self":[{"href":"https:\/\/mes-pochoirs.com\/it\/wp-json\/wp\/v2\/product\/27312","targetHints":{"allow":["GET"]}}],"collection":[{"href":"https:\/\/mes-pochoirs.com\/it\/wp-json\/wp\/v2\/product"}],"about":[{"href":"https:\/\/mes-pochoirs.com\/it\/wp-json\/wp\/v2\/types\/product"}],"replies":[{"embeddable":true,"href":"https:\/\/mes-pochoirs.com\/it\/wp-json\/wp\/v2\/comments?post=27312"}],"wp:featuredmedia":[{"embeddable":true,"href":"https:\/\/mes-pochoirs.com\/it\/wp-json\/wp\/v2\/media\/27136"}],"wp:attachment":[{"href":"https:\/\/mes-pochoirs.com\/it\/wp-json\/wp\/v2\/media?parent=27312"}],"wp:term":[{"taxonomy":"product_brand","embeddable":true,"href":"https:\/\/mes-pochoirs.com\/it\/wp-json\/wp\/v2\/product_brand?post=27312"},{"taxonomy":"product_cat","embeddable":true,"href":"https:\/\/mes-pochoirs.com\/it\/wp-json\/wp\/v2\/product_cat?post=27312"},{"taxonomy":"product_tag","embeddable":true,"href":"https:\/\/mes-pochoirs.com\/it\/wp-json\/wp\/v2\/product_tag?post=27312"}],"curies":[{"name":"wp","href":"https:\/\/api.w.org\/{rel}","templated":true}]}}