{"id":27335,"date":"2025-07-30T10:16:57","date_gmt":"2025-07-30T08:16:57","guid":{"rendered":"https:\/\/mes-pochoirs.com\/?post_type=product&#038;p=27335"},"modified":"2026-03-16T16:41:39","modified_gmt":"2026-03-16T15:41:39","slug":"stencil-geisha-manga-moderno-mgs024","status":"publish","type":"product","link":"https:\/\/mes-pochoirs.com\/it\/produit\/pochoir-manga-geisha-moderne-mgs024","title":{"rendered":"Stencil Manga - Geisha Moderne - MGS024"},"content":{"rendered":"<h2>Stencil moderno Manga Geisha<\/h2>\n<p>Questo <strong>Stencil moderno Manga Geisha<\/strong> presenta un'emblematica figura femminile, disegnata con delicatezza in un'estetica ispirata ai classici manga e ai codici tradizionali giapponesi. La figura di tre quarti emana una sottile eleganza e una tranquilla sicurezza. La sua postura eretta e controllata evoca la raffinatezza delle eroine di storie senza tempo, con la loro combinazione di dolcezza e forza interiore.<\/p>\n<p>Il viso, finemente tagliato, si distingue per i suoi tratti regolari: occhi grandi ed espressivi, sguardo leggermente sollevato verso lo spettatore, labbra chiuse dai contorni netti e naso discreto. Particolare attenzione \u00e8 riservata ai capelli, voluminosi e strutturati, acconciati con precisione in uno chignon stilizzato, impreziosito da due elementi triangolari che evocano le orecchie di gatto o gli accessori decorativi tipici della moda kawaii. Queste aggiunte, unite all'espressione calma del personaggio, creano un contrasto tra candore e mistero.<\/p>\n<p>Il kimono, con il suo caratteristico colletto a doppio petto e i motivi floreali parzialmente visibili sulla spalla e sulla manica, arricchisce la composizione. Suggerisce un mix di cultura tradizionale ed estetica pop contemporanea. I ritagli fluidi dell'indumento conferiscono al motivo una profondit\u00e0 che piacer\u00e0 tanto agli appassionati di arte murale quanto a chi \u00e8 appassionato di moda alternativa o di character design.<\/p>\n<p>La struttura dello stencil si basa su un perfetto equilibrio tra aree solide e aree perforate, per una resa fine, chiara e fedele anche su superfici complesse. Che si tratti di un dipinto, di un affresco, di un progetto tessile o di un disegno su legno, questo modello fornir\u00e0 una finitura notevole.<\/p>\n<p>Riutilizzabile, versatile e accuratamente progettato, questo <strong>Stencil moderno Manga Geisha<\/strong> si rivolge agli artisti alla ricerca di una forte immagine femminile con un'identit\u00e0 grafica distintiva. Pu\u00f2 anche essere integrato in progetti di arte narrativa, evocando un'eroina moderna, elegante e radicata in un immaginario visivo giapponese altamente stilizzato.<\/p>","protected":false},"excerpt":{"rendered":"<p><strong>Stencil moderno Manga Geisha<\/strong> Stile giapponese. Riutilizzabili, di alta qualit\u00e0, di diverse dimensioni, perfetti per la pittura o la tela.<\/p>","protected":false},"featured_media":27138,"comment_status":"open","ping_status":"closed","template":"","meta":{"bwfblock_default_font":"","_kad_blocks_custom_css":"","_kad_blocks_head_custom_js":"","_kad_blocks_body_custom_js":"","_kad_blocks_footer_custom_js":"","_kadence_starter_templates_imported_post":false,"_kad_post_transparent":"default","_kad_post_title":"","_kad_post_layout":"default","_kad_post_sidebar_id":"","_kad_post_content_style":"default","_kad_post_vertical_padding":"default","_kad_post_feature":"","_kad_post_feature_position":"","_kad_post_header":false,"_kad_post_footer":false,"_kad_post_classname":""},"product_brand":[1415],"product_cat":[1522,481,1434,1433,328],"product_tag":[611,1438,1441,822,1443,1614,1440,994,1439,1526,1436,703,1442,1437],"class_list":{"0":"post-27335","1":"product","2":"type-product","3":"status-publish","4":"has-post-thumbnail","6":"product_brand-mes-pochoirs","7":"product_cat-manga-sutenshiru","8":"product_cat-collections","9":"product_cat-pochoirs-manga","10":"product_cat-pochoirs-manga-univers-japonais","11":"product_cat-pochoirs-street-art","12":"product_tag-anime","13":"product_tag-art-japonais","14":"product_tag-asiatique","15":"product_tag-dessin","16":"product_tag-geisha","17":"product_tag-heroine","18":"product_tag-inspiration-asiatique","19":"product_tag-japon","20":"product_tag-japonais","21":"product_tag-japonaise","22":"product_tag-manga","23":"product_tag-personnage","24":"product_tag-shojo","25":"product_tag-sutenshiru","27":"first","28":"instock","29":"taxable","30":"shipping-taxable","31":"purchasable","32":"product-type-variable","33":"entry","34":"content-bg","35":"loop-entry"},"taxonomy_info":{"product_brand":[{"value":1415,"label":"Mes Pochoirs"}],"product_cat":[{"value":1522,"label":"Manga Sutenshiru"},{"value":481,"label":"Collections"},{"value":1434,"label":"Manga"},{"value":1433,"label":"Manga &amp; Univers Japonais"},{"value":328,"label":"Street Art"}],"product_tag":[{"value":611,"label":"anim\u00e9"},{"value":1438,"label":"art japonais"},{"value":1441,"label":"asiatique"},{"value":822,"label":"dessin"},{"value":1443,"label":"geisha"},{"value":1614,"label":"h\u00e9roine"},{"value":1440,"label":"inspiration asiatique"},{"value":994,"label":"japon"},{"value":1439,"label":"Japonais"},{"value":1526,"label":"japonaise"},{"value":1436,"label":"manga"},{"value":703,"label":"personnage"},{"value":1442,"label":"sh\u014djo \""},{"value":1437,"label":"sutenshiru"}]},"featured_image_src_large":["https:\/\/mes-pochoirs.com\/wp-content\/uploads\/2025\/06\/MGS024-pochoir-collection-manga-sutenshiru-copyright-mes-pochoirs-858x1030.jpg",858,1030,true],"author_info":[],"comment_info":5,"_links":{"self":[{"href":"https:\/\/mes-pochoirs.com\/it\/wp-json\/wp\/v2\/product\/27335","targetHints":{"allow":["GET"]}}],"collection":[{"href":"https:\/\/mes-pochoirs.com\/it\/wp-json\/wp\/v2\/product"}],"about":[{"href":"https:\/\/mes-pochoirs.com\/it\/wp-json\/wp\/v2\/types\/product"}],"replies":[{"embeddable":true,"href":"https:\/\/mes-pochoirs.com\/it\/wp-json\/wp\/v2\/comments?post=27335"}],"wp:featuredmedia":[{"embeddable":true,"href":"https:\/\/mes-pochoirs.com\/it\/wp-json\/wp\/v2\/media\/27138"}],"wp:attachment":[{"href":"https:\/\/mes-pochoirs.com\/it\/wp-json\/wp\/v2\/media?parent=27335"}],"wp:term":[{"taxonomy":"product_brand","embeddable":true,"href":"https:\/\/mes-pochoirs.com\/it\/wp-json\/wp\/v2\/product_brand?post=27335"},{"taxonomy":"product_cat","embeddable":true,"href":"https:\/\/mes-pochoirs.com\/it\/wp-json\/wp\/v2\/product_cat?post=27335"},{"taxonomy":"product_tag","embeddable":true,"href":"https:\/\/mes-pochoirs.com\/it\/wp-json\/wp\/v2\/product_tag?post=27335"}],"curies":[{"name":"wp","href":"https:\/\/api.w.org\/{rel}","templated":true}]}}