{"id":27350,"date":"2025-08-19T10:39:03","date_gmt":"2025-08-19T08:39:03","guid":{"rendered":"https:\/\/mes-pochoirs.com\/?post_type=product&#038;p=27350"},"modified":"2025-10-31T12:41:03","modified_gmt":"2025-10-31T11:41:03","slug":"stencil-manga-eroina-misteriosa-con-cappello-mgs025","status":"publish","type":"product","link":"https:\/\/mes-pochoirs.com\/it\/produit\/pochoir-manga-heroine-mysterieuse-au-chapeau-mgs025","title":{"rendered":"Stencil Manga - L'ombra sotto il cappello - MGS025"},"content":{"rendered":"<h2>Stencil Manga Eroina misteriosa con cappello<\/h2>\n<p>Con questo modello misterioso ed evocativo, la collezione Manga Sutenshiru d\u00e0 il benvenuto al <strong>Stencil Manga Eroina misteriosa con cappello<\/strong> con un'estetica potente e minimalista. Questo ritratto parziale di una giovane donna, parzialmente oscurato da un grande cappello, emana una rara intensit\u00e0 visiva. Il volto \u00e8 volutamente nascosto in parte, rivelando solo le labbra, la parte inferiore del naso e una ciocca di capelli cadente, che accentua l'aura di enigma e riserbo. Questa composizione invita all'interpretazione e suscita immediatamente la curiosit\u00e0 dello spettatore.<\/p>\n<p>Il cappello, grande e consunto, \u00e8 una parte centrale della composizione. La sua tesa sfrangiata e i suoi tagli irregolari evocano l'usura, il viaggio e la solitudine, in un mondo dalle sfumature post-apocalittiche, in un moderno western o in un racconto muto. Occupa l'intera larghezza dell'immagine, strutturando la cornice dello stencil e creando un effetto ombra naturale con la sua forma imponente.<\/p>\n<p>I capelli dell'eroina, visibili ai lati del viso, sono rappresentati con fluidit\u00e0: due lunghe ciocche cadono morbide, incorniciando la figura. Alcune irregolarit\u00e0 nei tagli rafforzano l'aspetto vivace e realistico della figura. La base del vestito \u00e8 volutamente abbozzata, quasi cancellata, come se la figura stesse lentamente emergendo da un ambiente invisibile o rovinato.<\/p>\n<p>Questo <strong>Stencil Manga Eroina misteriosa con cappello<\/strong> si presta a progetti artistici di grande impatto: murales d'atmosfera, opere pittoriche narrative o creazioni tessili cariche di simbolismo. Il modello pu\u00f2 anche essere utilizzato da solo come pezzo forte di una composizione minimalista, tanto \u00e8 evidente e immediatamente riconoscibile la sua silhouette.<\/p>\n<p>Progettato per gli artisti che cercano intensit\u00e0 visiva ed emozioni contenute, questo stencil preciso e riutilizzabile \u00e8 disponibile in diverse dimensioni. Si rivolge agli appassionati di personaggi silenziosi, di narrazioni grafiche profonde e di un'estetica contemporanea in cui il non detto \u00e8 espressivo quanto la parola disegnata.<\/p>","protected":false},"excerpt":{"rendered":"<p><strong>Stencil Manga Eroina misteriosa con cappello<\/strong> di alta qualit\u00e0, riutilizzabile, reversibile; diverse dimensioni per i vostri dipinti e le vostre creazioni contemporanee.<\/p>","protected":false},"featured_media":27139,"comment_status":"open","ping_status":"closed","template":"","meta":{"bwfblock_default_font":"","_kad_blocks_custom_css":"","_kad_blocks_head_custom_js":"","_kad_blocks_body_custom_js":"","_kad_blocks_footer_custom_js":"","_kadence_starter_templates_imported_post":false,"_kad_post_transparent":"default","_kad_post_title":"","_kad_post_layout":"default","_kad_post_sidebar_id":"","_kad_post_content_style":"default","_kad_post_vertical_padding":"default","_kad_post_feature":"","_kad_post_feature_position":"","_kad_post_header":false,"_kad_post_footer":false,"_kad_post_classname":""},"product_brand":[1415],"product_cat":[1522,481,1434,1433,36,328],"product_tag":[611,1438,1441,822,1440,994,1439,1436,703,1442,1437],"class_list":{"0":"post-27350","1":"product","2":"type-product","3":"status-publish","4":"has-post-thumbnail","6":"product_brand-mes-pochoirs","7":"product_cat-manga-sutenshiru","8":"product_cat-collections","9":"product_cat-pochoirs-manga","10":"product_cat-pochoirs-manga-univers-japonais","11":"product_cat-pochoirs-portraits-visages","12":"product_cat-pochoirs-street-art","13":"product_tag-anime","14":"product_tag-art-japonais","15":"product_tag-asiatique","16":"product_tag-dessin","17":"product_tag-inspiration-asiatique","18":"product_tag-japon","19":"product_tag-japonais","20":"product_tag-manga","21":"product_tag-personnage","22":"product_tag-shojo","23":"product_tag-sutenshiru","25":"first","26":"instock","27":"taxable","28":"shipping-taxable","29":"purchasable","30":"product-type-variable","31":"entry","32":"content-bg","33":"loop-entry"},"taxonomy_info":{"product_brand":[{"value":1415,"label":"Mes Pochoirs"}],"product_cat":[{"value":1522,"label":"Manga Sutenshiru"},{"value":481,"label":"Collections"},{"value":1434,"label":"Manga"},{"value":1433,"label":"Manga &amp; Univers Japonais"},{"value":36,"label":"Portraits &amp; Visages"},{"value":328,"label":"Street Art"}],"product_tag":[{"value":611,"label":"anim\u00e9"},{"value":1438,"label":"art japonais"},{"value":1441,"label":"asiatique"},{"value":822,"label":"dessin"},{"value":1440,"label":"inspiration asiatique"},{"value":994,"label":"japon"},{"value":1439,"label":"Japonais"},{"value":1436,"label":"manga"},{"value":703,"label":"personnage"},{"value":1442,"label":"sh\u014djo \""},{"value":1437,"label":"sutenshiru"}]},"featured_image_src_large":["https:\/\/mes-pochoirs.com\/wp-content\/uploads\/2025\/06\/MGS025-pochoir-collection-manga-sutenshiru-copyright-mes-pochoirs-858x1030.jpg",858,1030,true],"author_info":[],"comment_info":0,"_links":{"self":[{"href":"https:\/\/mes-pochoirs.com\/it\/wp-json\/wp\/v2\/product\/27350","targetHints":{"allow":["GET"]}}],"collection":[{"href":"https:\/\/mes-pochoirs.com\/it\/wp-json\/wp\/v2\/product"}],"about":[{"href":"https:\/\/mes-pochoirs.com\/it\/wp-json\/wp\/v2\/types\/product"}],"replies":[{"embeddable":true,"href":"https:\/\/mes-pochoirs.com\/it\/wp-json\/wp\/v2\/comments?post=27350"}],"wp:featuredmedia":[{"embeddable":true,"href":"https:\/\/mes-pochoirs.com\/it\/wp-json\/wp\/v2\/media\/27139"}],"wp:attachment":[{"href":"https:\/\/mes-pochoirs.com\/it\/wp-json\/wp\/v2\/media?parent=27350"}],"wp:term":[{"taxonomy":"product_brand","embeddable":true,"href":"https:\/\/mes-pochoirs.com\/it\/wp-json\/wp\/v2\/product_brand?post=27350"},{"taxonomy":"product_cat","embeddable":true,"href":"https:\/\/mes-pochoirs.com\/it\/wp-json\/wp\/v2\/product_cat?post=27350"},{"taxonomy":"product_tag","embeddable":true,"href":"https:\/\/mes-pochoirs.com\/it\/wp-json\/wp\/v2\/product_tag?post=27350"}],"curies":[{"name":"wp","href":"https:\/\/api.w.org\/{rel}","templated":true}]}}