{"id":27723,"date":"2025-07-17T16:04:14","date_gmt":"2025-07-17T14:04:14","guid":{"rendered":"https:\/\/mes-pochoirs.com\/?post_type=product&#038;p=27723"},"modified":"2025-10-31T12:41:23","modified_gmt":"2025-10-31T11:41:23","slug":"stencil-cavaliere-leggendario-fl0011","status":"publish","type":"product","link":"https:\/\/mes-pochoirs.com\/it\/produit\/pochoir-chevalier-legendaire-fl0011","title":{"rendered":"Stencil Cavaliere Leggendario - FL0011"},"content":{"rendered":"<h2>\ud83d\udee1\ufe0fPochoir Chevalier L\u00e9gendaire<\/h2>\n<p>Questo <strong>Stencil Cavaliere Leggendario<\/strong>\u00a0raffigura un cavaliere dall'aspetto nobile, in piedi con sicurezza, spada in mano e scudo nell'altro braccio. La sua postura eretta, il drappeggio fluente del mantello e le linee raffinate dell'armatura suggeriscono sia la padronanza del combattimento sia la raffinatezza di un guerriero esperto. Egli incarna l'eleganza nella forza, la precisione nell'azione e un'autorit\u00e0 calma e incrollabile.<\/p>\n<p>Questo cavaliere potrebbe essere un capitano, un campione o la figura emblematica di un antico ordine. L'ornamento dell'equipaggiamento, la silhouette equilibrata e la presenza marcata dello scudo rafforzano la sensazione di rigore, tradizione e orgoglio marziale. Sembra che non stia n\u00e9 attaccando n\u00e9 difendendo, ma in una posizione di valutazione, pronto ad agire senza fretta.<\/p>\n<p>L'espressione visiva del motivo evoca storie di duelli d'onore, giostre leggendarie e giuramenti silenziosi. Si rivolge agli artisti alla ricerca di simboli cavallereschi impregnati di classe, maestria e un tocco di raffinatezza. Le linee fluide, i volumi armoniosi e i contrasti netti conferiscono all'insieme una forza grafica magistrale.<\/p>\n<p>Le <strong>Stencil Cavaliere Leggendario<\/strong>\u00a0non cerca di impressionare con la brutalit\u00e0, ma con la precisione della sua posizione. Egli rappresenta l'arte di combattere con dignit\u00e0, la nobilt\u00e0 dell'azione e la bellezza di un eroe che incarna sia gli ideali che la disciplina.<\/p>","protected":false},"excerpt":{"rendered":"<p><strong>Stencil Cavaliere Leggendario<\/strong>\u00a0per creazioni di stile. Riutilizzabili, di alta qualit\u00e0, in pi\u00f9 formati. Ideale per dipinti o opere eroiche.<\/p>","protected":false},"featured_media":27766,"comment_status":"open","ping_status":"closed","template":"","meta":{"bwfblock_default_font":"","_kad_blocks_custom_css":"","_kad_blocks_head_custom_js":"","_kad_blocks_body_custom_js":"","_kad_blocks_footer_custom_js":"","_kadence_starter_templates_imported_post":false,"_kad_post_transparent":"default","_kad_post_title":"","_kad_post_layout":"default","_kad_post_sidebar_id":"","_kad_post_content_style":"default","_kad_post_vertical_padding":"default","_kad_post_feature":"","_kad_post_feature_position":"","_kad_post_header":false,"_kad_post_footer":false,"_kad_post_classname":""},"product_brand":[1415],"product_cat":[1532],"product_tag":[1534,1538,1619,1533,1545,1537,1543,1536,1617,1535,1542,891,1618,1541,962,1539,1540],"class_list":{"0":"post-27723","1":"product","2":"type-product","3":"status-publish","4":"has-post-thumbnail","6":"product_brand-mes-pochoirs","7":"product_cat-pochoirs-fantastiques-et-legendaires","8":"product_tag-armure-medievale","9":"product_tag-art-medieval","10":"product_tag-bouclier","11":"product_tag-chevalier","12":"product_tag-combat-ancien","13":"product_tag-croisade","14":"product_tag-culture-fantasy","15":"product_tag-epee","16":"product_tag-fantastique","17":"product_tag-guerrier-epique","18":"product_tag-guerrier-mystique","19":"product_tag-heros","20":"product_tag-legendaire","21":"product_tag-legende-medievale","22":"product_tag-medieval","23":"product_tag-style-epique","24":"product_tag-univers-heroique","26":"first","27":"instock","28":"taxable","29":"shipping-taxable","30":"purchasable","31":"product-type-variable","32":"entry","33":"content-bg","34":"loop-entry"},"taxonomy_info":{"product_brand":[{"value":1415,"label":"Mes Pochoirs"}],"product_cat":[{"value":1532,"label":"Fantastiques &amp; L\u00e9gendaires"}],"product_tag":[{"value":1534,"label":"armure m\u00e9di\u00e9vale"},{"value":1538,"label":"art m\u00e9di\u00e9val"},{"value":1619,"label":"bouclier"},{"value":1533,"label":"chevalier"},{"value":1545,"label":"combat ancien"},{"value":1537,"label":"croisade"},{"value":1543,"label":"culture fantasy"},{"value":1536,"label":"\u00e9p\u00e9e"},{"value":1617,"label":"fantastique"},{"value":1535,"label":"guerrier \u00e9pique"},{"value":1542,"label":"guerrier mystique"},{"value":891,"label":"h\u00e9ros"},{"value":1618,"label":"l\u00e9gendaire"},{"value":1541,"label":"l\u00e9gende m\u00e9di\u00e9vale"},{"value":962,"label":"m\u00e9di\u00e9val"},{"value":1539,"label":"style \u00e9pique"},{"value":1540,"label":"univers h\u00e9ro\u00efque"}]},"featured_image_src_large":["https:\/\/mes-pochoirs.com\/wp-content\/uploads\/2025\/07\/FL0011-pochoir-chevalier-copyright-mes-pochoirs-858x1030.jpg",858,1030,true],"author_info":[],"comment_info":0,"_links":{"self":[{"href":"https:\/\/mes-pochoirs.com\/it\/wp-json\/wp\/v2\/product\/27723","targetHints":{"allow":["GET"]}}],"collection":[{"href":"https:\/\/mes-pochoirs.com\/it\/wp-json\/wp\/v2\/product"}],"about":[{"href":"https:\/\/mes-pochoirs.com\/it\/wp-json\/wp\/v2\/types\/product"}],"replies":[{"embeddable":true,"href":"https:\/\/mes-pochoirs.com\/it\/wp-json\/wp\/v2\/comments?post=27723"}],"wp:featuredmedia":[{"embeddable":true,"href":"https:\/\/mes-pochoirs.com\/it\/wp-json\/wp\/v2\/media\/27766"}],"wp:attachment":[{"href":"https:\/\/mes-pochoirs.com\/it\/wp-json\/wp\/v2\/media?parent=27723"}],"wp:term":[{"taxonomy":"product_brand","embeddable":true,"href":"https:\/\/mes-pochoirs.com\/it\/wp-json\/wp\/v2\/product_brand?post=27723"},{"taxonomy":"product_cat","embeddable":true,"href":"https:\/\/mes-pochoirs.com\/it\/wp-json\/wp\/v2\/product_cat?post=27723"},{"taxonomy":"product_tag","embeddable":true,"href":"https:\/\/mes-pochoirs.com\/it\/wp-json\/wp\/v2\/product_tag?post=27723"}],"curies":[{"name":"wp","href":"https:\/\/api.w.org\/{rel}","templated":true}]}}