{"id":28541,"date":"2025-08-07T10:12:03","date_gmt":"2025-08-07T08:12:03","guid":{"rendered":"https:\/\/mes-pochoirs.com\/?post_type=product&#038;p=28541"},"modified":"2025-10-31T12:41:30","modified_gmt":"2025-10-31T11:41:30","slug":"stencil-punk-milkmaid-pkf002","status":"publish","type":"product","link":"https:\/\/mes-pochoirs.com\/it\/produit\/pochoir-la-laitiere-punk-pkf002","title":{"rendered":"Stencil punk \"La Laiti\u00e8re\" - PKF002"},"content":{"rendered":"<h2>Stencil punk La Laiti\u00e8re<\/h2>\n<p>Questo <strong>Stencil La Laiti\u00e8re Punk<\/strong> rivisita uno dei simboli pi\u00f9 tranquilli e docili della pittura classica - \"La lattaia\" di Vermeer - e lo trasforma in un'icona della ribellione contemporanea. Non c'\u00e8 pi\u00f9 il tranquillo silenzio della domestica olandese. Qui diventa una figura punk e sovversiva, sempre intenta a versare il latte... ma con una nuova postura, un nuovo atteggiamento e una nuova voce.<\/p>\n<p>Indossa una giacca borchiata, ricoperta di simboli della controcultura: un teschio, una scritta anarchica, una zip brutale, la parola \"PUNK\" scritta senza mezzi termini. Questi dettagli non sono stati creati per essere belli, ma per gridare una forte identit\u00e0 visiva, una richiesta di libert\u00e0, di insolenza e di rifiuto dei ruoli imposti. Non si tratta pi\u00f9 di una semplice scena domestica, ma di una dichiarazione visiva.<\/p>\n<p>Il contrasto tra il gesto antico di versare delicatamente un liquido e gli elementi visivi associati alla provocazione e alla trasgressione produce un effetto potente. Questo <strong>Stencil La Laiti\u00e8re Punk<\/strong> gioca sui codici dell'ironia visiva, ma non cade nella caricatura. Conserva la grazia del gesto originale reintegrandolo in una dinamica urbana e anti-establishment.<\/p>\n<p>Ispirato alle tecniche della street art e dell'appropriazione indebita, questo stencil fa parte di un approccio artistico contemporaneo: prendere riferimenti dal passato, stravolgerli, riscriverli con gli strumenti di oggi. Evoca il lavoro di artisti come Banksy e Nick Walker, che fondono cultura popolare, riferimenti storici e discorso politico.<\/p>\n<p>\"La Laiti\u00e8re Punk\" \u00e8 uno stencil ideale per un murales di forte impatto, un dipinto impegnato o per aggiungere un tocco di ironia e forza visiva a un interno, uno studio, uno spazio per artisti o una boutique dallo stile audace. \u00c8 allo stesso tempo un cenno alla storia dell'arte e uno schiaffo visivo, un modo per dire che anche le immagini pi\u00f9 sagge possono diventare armi visive quando si ha il coraggio di trasformarle.<\/p>","protected":false},"excerpt":{"rendered":"<p><strong>Stencil punk La Laiti\u00e8re<\/strong> rivisitato. Alta qualit\u00e0, diverse dimensioni, per una tela provocatoria o una parete d'artista.<\/p>","protected":false},"featured_media":28773,"comment_status":"open","ping_status":"closed","template":"","meta":{"bwfblock_default_font":"","_kad_blocks_custom_css":"","_kad_blocks_head_custom_js":"","_kad_blocks_body_custom_js":"","_kad_blocks_footer_custom_js":"","_kadence_starter_templates_imported_post":false,"_kad_post_transparent":"default","_kad_post_title":"","_kad_post_layout":"default","_kad_post_sidebar_id":"","_kad_post_content_style":"default","_kad_post_vertical_padding":"default","_kad_post_feature":"","_kad_post_feature_position":"","_kad_post_header":false,"_kad_post_footer":false,"_kad_post_classname":""},"product_brand":[1415],"product_cat":[1622,481,732,36,328],"product_tag":[1625,1623,471,1626,1628,1624,1130,834,560,327,1132,286,565],"class_list":{"0":"post-28541","1":"product","2":"type-product","3":"status-publish","4":"has-post-thumbnail","6":"product_brand-mes-pochoirs","7":"product_cat-punkified","8":"product_cat-collections","9":"product_cat-pochoirs-icones-celebrites","10":"product_cat-pochoirs-portraits-visages","11":"product_cat-pochoirs-street-art","12":"product_tag-detournement","13":"product_tag-genie","14":"product_tag-icone","15":"product_tag-icone-revisitee","16":"product_tag-la-laitiere","17":"product_tag-portrait-detourne","18":"product_tag-punk","19":"product_tag-rebelle","20":"product_tag-rock","21":"product_tag-street-art","22":"product_tag-underground","23":"product_tag-urbain","24":"product_tag-vermeer","26":"first","27":"instock","28":"taxable","29":"shipping-taxable","30":"purchasable","31":"product-type-variable","32":"entry","33":"content-bg","34":"loop-entry"},"taxonomy_info":{"product_brand":[{"value":1415,"label":"Mes Pochoirs"}],"product_cat":[{"value":1622,"label":"Punkified"},{"value":481,"label":"Collections"},{"value":732,"label":"Ic\u00f4nes &amp; C\u00e9l\u00e9brit\u00e9s"},{"value":36,"label":"Portraits &amp; Visages"},{"value":328,"label":"Street Art"}],"product_tag":[{"value":1625,"label":"d\u00e9tournement"},{"value":1623,"label":"g\u00e9nie"},{"value":471,"label":"icone"},{"value":1626,"label":"ic\u00f4ne revisit\u00e9e"},{"value":1628,"label":"la laiti\u00e8re"},{"value":1624,"label":"portrait d\u00e9tourn\u00e9"},{"value":1130,"label":"punk"},{"value":834,"label":"rebelle"},{"value":560,"label":"Rock"},{"value":327,"label":"street art"},{"value":1132,"label":"underground"},{"value":286,"label":"urbain"},{"value":565,"label":"Vermeer"}]},"featured_image_src_large":["https:\/\/mes-pochoirs.com\/wp-content\/uploads\/2025\/08\/PKF002-pochoir-collection-punkified-copyright-mes-pochoirs-858x1030.jpg",858,1030,true],"author_info":[],"comment_info":2,"_links":{"self":[{"href":"https:\/\/mes-pochoirs.com\/it\/wp-json\/wp\/v2\/product\/28541","targetHints":{"allow":["GET"]}}],"collection":[{"href":"https:\/\/mes-pochoirs.com\/it\/wp-json\/wp\/v2\/product"}],"about":[{"href":"https:\/\/mes-pochoirs.com\/it\/wp-json\/wp\/v2\/types\/product"}],"replies":[{"embeddable":true,"href":"https:\/\/mes-pochoirs.com\/it\/wp-json\/wp\/v2\/comments?post=28541"}],"wp:featuredmedia":[{"embeddable":true,"href":"https:\/\/mes-pochoirs.com\/it\/wp-json\/wp\/v2\/media\/28773"}],"wp:attachment":[{"href":"https:\/\/mes-pochoirs.com\/it\/wp-json\/wp\/v2\/media?parent=28541"}],"wp:term":[{"taxonomy":"product_brand","embeddable":true,"href":"https:\/\/mes-pochoirs.com\/it\/wp-json\/wp\/v2\/product_brand?post=28541"},{"taxonomy":"product_cat","embeddable":true,"href":"https:\/\/mes-pochoirs.com\/it\/wp-json\/wp\/v2\/product_cat?post=28541"},{"taxonomy":"product_tag","embeddable":true,"href":"https:\/\/mes-pochoirs.com\/it\/wp-json\/wp\/v2\/product_tag?post=28541"}],"curies":[{"name":"wp","href":"https:\/\/api.w.org\/{rel}","templated":true}]}}