{"id":28695,"date":"2025-10-16T11:21:55","date_gmt":"2025-10-16T09:21:55","guid":{"rendered":"https:\/\/mes-pochoirs.com\/?post_type=product&#038;p=28695"},"modified":"2025-10-31T12:41:40","modified_gmt":"2025-10-31T11:41:40","slug":"stencil-per-auto-americane-um0015","status":"publish","type":"product","link":"https:\/\/mes-pochoirs.com\/it\/produit\/pochoir-voiture-americaine-um0015","title":{"rendered":"Stencil per auto americane - UM0015"},"content":{"rendered":"<h2>Stencil per auto americane - Cuba Retro Street Art<\/h2>\n<p>Questo stencil American Car evoca tutta la potenza e il fascino vintage delle grandi auto da strada degli anni Cinquanta. Ispirato a modelli iconici come Chevrolet Bel Air, Buick Special, Pontiac Chieftain e Opel Rekord P1, cattura lo spirito libero ed esuberante dell'America del dopoguerra - le carrozzerie scintillanti che si possono ancora trovare sulle strade assolate dell'Avana.<\/p>\n<p>Il design frontale, di grande impatto, mette in risalto le linee caratteristiche di queste auto leggendarie: il cofano ampio e bombato che sembra pronto a balzare, i fari tondi prominenti alle estremit\u00e0, la massiccia griglia orizzontale e il paraurti cromato con il suo sorriso abbagliante. Questo mix di potenza e morbidezza, tipico del design delle auto degli anni Cinquanta, rende questo motivo un vero e proprio tributo alla cultura americana classica.<\/p>\n<p>Creato in uno stile urbano grezzo e contrastante, questo stencil combina la spontaneit\u00e0 dei graffiti con la precisione del disegno vettoriale. Perfetto per essere utilizzato su pareti, tele o mobili, \u00e8 adatto sia all'arredamento retr\u00f2, garage o industriale che alla pop art. Gli effetti di usura e di texture gli conferiscono un realismo sorprendente e un carattere unico.<\/p>\n<p>Tagliato con cura in materiale flessibile e resistente, questo stencil \u00e8 facile da usare e di lunga durata. Compatibile con vernice spray, aerografo, rullo o vernice acrilica, pu\u00f2 essere applicato in modo preciso e ripetuto, per un risultato preciso ed espressivo.<\/p>\n<p>Lo stencil American Car non \u00e8 solo un motivo decorativo: \u00e8 un richiamo alla libert\u00e0, alla strada aperta e alla nostalgia per gli anni d'oro dell'automobile. Un simbolo senza tempo, potente e vibrante per gli amanti dello stile vintage e dell'arte urbana.<\/p>","protected":false},"excerpt":{"rendered":"<p>Questo stencil per auto americane cattura l'eleganza e la potenza delle vetture degli anni '50. Con le sue linee retr\u00f2 e lo stile street art, evoca le leggendarie Chevrolet Bel Air o Buick Special che percorrevano le strade di Cuba. Un motivo emblematico per dare ai vostri progetti un'atmosfera vintage e urbana, piena di carattere.<\/p>","protected":false},"featured_media":29209,"comment_status":"open","ping_status":"closed","template":"","meta":{"bwfblock_default_font":"","_kad_blocks_custom_css":"","_kad_blocks_head_custom_js":"","_kad_blocks_body_custom_js":"","_kad_blocks_footer_custom_js":"","_kadence_starter_templates_imported_post":false,"_kad_post_transparent":"default","_kad_post_title":"","_kad_post_layout":"default","_kad_post_sidebar_id":"","_kad_post_content_style":"default","_kad_post_vertical_padding":"default","_kad_post_feature":"","_kad_post_feature_position":"","_kad_post_header":false,"_kad_post_footer":false,"_kad_post_classname":""},"product_brand":[1415],"product_cat":[1713,328,971],"product_tag":[1768,1653,1650,1770,1769,1649,1771,525,1651,1724,1652,1654,1648],"class_list":{"0":"post-28695","1":"product","2":"type-product","3":"status-publish","4":"has-post-thumbnail","6":"product_brand-mes-pochoirs","7":"product_cat-pochoirs-voitures","8":"product_cat-pochoirs-street-art","9":"product_cat-pochoirs-univers-mecanique","10":"product_tag-americaine","11":"product_tag-art-retro","12":"product_tag-berline-ancienne","13":"product_tag-buick-special","14":"product_tag-chevrolet-bel-air","15":"product_tag-opel-rekord","16":"product_tag-pontiac-chieftain","17":"product_tag-retro","18":"product_tag-style-annees-50","19":"product_tag-voiture-americaine","20":"product_tag-voiture-ancienne","21":"product_tag-voiture-de-collection","22":"product_tag-voiture-vintage","24":"first","25":"instock","26":"taxable","27":"shipping-taxable","28":"purchasable","29":"product-type-variable","30":"entry","31":"content-bg","32":"loop-entry"},"taxonomy_info":{"product_brand":[{"value":1415,"label":"Mes Pochoirs"}],"product_cat":[{"value":1713,"label":"Voitures"},{"value":328,"label":"Street Art"},{"value":971,"label":"Univers M\u00e9canique"}],"product_tag":[{"value":1768,"label":"am\u00e9ricaine"},{"value":1653,"label":"art r\u00e9tro"},{"value":1650,"label":"berline ancienne"},{"value":1770,"label":"Buick Special"},{"value":1769,"label":"Chevrolet Bel Air"},{"value":1649,"label":"opel rekord"},{"value":1771,"label":"Pontiac Chieftain"},{"value":525,"label":"r\u00e9tro"},{"value":1651,"label":"style ann\u00e9es 50"},{"value":1724,"label":"voiture am\u00e9ricaine"},{"value":1652,"label":"voiture ancienne"},{"value":1654,"label":"voiture de collection"},{"value":1648,"label":"voiture vintage"}]},"featured_image_src_large":["https:\/\/mes-pochoirs.com\/wp-content\/uploads\/2025\/08\/UM0015-pochoir-voiture-copyright-mes-pochoirs-858x1030.jpg",858,1030,true],"author_info":[],"comment_info":0,"_links":{"self":[{"href":"https:\/\/mes-pochoirs.com\/it\/wp-json\/wp\/v2\/product\/28695","targetHints":{"allow":["GET"]}}],"collection":[{"href":"https:\/\/mes-pochoirs.com\/it\/wp-json\/wp\/v2\/product"}],"about":[{"href":"https:\/\/mes-pochoirs.com\/it\/wp-json\/wp\/v2\/types\/product"}],"replies":[{"embeddable":true,"href":"https:\/\/mes-pochoirs.com\/it\/wp-json\/wp\/v2\/comments?post=28695"}],"wp:featuredmedia":[{"embeddable":true,"href":"https:\/\/mes-pochoirs.com\/it\/wp-json\/wp\/v2\/media\/29209"}],"wp:attachment":[{"href":"https:\/\/mes-pochoirs.com\/it\/wp-json\/wp\/v2\/media?parent=28695"}],"wp:term":[{"taxonomy":"product_brand","embeddable":true,"href":"https:\/\/mes-pochoirs.com\/it\/wp-json\/wp\/v2\/product_brand?post=28695"},{"taxonomy":"product_cat","embeddable":true,"href":"https:\/\/mes-pochoirs.com\/it\/wp-json\/wp\/v2\/product_cat?post=28695"},{"taxonomy":"product_tag","embeddable":true,"href":"https:\/\/mes-pochoirs.com\/it\/wp-json\/wp\/v2\/product_tag?post=28695"}],"curies":[{"name":"wp","href":"https:\/\/api.w.org\/{rel}","templated":true}]}}