{"id":28723,"date":"2025-08-13T11:48:21","date_gmt":"2025-08-13T09:48:21","guid":{"rendered":"https:\/\/mes-pochoirs.com\/?post_type=product&#038;p=28723"},"modified":"2026-02-26T15:15:07","modified_gmt":"2026-02-26T14:15:07","slug":"stencil-citroen-2cv-um0018","status":"publish","type":"product","link":"https:\/\/mes-pochoirs.com\/it\/produit\/pochoir-citroen-2cv-um0018","title":{"rendered":"Stencil Citro\u00ebn 2CV - UM0018"},"content":{"rendered":"<h2>Stencil Citro\u00ebn 2CV<\/h2>\n<p>Questo <strong>Stencil Citro\u00ebn 2CV<\/strong> celebra una delle auto pi\u00f9 iconiche del patrimonio automobilistico francese. Catturata da un'angolazione dinamica e leggermente inclinata, mostra tutta la morbidezza delle sue linee arrotondate, il suo fascino retr\u00f2 e il suo carattere unico. Lungi dall'essere bloccata nel passato, questa versione stilizzata rivela una 2CV decisamente espressiva, pronta a trovare il suo posto nel cuore di un'opera d'arte contemporanea.<\/p>\n<p>Originariamente concepita come veicolo utilitario economico, la 2CV and\u00f2 oltre la sua vocazione iniziale per diventare un simbolo di libert\u00e0, semplicit\u00e0 e ingegno. Con le sue linee slanciate, il cofano a coste, i fari tondi rialzati, i parafanghi indipendenti e l'aspetto avventuroso, ha incarnato un'epoca, uno stile di vita e una filosofia. La versione qui presentata \u00e8 un omaggio a questo design di culto.<\/p>\n<p>Il trattamento grafico dello stencil accentua i contrasti, gioca sulle trame dell'usura e sulle linee piene e sciolte, creando un effetto visivo al tempo stesso crudo e accessibile. La 2CV sembra uscita da un murale, da un muro di citt\u00e0 o da un tableau vivant. Diventa materiale artistico, pronto per essere integrato in un'opera d'arte, un mobile personalizzato, una tela o un affresco urbano.<\/p>\n<p>Lungi dall'essere un clich\u00e9 popolare, questo stencil conferisce alla 2CV un'aura moderna, gioiosa, quasi ribelle. Diventa un soggetto espressivo, un vettore di memoria e di emozione visiva. Si rivolge tanto agli appassionati nostalgici quanto agli artisti contemporanei in cerca di icone da dirottare.<\/p>\n<p>Utilizzabile su un'ampia variet\u00e0 di substrati, questo <strong>Stencil Citro\u00ebn 2CV<\/strong>\u00a0\u00e8 ideale per creazioni di murales, composizioni grafiche, progetti di pittura e street art. Grazie ai suoi dettagli magistrali, fa emergere tutta la personalit\u00e0 dell'auto, senza mai congelarne lo spirito.<\/p>\n<p>Questa 2CV stencilata \u00e8 pi\u00f9 di un semplice oggetto antico: diventa una musa grafica, un richiamo al passato reinterpretato dall'arte urbana, un simbolo della Francia e della creativit\u00e0 popolare.<\/p>","protected":false},"excerpt":{"rendered":"<p><strong>Stencil Citro\u00ebn 2CV<\/strong> per pittura, opere d'arte o quadri. Riutilizzabili, di alta qualit\u00e0, reversibili e disponibili in diverse dimensioni.<\/p>","protected":false},"featured_media":29211,"comment_status":"open","ping_status":"closed","template":"","meta":{"bwfblock_default_font":"","_kad_blocks_custom_css":"","_kad_blocks_head_custom_js":"","_kad_blocks_body_custom_js":"","_kad_blocks_footer_custom_js":"","_kadence_starter_templates_imported_post":false,"_kad_post_transparent":"default","_kad_post_title":"","_kad_post_layout":"default","_kad_post_sidebar_id":"","_kad_post_content_style":"default","_kad_post_vertical_padding":"default","_kad_post_feature":"","_kad_post_feature_position":"","_kad_post_header":false,"_kad_post_footer":false,"_kad_post_classname":""},"product_brand":[1415],"product_cat":[1713,971],"product_tag":[1653,1660,1659,525,974,1652,1654,1648],"class_list":{"0":"post-28723","1":"product","2":"type-product","3":"status-publish","4":"has-post-thumbnail","6":"product_brand-mes-pochoirs","7":"product_cat-pochoirs-voitures","8":"product_cat-pochoirs-univers-mecanique","9":"product_tag-art-retro","10":"product_tag-automobile-francais","11":"product_tag-pochoir-citroen-2cv","12":"product_tag-retro","13":"product_tag-vehicule","14":"product_tag-voiture-ancienne","15":"product_tag-voiture-de-collection","16":"product_tag-voiture-vintage","18":"first","19":"instock","20":"taxable","21":"shipping-taxable","22":"purchasable","23":"product-type-variable","24":"entry","25":"content-bg","26":"loop-entry"},"taxonomy_info":{"product_brand":[{"value":1415,"label":"Mes Pochoirs"}],"product_cat":[{"value":1713,"label":"Voitures"},{"value":971,"label":"Univers M\u00e9canique"}],"product_tag":[{"value":1653,"label":"art r\u00e9tro"},{"value":1660,"label":"automobile fran\u00e7ais"},{"value":1659,"label":"Pochoir Citro\u00ebn 2CV"},{"value":525,"label":"r\u00e9tro"},{"value":974,"label":"v\u00e9hicule"},{"value":1652,"label":"voiture ancienne"},{"value":1654,"label":"voiture de collection"},{"value":1648,"label":"voiture vintage"}]},"featured_image_src_large":["https:\/\/mes-pochoirs.com\/wp-content\/uploads\/2025\/08\/UM0018-pochoir-voiture-copyright-mes-pochoirs-858x1030.jpg",858,1030,true],"author_info":[],"comment_info":3,"_links":{"self":[{"href":"https:\/\/mes-pochoirs.com\/it\/wp-json\/wp\/v2\/product\/28723","targetHints":{"allow":["GET"]}}],"collection":[{"href":"https:\/\/mes-pochoirs.com\/it\/wp-json\/wp\/v2\/product"}],"about":[{"href":"https:\/\/mes-pochoirs.com\/it\/wp-json\/wp\/v2\/types\/product"}],"replies":[{"embeddable":true,"href":"https:\/\/mes-pochoirs.com\/it\/wp-json\/wp\/v2\/comments?post=28723"}],"wp:featuredmedia":[{"embeddable":true,"href":"https:\/\/mes-pochoirs.com\/it\/wp-json\/wp\/v2\/media\/29211"}],"wp:attachment":[{"href":"https:\/\/mes-pochoirs.com\/it\/wp-json\/wp\/v2\/media?parent=28723"}],"wp:term":[{"taxonomy":"product_brand","embeddable":true,"href":"https:\/\/mes-pochoirs.com\/it\/wp-json\/wp\/v2\/product_brand?post=28723"},{"taxonomy":"product_cat","embeddable":true,"href":"https:\/\/mes-pochoirs.com\/it\/wp-json\/wp\/v2\/product_cat?post=28723"},{"taxonomy":"product_tag","embeddable":true,"href":"https:\/\/mes-pochoirs.com\/it\/wp-json\/wp\/v2\/product_tag?post=28723"}],"curies":[{"name":"wp","href":"https:\/\/api.w.org\/{rel}","templated":true}]}}