{"id":28756,"date":"2025-08-19T12:05:31","date_gmt":"2025-08-19T10:05:31","guid":{"rendered":"https:\/\/mes-pochoirs.com\/?post_type=product&#038;p=28756"},"modified":"2025-10-31T12:42:09","modified_gmt":"2025-10-31T11:42:09","slug":"stencil-ford-mustang-fastback-1969-um0022","status":"publish","type":"product","link":"https:\/\/mes-pochoirs.com\/it\/produit\/pochoir-ford-mustang-fastback-1969-um0022","title":{"rendered":"Stencil Ford Mustang Fastback 1969 - UM0022"},"content":{"rendered":"<h2>Stencil Ford Mustang Fastback 1969<\/h2>\n<p>Questo <strong>Stencil per Ford Mustang Fastback del 1969<\/strong> presenta una vera e propria leggenda dell'automobilismo: la Ford Mustang Fastback del 1969, il simbolo per eccellenza delle muscle car americane. Raffigurata in una vista frontale dinamica e leggermente ribassata, quest'auto sembra pronta a balzare fuori dal supporto. L'energia che emana \u00e8 impressionante, quasi palpabile: forza grezza, potenza controllata e carisma vintage.<\/p>\n<p>Con il suo cofano allungato, i doppi fari profondamente incassati, la massiccia griglia nera e l'assetto muscoloso, questa Mustang impone il suo stile immediatamente riconoscibile. Incarna un'epoca in cui l'automobilismo era sinonimo di libert\u00e0, potenza e identit\u00e0. Il modello del 1969 \u00e8 particolarmente apprezzato per la sua silhouette pi\u00f9 aggressiva e massiccia rispetto ai suoi predecessori, pur mantenendo l'eleganza tipica delle linee Mustang.<\/p>\n<p>Le <strong>Stencil per Ford Mustang Fastback del 1969<\/strong> stilizza questa silhouette leggendaria con linee spezzate, zone d'ombra pronunciate e texture volutamente imperfette, rafforzando la sensazione di velocit\u00e0 e nervosismo. Il trattamento grafico non \u00e8 una semplice rappresentazione tecnica: trasforma la vettura in un vero e proprio soggetto artistico, degno di un murale o di un dipinto contemporaneo.<\/p>\n<p>Questo visual si rivolge sia agli appassionati di auto americane sia agli artisti urbani alla ricerca di simboli forti. Pu\u00f2 essere utilizzato per creare opere d'arte di grande effetto, tele di grande impatto o supporti decorativi che combinano il patrimonio automobilistico e la cultura visiva moderna. L'illustrazione dipinta accentua questo approccio con un gioco di schizzi colorati, quasi selvaggi, dando al modello una seconda vita nel mondo della street art.<\/p>\n<p>Lo stencil pu\u00f2 essere utilizzato su una variet\u00e0 di superfici - pareti, tele, mobili, pannelli, metallo o tessuti - e diventa un veicolo di espressione grafica, senza tempo come l'auto che rappresenta. Evoca un'America di strade infinite, motori rombanti e spiriti liberi.<\/p>\n<p>Qui la Mustang Fastback del 1969 diventa un'opera d'arte a s\u00e9 stante, un personaggio di culto rivisitato in uno stile potente, crudo e decisamente moderno.<\/p>","protected":false},"excerpt":{"rendered":"<p data-start=\"856\" data-end=\"998\"><strong>Stencil Ford Mustang Fastback 1969<\/strong> progettato per gli artisti visivi. Riutilizzabili, formati multipli, di qualit\u00e0 superiore, ideali per i murales in auto.<\/p>","protected":false},"featured_media":29214,"comment_status":"open","ping_status":"closed","template":"","meta":{"bwfblock_default_font":"","_kad_blocks_custom_css":"","_kad_blocks_head_custom_js":"","_kad_blocks_body_custom_js":"","_kad_blocks_footer_custom_js":"","_kadence_starter_templates_imported_post":false,"_kad_post_transparent":"default","_kad_post_title":"","_kad_post_layout":"default","_kad_post_sidebar_id":"","_kad_post_content_style":"default","_kad_post_vertical_padding":"default","_kad_post_feature":"","_kad_post_feature_position":"","_kad_post_header":false,"_kad_post_footer":false,"_kad_post_classname":""},"product_brand":[1415],"product_cat":[1713,971],"product_tag":[1653,1650,1722,1667,1723,525,1724,1652,1654,1648],"class_list":{"0":"post-28756","1":"product","2":"type-product","3":"status-publish","4":"has-post-thumbnail","6":"product_brand-mes-pochoirs","7":"product_cat-pochoirs-voitures","8":"product_cat-pochoirs-univers-mecanique","9":"product_tag-art-retro","10":"product_tag-berline-ancienne","11":"product_tag-fastback","12":"product_tag-ford-mustang","13":"product_tag-mustang","14":"product_tag-retro","15":"product_tag-voiture-americaine","16":"product_tag-voiture-ancienne","17":"product_tag-voiture-de-collection","18":"product_tag-voiture-vintage","20":"first","21":"instock","22":"taxable","23":"shipping-taxable","24":"purchasable","25":"product-type-variable","26":"entry","27":"content-bg","28":"loop-entry"},"taxonomy_info":{"product_brand":[{"value":1415,"label":"Mes Pochoirs"}],"product_cat":[{"value":1713,"label":"Voitures"},{"value":971,"label":"Univers M\u00e9canique"}],"product_tag":[{"value":1653,"label":"art r\u00e9tro"},{"value":1650,"label":"berline ancienne"},{"value":1722,"label":"Fastback"},{"value":1667,"label":"ford mustang"},{"value":1723,"label":"Mustang"},{"value":525,"label":"r\u00e9tro"},{"value":1724,"label":"voiture am\u00e9ricaine"},{"value":1652,"label":"voiture ancienne"},{"value":1654,"label":"voiture de collection"},{"value":1648,"label":"voiture vintage"}]},"featured_image_src_large":["https:\/\/mes-pochoirs.com\/wp-content\/uploads\/2025\/08\/UM0022-pochoir-voiture-copyright-mes-pochoirs-858x1030.jpg",858,1030,true],"author_info":[],"comment_info":0,"_links":{"self":[{"href":"https:\/\/mes-pochoirs.com\/it\/wp-json\/wp\/v2\/product\/28756","targetHints":{"allow":["GET"]}}],"collection":[{"href":"https:\/\/mes-pochoirs.com\/it\/wp-json\/wp\/v2\/product"}],"about":[{"href":"https:\/\/mes-pochoirs.com\/it\/wp-json\/wp\/v2\/types\/product"}],"replies":[{"embeddable":true,"href":"https:\/\/mes-pochoirs.com\/it\/wp-json\/wp\/v2\/comments?post=28756"}],"wp:featuredmedia":[{"embeddable":true,"href":"https:\/\/mes-pochoirs.com\/it\/wp-json\/wp\/v2\/media\/29214"}],"wp:attachment":[{"href":"https:\/\/mes-pochoirs.com\/it\/wp-json\/wp\/v2\/media?parent=28756"}],"wp:term":[{"taxonomy":"product_brand","embeddable":true,"href":"https:\/\/mes-pochoirs.com\/it\/wp-json\/wp\/v2\/product_brand?post=28756"},{"taxonomy":"product_cat","embeddable":true,"href":"https:\/\/mes-pochoirs.com\/it\/wp-json\/wp\/v2\/product_cat?post=28756"},{"taxonomy":"product_tag","embeddable":true,"href":"https:\/\/mes-pochoirs.com\/it\/wp-json\/wp\/v2\/product_tag?post=28756"}],"curies":[{"name":"wp","href":"https:\/\/api.w.org\/{rel}","templated":true}]}}