{"id":28764,"date":"2025-10-30T12:08:58","date_gmt":"2025-10-30T11:08:58","guid":{"rendered":"https:\/\/mes-pochoirs.com\/?post_type=product&#038;p=28764"},"modified":"2025-11-10T23:29:28","modified_gmt":"2025-11-10T22:29:28","slug":"stencil-auto-volkswagen-maggiolino-um0023","status":"publish","type":"product","link":"https:\/\/mes-pochoirs.com\/it\/produit\/pochoir-voiture-volkswagen-coccinelle-um0023","title":{"rendered":"Stencil per auto Volkswagen Maggiolino - UM0023"},"content":{"rendered":"<h2>Stencil per auto Volkswagen Beetle<\/h2>\n<p>Questo <strong>Stencil per auto Volkswagen Maggiolino<\/strong> rappresenta un'auto iconica con una silhouette immediatamente riconoscibile: un Maggiolino Volkswagen d'epoca, probabilmente degli anni '60 o dei primi anni '70. Il suo design arrotondato, i parafanghi a cupola, i fari prominenti e il cofano spiovente le conferiscono un aspetto retr\u00f2, accattivante e senza tempo. La vista scelta per questa composizione mostra l'auto leggermente bassa e in diagonale, accentuando la sua presenza, come se stesse avanzando con orgoglio verso l'osservatore.<\/p>\n<p>Lo stile visivo dello stencil \u00e8 crudo, energico e decisamente urbano. I contorni puliti della carrozzeria contrastano con aree volutamente incomplete o \u00abgraffiate\u00bb, aggiungendo una texture vivace e un senso di movimento. Ci sono anche schizzi e schizzi alla base del veicolo, che ricordano le colate di inchiostro e vernice tipiche della street art. Questo dettaglio d\u00e0 l'impressione che l'auto sia un'opera d'arte. Questo dettaglio d\u00e0 l'impressione che l'auto spunti da un muro, come un murale urbano.<\/p>\n<p>Il modello esposto \u00e8 ribassato, con ruote ben marcate e un sedile visivamente pi\u00f9 sportivo dell'originale. L'effetto complessivo evoca un'interpretazione moderna di un vecchio veicolo, una fusione di eredit\u00e0 meccanica ed espressione artistica contemporanea. \u00c8 questa tensione tra nostalgia e modernit\u00e0 che rende lo stencil cos\u00ec espressivo.<\/p>\n<p>Questo disegno piacer\u00e0 agli appassionati di auto d'epoca e agli amanti dell'arte murale, ma anche a coloro che desiderano aggiungere un tocco retr\u00f2 alle loro creazioni, pur mantenendo un'energia giovane e vivace. Pu\u00f2 essere integrato in una composizione pi\u00f9 ampia, utilizzato in serie, sovrapposto o in grande formato, su tela, parete, mobile o tessuto.<\/p>\n<p>Con la sua forma semplice ma iconica, il Maggiolino diventa molto pi\u00f9 di un'automobile: diventa un simbolo di libert\u00e0, di viaggio, di ottimismo e persino di umorismo. Questo <strong>Stencil per auto Volkswagen Maggiolino<\/strong> \u00e8 la perfetta incarnazione dello spirito di appropriazione artistica, dove un oggetto popolare di uso quotidiano diventa un'opera d'arte espressiva, infinitamente personalizzabile in termini di materiali e supporti utilizzati.<\/p>","protected":false},"excerpt":{"rendered":"<p>Simbolo intramontabile di libert\u00e0 e di stile retr\u00f2, il modello <strong>Stencil per auto Volkswagen Maggiolino<\/strong> cattura il fascino unico della famosa auto iconica. Ideale per gli appassionati di design vintage, decorazioni murali originali o creazioni ispirate alla cultura pop. Tagliare in modo netto e rendere perfettamente su qualsiasi superficie.<\/p>","protected":false},"featured_media":29215,"comment_status":"open","ping_status":"closed","template":"","meta":{"bwfblock_default_font":"","_kad_blocks_custom_css":"","_kad_blocks_head_custom_js":"","_kad_blocks_body_custom_js":"","_kad_blocks_footer_custom_js":"","_kadence_starter_templates_imported_post":false,"_kad_post_transparent":"default","_kad_post_title":"","_kad_post_layout":"default","_kad_post_sidebar_id":"","_kad_post_content_style":"default","_kad_post_vertical_padding":"default","_kad_post_feature":"","_kad_post_feature_position":"","_kad_post_header":false,"_kad_post_footer":false,"_kad_post_classname":""},"product_brand":[1415],"product_cat":[1713,971],"product_tag":[1653,1650,525,1657,1663,813,1652,1654,1648,1662],"class_list":{"0":"post-28764","1":"product","2":"type-product","3":"status-publish","4":"has-post-thumbnail","6":"product_brand-mes-pochoirs","7":"product_cat-pochoirs-voitures","8":"product_cat-pochoirs-univers-mecanique","9":"product_tag-art-retro","10":"product_tag-berline-ancienne","11":"product_tag-retro","12":"product_tag-style-annees-60","13":"product_tag-style-annees-60-70","14":"product_tag-voiture","15":"product_tag-voiture-ancienne","16":"product_tag-voiture-de-collection","17":"product_tag-voiture-vintage","18":"product_tag-volkswagen-coccinelle","20":"first","21":"instock","22":"taxable","23":"shipping-taxable","24":"purchasable","25":"product-type-variable","26":"entry","27":"content-bg","28":"loop-entry"},"taxonomy_info":{"product_brand":[{"value":1415,"label":"Mes Pochoirs"}],"product_cat":[{"value":1713,"label":"Voitures"},{"value":971,"label":"Univers M\u00e9canique"}],"product_tag":[{"value":1653,"label":"art r\u00e9tro"},{"value":1650,"label":"berline ancienne"},{"value":525,"label":"r\u00e9tro"},{"value":1657,"label":"style ann\u00e9es 60"},{"value":1663,"label":"style ann\u00e9es 60 70"},{"value":813,"label":"voiture"},{"value":1652,"label":"voiture ancienne"},{"value":1654,"label":"voiture de collection"},{"value":1648,"label":"voiture vintage"},{"value":1662,"label":"Volkswagen Coccinelle"}]},"featured_image_src_large":["https:\/\/mes-pochoirs.com\/wp-content\/uploads\/2025\/08\/UM0023-pochoir-voiture-copyright-mes-pochoirs-858x1030.jpg",858,1030,true],"author_info":[],"comment_info":0,"_links":{"self":[{"href":"https:\/\/mes-pochoirs.com\/it\/wp-json\/wp\/v2\/product\/28764","targetHints":{"allow":["GET"]}}],"collection":[{"href":"https:\/\/mes-pochoirs.com\/it\/wp-json\/wp\/v2\/product"}],"about":[{"href":"https:\/\/mes-pochoirs.com\/it\/wp-json\/wp\/v2\/types\/product"}],"replies":[{"embeddable":true,"href":"https:\/\/mes-pochoirs.com\/it\/wp-json\/wp\/v2\/comments?post=28764"}],"wp:featuredmedia":[{"embeddable":true,"href":"https:\/\/mes-pochoirs.com\/it\/wp-json\/wp\/v2\/media\/29215"}],"wp:attachment":[{"href":"https:\/\/mes-pochoirs.com\/it\/wp-json\/wp\/v2\/media?parent=28764"}],"wp:term":[{"taxonomy":"product_brand","embeddable":true,"href":"https:\/\/mes-pochoirs.com\/it\/wp-json\/wp\/v2\/product_brand?post=28764"},{"taxonomy":"product_cat","embeddable":true,"href":"https:\/\/mes-pochoirs.com\/it\/wp-json\/wp\/v2\/product_cat?post=28764"},{"taxonomy":"product_tag","embeddable":true,"href":"https:\/\/mes-pochoirs.com\/it\/wp-json\/wp\/v2\/product_tag?post=28764"}],"curies":[{"name":"wp","href":"https:\/\/api.w.org\/{rel}","templated":true}]}}