{"id":29058,"date":"2025-08-19T10:37:09","date_gmt":"2025-08-19T08:37:09","guid":{"rendered":"https:\/\/mes-pochoirs.com\/?post_type=product&#038;p=29058"},"modified":"2025-10-31T12:42:26","modified_gmt":"2025-10-31T11:42:26","slug":"statua-della-liberta-stencil-punk-pkf013","status":"publish","type":"product","link":"https:\/\/mes-pochoirs.com\/it\/produit\/pochoir-statue-de-la-liberte-punk-pkf013","title":{"rendered":"Statua della Libert\u00e0 Punk Stencil - PKF013"},"content":{"rendered":"<h2>Statua della Libert\u00e0 Punk Stencil<\/h2>\n<p>Simbolo universale di libert\u00e0 e speranza, la Statua della Libert\u00e0 viene qui reinventata in un'audace versione punk. Questo <strong>Statua della Libert\u00e0 Punk stencil<\/strong> rivisita l'icona newyorkese infondendole l'energia cruda e assertiva del movimento punk, creando un'immagine che scuote i codici e ha un impatto immediato. Perfetto per gli appassionati di street art, per i decoratori originali e per gli artisti alla ricerca di un motivo forte, questo disegno combina la grandezza storica con un atteggiamento decisamente anti-establishment.<\/p>\n<p>La riconoscibile silhouette della Statua della Libert\u00e0 \u00e8 fedelmente conservata, con la corona e la torcia in rilievo, ma il suo aspetto \u00e8 trasformato da una giacca ornata da dettagli punk: punte, simboli anarchici, cerniere, distintivi provocatori e scritte ribelli. L'effetto dripping aggiunto al design rafforza l'aspetto grezzo e vivace, dando l'impressione di un murale appena dipinto su un muro urbano.<\/p>\n<p>Grazie al taglio netto e preciso, questo stencil consente di riprodurre fedelmente ogni dettaglio, per una finitura impeccabile su un'ampia variet\u00e0 di superfici. Pareti, tele, mobili, tessuti, pannelli decorativi o oggetti personalizzati: le possibilit\u00e0 creative sono infinite. Progettato per essere utilizzato sia da artisti esperti che da principianti, pu\u00f2 essere utilizzato per dare vita a progetti unici ed espressivi.<\/p>\n<p>Questo <strong>Statua della Libert\u00e0 Punk stencil<\/strong> \u00e8 pi\u00f9 di una semplice riproduzione grafica: racconta una storia potente. La Statua della Libert\u00e0, simbolo di accoglienza e giustizia, diventa qui una figura di resistenza e libert\u00e0 assoluta, affermando il diritto all'espressione personale e il rifiuto delle norme stabilite. Ogni disegno ispirato a questo motivo ha una duplice dimensione: il rispetto di un patrimonio visivo e una sua audace reinterpretazione.<\/p>\n<p>Versatile e resistente, lo stencil Statua della Libert\u00e0 Punk pu\u00f2 essere utilizzato pi\u00f9 volte senza perdere la sua precisione. \u00c8 adatto sia a creazioni veloci che a lavori pi\u00f9 elaborati e offre un mezzo ideale per esprimere un forte messaggio visivo in un interno, in uno spazio pubblico o in una mostra d'arte. Con questo stencil \u00e8 possibile trasformare un'icona universale in un simbolo punk di libert\u00e0 e autoaffermazione. Un pezzo unico per chi vuole combinare storia, arte e ribellione nelle proprie creazioni.<\/p>","protected":false},"excerpt":{"rendered":"<p><strong>Statua della Libert\u00e0 Punk Stencil<\/strong> per pittori, riutilizzabili, reversibili, di alta precisione, disponibili in diverse misure.<\/p>","protected":false},"featured_media":28971,"comment_status":"open","ping_status":"closed","template":"","meta":{"bwfblock_default_font":"","_kad_blocks_custom_css":"","_kad_blocks_head_custom_js":"","_kad_blocks_body_custom_js":"","_kad_blocks_footer_custom_js":"","_kadence_starter_templates_imported_post":false,"_kad_post_transparent":"default","_kad_post_title":"","_kad_post_layout":"default","_kad_post_sidebar_id":"","_kad_post_content_style":"default","_kad_post_vertical_padding":"default","_kad_post_feature":"","_kad_post_feature_position":"","_kad_post_header":false,"_kad_post_footer":false,"_kad_post_classname":""},"product_brand":[1415],"product_cat":[1622,481,732,36,328],"product_tag":[1625,471,1626,292,1624,1130,834,560,1038,327,1132,286],"class_list":{"0":"post-29058","1":"product","2":"type-product","3":"status-publish","4":"has-post-thumbnail","6":"product_brand-mes-pochoirs","7":"product_cat-punkified","8":"product_cat-collections","9":"product_cat-pochoirs-icones-celebrites","10":"product_cat-pochoirs-portraits-visages","11":"product_cat-pochoirs-street-art","12":"product_tag-detournement","13":"product_tag-icone","14":"product_tag-icone-revisitee","15":"product_tag-new-york","16":"product_tag-portrait-detourne","17":"product_tag-punk","18":"product_tag-rebelle","19":"product_tag-rock","20":"product_tag-statue-de-la-liberte","21":"product_tag-street-art","22":"product_tag-underground","23":"product_tag-urbain","25":"first","26":"instock","27":"taxable","28":"shipping-taxable","29":"purchasable","30":"product-type-variable","31":"entry","32":"content-bg","33":"loop-entry"},"taxonomy_info":{"product_brand":[{"value":1415,"label":"Mes Pochoirs"}],"product_cat":[{"value":1622,"label":"Punkified"},{"value":481,"label":"Collections"},{"value":732,"label":"Ic\u00f4nes &amp; C\u00e9l\u00e9brit\u00e9s"},{"value":36,"label":"Portraits &amp; Visages"},{"value":328,"label":"Street Art"}],"product_tag":[{"value":1625,"label":"d\u00e9tournement"},{"value":471,"label":"icone"},{"value":1626,"label":"ic\u00f4ne revisit\u00e9e"},{"value":292,"label":"New York"},{"value":1624,"label":"portrait d\u00e9tourn\u00e9"},{"value":1130,"label":"punk"},{"value":834,"label":"rebelle"},{"value":560,"label":"Rock"},{"value":1038,"label":"statue de la libert\u00e9"},{"value":327,"label":"street art"},{"value":1132,"label":"underground"},{"value":286,"label":"urbain"}]},"featured_image_src_large":["https:\/\/mes-pochoirs.com\/wp-content\/uploads\/2025\/08\/PKF013-pochoir-collection-punkified-copyright-mes-pochoirs-858x1030.jpg",858,1030,true],"author_info":[],"comment_info":0,"_links":{"self":[{"href":"https:\/\/mes-pochoirs.com\/it\/wp-json\/wp\/v2\/product\/29058","targetHints":{"allow":["GET"]}}],"collection":[{"href":"https:\/\/mes-pochoirs.com\/it\/wp-json\/wp\/v2\/product"}],"about":[{"href":"https:\/\/mes-pochoirs.com\/it\/wp-json\/wp\/v2\/types\/product"}],"replies":[{"embeddable":true,"href":"https:\/\/mes-pochoirs.com\/it\/wp-json\/wp\/v2\/comments?post=29058"}],"wp:featuredmedia":[{"embeddable":true,"href":"https:\/\/mes-pochoirs.com\/it\/wp-json\/wp\/v2\/media\/28971"}],"wp:attachment":[{"href":"https:\/\/mes-pochoirs.com\/it\/wp-json\/wp\/v2\/media?parent=29058"}],"wp:term":[{"taxonomy":"product_brand","embeddable":true,"href":"https:\/\/mes-pochoirs.com\/it\/wp-json\/wp\/v2\/product_brand?post=29058"},{"taxonomy":"product_cat","embeddable":true,"href":"https:\/\/mes-pochoirs.com\/it\/wp-json\/wp\/v2\/product_cat?post=29058"},{"taxonomy":"product_tag","embeddable":true,"href":"https:\/\/mes-pochoirs.com\/it\/wp-json\/wp\/v2\/product_tag?post=29058"}],"curies":[{"name":"wp","href":"https:\/\/api.w.org\/{rel}","templated":true}]}}