{"id":29100,"date":"2025-08-13T11:26:31","date_gmt":"2025-08-13T09:26:31","guid":{"rendered":"https:\/\/mes-pochoirs.com\/?post_type=product&#038;p=29100"},"modified":"2025-10-31T12:42:29","modified_gmt":"2025-10-31T11:42:29","slug":"stencil-punk-athena-pkf016","status":"publish","type":"product","link":"https:\/\/mes-pochoirs.com\/it\/produit\/pochoir-athena-punk-pkf016","title":{"rendered":"Stencil Athena Punk - PKF016"},"content":{"rendered":"<h2>Atena Punk Stencil<\/h2>\n<p>Dea greca della saggezza, della guerra strategica e delle arti, Atena \u00e8 qui reinventata in un'audace versione punk contemporanea. Questo <strong>Stencil Athena Punk<\/strong> fonde il potere simbolico della mitologia con l'energia ribelle del movimento punk, offrendo un'immagine suggestiva che combina il patrimonio culturale con la modernit\u00e0 provocatoria. Ideale per gli appassionati di street art, per i decoratori pi\u00f9 audaci e per gli artisti in cerca di originalit\u00e0, questo modello incarna l'incontro tra forza antica e libert\u00e0 creativa.<\/p>\n<p>La silhouette riconoscibile di Athena \u00e8 stata accuratamente conservata, con il suo iconico elmo da guerriera, ma il suo aspetto \u00e8 stato trasformato da una giacca punk ornata da punte, motivi a teschio, simboli anarchici e la parola \"PUNK\" orgogliosamente esposta sul petto. L'effetto dripping che incornicia il motivo aggiunge un tocco dinamico e urbano, dando l'impressione di un murale appena dipinto su un muro della citt\u00e0.<\/p>\n<p>Grazie al taglio di precisione, questo stencil permette di riprodurre ogni dettaglio con chiarezza e regolarit\u00e0, garantendo una finitura professionale su un'ampia variet\u00e0 di superfici: pareti, tele, mobili, tessuti, pannelli decorativi o oggetti personalizzati. Progettato per essere utilizzato sia da artisti esperti che da designer alle prime armi, offre una grande libert\u00e0 di sperimentazione e adattamento.<\/p>\n<p>Pi\u00f9 che un semplice motivo decorativo, questo <strong>Stencil Athena Punk<\/strong> racconta una storia: quella di un'antica divinit\u00e0 che, invece di brandire scudo e lancia, adotta l'atteggiamento provocatorio e libero di un movimento culturale che rifiuta le convenzioni. Questa trasformazione visiva gioca sul contrasto tra il rigore dell'arte classica e la spontaneit\u00e0 della street art, creando opere uniche e significative.<\/p>\n<p>Riutilizzabile e resistente <strong>Stencil Athena Punk<\/strong> pu\u00f2 essere adattato a tutti i tipi di progetto, da quelli veloci alle composizioni pi\u00f9 ambiziose. Pu\u00f2 diventare il fulcro di un murale, un elemento forte della decorazione d'interni o un dettaglio d'effetto su un oggetto personalizzato.<\/p>\n<p>Con questo modello, Atena si trasforma in un'emblematica figura punk, simbolo di forza, audacia e libert\u00e0 artistica. Una creazione che unisce mitologia, arte e spirito urbano in un unico gesto creativo.<\/p>","protected":false},"excerpt":{"rendered":"<p><strong>Atena Punk Stencil<\/strong> per pittori, riutilizzabili, reversibili, di alta precisione, disponibili in diverse misure.<\/p>","protected":false},"featured_media":28974,"comment_status":"open","ping_status":"closed","template":"","meta":{"bwfblock_default_font":"","_kad_blocks_custom_css":"","_kad_blocks_head_custom_js":"","_kad_blocks_body_custom_js":"","_kad_blocks_footer_custom_js":"","_kadence_starter_templates_imported_post":false,"_kad_post_transparent":"default","_kad_post_title":"","_kad_post_layout":"default","_kad_post_sidebar_id":"","_kad_post_content_style":"default","_kad_post_vertical_padding":"default","_kad_post_feature":"","_kad_post_feature_position":"","_kad_post_header":false,"_kad_post_footer":false,"_kad_post_classname":""},"product_brand":[1415],"product_cat":[1622,481,732,36,328],"product_tag":[1695,1715,1625,471,1626,1716,1624,1130,834,560,327,1132,286],"class_list":{"0":"post-29100","1":"product","2":"type-product","3":"status-publish","4":"has-post-thumbnail","6":"product_brand-mes-pochoirs","7":"product_cat-punkified","8":"product_cat-collections","9":"product_cat-pochoirs-icones-celebrites","10":"product_cat-pochoirs-portraits-visages","11":"product_cat-pochoirs-street-art","12":"product_tag-athena","13":"product_tag-deesse-grecque","14":"product_tag-detournement","15":"product_tag-icone","16":"product_tag-icone-revisitee","17":"product_tag-mythologie","18":"product_tag-portrait-detourne","19":"product_tag-punk","20":"product_tag-rebelle","21":"product_tag-rock","22":"product_tag-street-art","23":"product_tag-underground","24":"product_tag-urbain","26":"first","27":"instock","28":"taxable","29":"shipping-taxable","30":"purchasable","31":"product-type-variable","32":"entry","33":"content-bg","34":"loop-entry"},"taxonomy_info":{"product_brand":[{"value":1415,"label":"Mes Pochoirs"}],"product_cat":[{"value":1622,"label":"Punkified"},{"value":481,"label":"Collections"},{"value":732,"label":"Ic\u00f4nes &amp; C\u00e9l\u00e9brit\u00e9s"},{"value":36,"label":"Portraits &amp; Visages"},{"value":328,"label":"Street Art"}],"product_tag":[{"value":1695,"label":"athena"},{"value":1715,"label":"d\u00e9esse grecque"},{"value":1625,"label":"d\u00e9tournement"},{"value":471,"label":"icone"},{"value":1626,"label":"ic\u00f4ne revisit\u00e9e"},{"value":1716,"label":"mythologie"},{"value":1624,"label":"portrait d\u00e9tourn\u00e9"},{"value":1130,"label":"punk"},{"value":834,"label":"rebelle"},{"value":560,"label":"Rock"},{"value":327,"label":"street art"},{"value":1132,"label":"underground"},{"value":286,"label":"urbain"}]},"featured_image_src_large":["https:\/\/mes-pochoirs.com\/wp-content\/uploads\/2025\/08\/PKF016-pochoir-collection-punkified-copyright-mes-pochoirs-858x1030.jpg",858,1030,true],"author_info":[],"comment_info":0,"_links":{"self":[{"href":"https:\/\/mes-pochoirs.com\/it\/wp-json\/wp\/v2\/product\/29100","targetHints":{"allow":["GET"]}}],"collection":[{"href":"https:\/\/mes-pochoirs.com\/it\/wp-json\/wp\/v2\/product"}],"about":[{"href":"https:\/\/mes-pochoirs.com\/it\/wp-json\/wp\/v2\/types\/product"}],"replies":[{"embeddable":true,"href":"https:\/\/mes-pochoirs.com\/it\/wp-json\/wp\/v2\/comments?post=29100"}],"wp:featuredmedia":[{"embeddable":true,"href":"https:\/\/mes-pochoirs.com\/it\/wp-json\/wp\/v2\/media\/28974"}],"wp:attachment":[{"href":"https:\/\/mes-pochoirs.com\/it\/wp-json\/wp\/v2\/media?parent=29100"}],"wp:term":[{"taxonomy":"product_brand","embeddable":true,"href":"https:\/\/mes-pochoirs.com\/it\/wp-json\/wp\/v2\/product_brand?post=29100"},{"taxonomy":"product_cat","embeddable":true,"href":"https:\/\/mes-pochoirs.com\/it\/wp-json\/wp\/v2\/product_cat?post=29100"},{"taxonomy":"product_tag","embeddable":true,"href":"https:\/\/mes-pochoirs.com\/it\/wp-json\/wp\/v2\/product_tag?post=29100"}],"curies":[{"name":"wp","href":"https:\/\/api.w.org\/{rel}","templated":true}]}}