{"id":29455,"date":"2025-09-04T11:55:01","date_gmt":"2025-09-04T09:55:01","guid":{"rendered":"https:\/\/mes-pochoirs.com\/?post_type=product&#038;p=29455"},"modified":"2025-10-31T12:43:04","modified_gmt":"2025-10-31T11:43:04","slug":"pochoir-corvette-sport-1963-split-window-um0030","status":"publish","type":"product","link":"https:\/\/mes-pochoirs.com\/it\/produit\/pochoir-corvette-sport-1963-split-window-um0030","title":{"rendered":"Stencil per finestrini sdoppiati Corvette Sport 1963 - UM0030"},"content":{"rendered":"<h2>Pochoir Corvette Sport 1963 Split Window<\/h2>\n<p>Le <strong>Pochoir Corvette Sport 1963 Split Window<\/strong>\u00a0mostra tutta la potenza e il carisma di un'auto leggendaria. Vero simbolo di velocit\u00e0 e libert\u00e0, questa Corvette incarna lo spirito della strada aperta e del mondo delle auto leggendarie. La sua silhouette unica e le sue linee potenti sono sopravvissute ai decenni senza perdere nulla della loro intensit\u00e0, rendendola un soggetto ideale per una grafica forte ed espressiva.<\/p>\n<p>Le <strong>Pochoir Corvette Sport 1963 Split Window<\/strong>\u00a0\u00e8 stato progettato per dare ai vostri progetti una dimensione artistica di grande impatto. Che siate appassionati di auto d'epoca o di arte urbana, questo modello vi permette di creare composizioni originali e di grande impatto. Si trova a suo agio sia in un ambiente moderno che industriale e pu\u00f2 essere utilizzato su un'ampia gamma di superfici: pareti, tele, mobili o persino oggetti personalizzati. Ogni dettaglio della carrozzeria \u00e8 realizzato per trasmettere l'energia e la potenza di questo iconico veicolo, trasformando ogni creazione in un vero e proprio tributo alla cultura automobilistica.<\/p>\n<p>Pratico e robusto, questo stencil \u00e8 ideale sia per gli artisti esperti che per i principianti che desiderano esplorare nuove ispirazioni. Il suo design lo rende facile da usare, preciso e riutilizzabile, per moltiplicare i progetti senza compromettere la qualit\u00e0 del risultato. Compatibile con una vasta gamma di tecniche, \u00e8 facile da adattare ai vostri desideri creativi e garantisce risultati puliti e coerenti.<\/p>\n<p>Molto pi\u00f9 di un semplice strumento, il <strong>Pochoir Corvette Sport 1963 Split Window<\/strong>\u00a0\u00e8 un ponte tra due mondi: quello meccanico delle auto eccezionali e quello dell'espressione artistica. Utilizzandolo, \u00e8 possibile combinare il design automobilistico e la creativit\u00e0 contemporanea per creare opere d'arte uniche. Ogni creazione diventa una dichiarazione di stile, ispirata alla leggenda senza tempo della Corvette.<\/p>","protected":false},"excerpt":{"rendered":"<p><strong data-start=\"105\" data-end=\"131\">Pochoir Corvette Sport 1963 Split Window<\/strong> per pittura, lavagna o lavori decorativi. Di alta qualit\u00e0, reversibili e riutilizzabili. Disponibile in diverse misure.<\/p>","protected":false},"featured_media":29548,"comment_status":"open","ping_status":"closed","template":"","meta":{"bwfblock_default_font":"","_kad_blocks_custom_css":"","_kad_blocks_head_custom_js":"","_kad_blocks_body_custom_js":"","_kad_blocks_footer_custom_js":"","_kadence_starter_templates_imported_post":false,"_kad_post_transparent":"default","_kad_post_title":"","_kad_post_layout":"default","_kad_post_sidebar_id":"","_kad_post_content_style":"default","_kad_post_vertical_padding":"default","_kad_post_feature":"","_kad_post_feature_position":"","_kad_post_header":false,"_kad_post_footer":false,"_kad_post_classname":""},"product_brand":[1415],"product_cat":[1713,971],"product_tag":[1727,1731,1733,1725,1728,1730,816,1726,1729,810,1724,1654],"class_list":{"0":"post-29455","1":"product","2":"type-product","3":"status-publish","4":"has-post-thumbnail","6":"product_brand-mes-pochoirs","7":"product_cat-pochoirs-voitures","8":"product_cat-pochoirs-univers-mecanique","9":"product_tag-automobile-vintage","10":"product_tag-carrosserie","11":"product_tag-chevrolet","12":"product_tag-corvette","13":"product_tag-design-retro","14":"product_tag-icone-automobile","15":"product_tag-mecanique","16":"product_tag-muscle-car","17":"product_tag-route-66","18":"product_tag-sport-automobile","19":"product_tag-voiture-americaine","20":"product_tag-voiture-de-collection","22":"first","23":"instock","24":"taxable","25":"shipping-taxable","26":"purchasable","27":"product-type-variable","28":"entry","29":"content-bg","30":"loop-entry"},"taxonomy_info":{"product_brand":[{"value":1415,"label":"Mes Pochoirs"}],"product_cat":[{"value":1713,"label":"Voitures"},{"value":971,"label":"Univers M\u00e9canique"}],"product_tag":[{"value":1727,"label":"automobile vintage"},{"value":1731,"label":"carrosserie"},{"value":1733,"label":"Chevrolet"},{"value":1725,"label":"corvette"},{"value":1728,"label":"design r\u00e9tro"},{"value":1730,"label":"ic\u00f4ne automobile"},{"value":816,"label":"m\u00e9canique"},{"value":1726,"label":"muscle car"},{"value":1729,"label":"route 66"},{"value":810,"label":"sport automobile"},{"value":1724,"label":"voiture am\u00e9ricaine"},{"value":1654,"label":"voiture de collection"}]},"featured_image_src_large":["https:\/\/mes-pochoirs.com\/wp-content\/uploads\/2025\/09\/UM0030-pochoir-voiture-copyright-mes-pochoirs-858x1030.jpg",858,1030,true],"author_info":[],"comment_info":0,"_links":{"self":[{"href":"https:\/\/mes-pochoirs.com\/it\/wp-json\/wp\/v2\/product\/29455","targetHints":{"allow":["GET"]}}],"collection":[{"href":"https:\/\/mes-pochoirs.com\/it\/wp-json\/wp\/v2\/product"}],"about":[{"href":"https:\/\/mes-pochoirs.com\/it\/wp-json\/wp\/v2\/types\/product"}],"replies":[{"embeddable":true,"href":"https:\/\/mes-pochoirs.com\/it\/wp-json\/wp\/v2\/comments?post=29455"}],"wp:featuredmedia":[{"embeddable":true,"href":"https:\/\/mes-pochoirs.com\/it\/wp-json\/wp\/v2\/media\/29548"}],"wp:attachment":[{"href":"https:\/\/mes-pochoirs.com\/it\/wp-json\/wp\/v2\/media?parent=29455"}],"wp:term":[{"taxonomy":"product_brand","embeddable":true,"href":"https:\/\/mes-pochoirs.com\/it\/wp-json\/wp\/v2\/product_brand?post=29455"},{"taxonomy":"product_cat","embeddable":true,"href":"https:\/\/mes-pochoirs.com\/it\/wp-json\/wp\/v2\/product_cat?post=29455"},{"taxonomy":"product_tag","embeddable":true,"href":"https:\/\/mes-pochoirs.com\/it\/wp-json\/wp\/v2\/product_tag?post=29455"}],"curies":[{"name":"wp","href":"https:\/\/api.w.org\/{rel}","templated":true}]}}