{"id":29462,"date":"2026-01-27T11:58:43","date_gmt":"2026-01-27T10:58:43","guid":{"rendered":"https:\/\/mes-pochoirs.com\/?post_type=product&#038;p=29462"},"modified":"2026-03-13T17:07:00","modified_gmt":"2026-03-13T16:07:00","slug":"stencil-corvette-americana-um0031","status":"publish","type":"product","link":"https:\/\/mes-pochoirs.com\/it\/produit\/pochoir-corvette-americaine-um0031","title":{"rendered":"Stencil per Corvette americane - UM0031"},"content":{"rendered":"<h2 class=\"p1\"><b>Stencil per Corvette americane<\/b><\/h2>\n<p class=\"p1\">Lo stencil American Corvette \u00e8 un invito al mondo delle auto e al design iconico delle auto d'epoca. Ispirato a una delle auto sportive pi\u00f9 leggendarie della storia, questo stencil cattura accuratamente le linee potenti, l'aspetto slanciato e l'eleganza senza tempo della famosa Corvette. \u00c8 ideale per gli appassionati di auto, i pittori, i decoratori e gli affreschisti, per creare opere originali piene di carattere e dinamismo.<\/p>\n<p class=\"p1\">Realizzato in materiale robusto e di alta qualit\u00e0, questo stencil \u00e8 stato progettato per essere riutilizzato e per accompagnare i vostri progetti artistici nel tempo. \u00c8 reversibile, per lasciare ampia libert\u00e0 creativa, ed \u00e8 disponibile in diverse dimensioni per poter essere utilizzato su diverse superfici: tele, pareti, mobili, pannelli decorativi o anche progetti personalizzati legati al mondo dell'officina e della meccanica.<\/p>\n<p class=\"p1\">Le Pochoir Corvette Am\u00e9ricaine s\u2019adresse autant aux amateurs d&#8217;automobile qu\u2019aux d\u00e9corateurs \u00e0 la recherche d\u2019un motif fort et percutant. En quelques gestes, il devient l\u2019outil id\u00e9al pour transformer un espace, embellir un atelier ou cr\u00e9er une \u0153uvre unique qui marquera les esprits. Que vous soyez artiste confirm\u00e9 ou simple passionn\u00e9, vous pourrez facilement r\u00e9aliser des compositions graphiques qui refl\u00e8tent l\u2019\u00e9nergie et la puissance des grandes automobiles de l\u00e9gende.<\/p>\n<p class=\"p1\">Reversibile, resistente e facile da usare, questo stencil incarna sia la libert\u00e0 creativa sia il piacere di rivisitare un simbolo leggendario dell'automobile americana. \u00c8 un accessorio indispensabile per chi vuole unire la passione artistica all'amore per le belle auto.<\/p>","protected":false},"excerpt":{"rendered":"<p><strong data-start=\"680\" data-end=\"711\">Stencil per Corvette americane<\/strong> per opere d'arte uniche. Riutilizzabili, reversibili e di alta qualit\u00e0. Ideale per murales, dipinti o affreschi.<\/p>","protected":false},"featured_media":29549,"comment_status":"open","ping_status":"closed","template":"","meta":{"bwfblock_default_font":"","_kad_blocks_custom_css":"","_kad_blocks_head_custom_js":"","_kad_blocks_body_custom_js":"","_kad_blocks_footer_custom_js":"","_kadence_starter_templates_imported_post":false,"_kad_post_transparent":"default","_kad_post_title":"","_kad_post_layout":"default","_kad_post_sidebar_id":"","_kad_post_content_style":"default","_kad_post_vertical_padding":"default","_kad_post_feature":"","_kad_post_feature_position":"","_kad_post_header":false,"_kad_post_footer":false,"_kad_post_classname":""},"product_brand":[1415],"product_cat":[1713,971],"product_tag":[1727,1731,1733,1725,1728,1730,810,1724,1654],"class_list":{"0":"post-29462","1":"product","2":"type-product","3":"status-publish","4":"has-post-thumbnail","6":"product_brand-mes-pochoirs","7":"product_cat-pochoirs-voitures","8":"product_cat-pochoirs-univers-mecanique","9":"product_tag-automobile-vintage","10":"product_tag-carrosserie","11":"product_tag-chevrolet","12":"product_tag-corvette","13":"product_tag-design-retro","14":"product_tag-icone-automobile","15":"product_tag-sport-automobile","16":"product_tag-voiture-americaine","17":"product_tag-voiture-de-collection","19":"first","20":"instock","21":"taxable","22":"shipping-taxable","23":"purchasable","24":"product-type-variable","25":"entry","26":"content-bg","27":"loop-entry"},"taxonomy_info":{"product_brand":[{"value":1415,"label":"Mes Pochoirs"}],"product_cat":[{"value":1713,"label":"Voitures"},{"value":971,"label":"Univers M\u00e9canique"}],"product_tag":[{"value":1727,"label":"automobile vintage"},{"value":1731,"label":"carrosserie"},{"value":1733,"label":"Chevrolet"},{"value":1725,"label":"corvette"},{"value":1728,"label":"design r\u00e9tro"},{"value":1730,"label":"ic\u00f4ne automobile"},{"value":810,"label":"sport automobile"},{"value":1724,"label":"voiture am\u00e9ricaine"},{"value":1654,"label":"voiture de collection"}]},"featured_image_src_large":["https:\/\/mes-pochoirs.com\/wp-content\/uploads\/2025\/09\/UM0031-pochoir-voiture-copyright-mes-pochoirs-858x1030.jpg",858,1030,true],"author_info":[],"comment_info":0,"_links":{"self":[{"href":"https:\/\/mes-pochoirs.com\/it\/wp-json\/wp\/v2\/product\/29462","targetHints":{"allow":["GET"]}}],"collection":[{"href":"https:\/\/mes-pochoirs.com\/it\/wp-json\/wp\/v2\/product"}],"about":[{"href":"https:\/\/mes-pochoirs.com\/it\/wp-json\/wp\/v2\/types\/product"}],"replies":[{"embeddable":true,"href":"https:\/\/mes-pochoirs.com\/it\/wp-json\/wp\/v2\/comments?post=29462"}],"wp:featuredmedia":[{"embeddable":true,"href":"https:\/\/mes-pochoirs.com\/it\/wp-json\/wp\/v2\/media\/29549"}],"wp:attachment":[{"href":"https:\/\/mes-pochoirs.com\/it\/wp-json\/wp\/v2\/media?parent=29462"}],"wp:term":[{"taxonomy":"product_brand","embeddable":true,"href":"https:\/\/mes-pochoirs.com\/it\/wp-json\/wp\/v2\/product_brand?post=29462"},{"taxonomy":"product_cat","embeddable":true,"href":"https:\/\/mes-pochoirs.com\/it\/wp-json\/wp\/v2\/product_cat?post=29462"},{"taxonomy":"product_tag","embeddable":true,"href":"https:\/\/mes-pochoirs.com\/it\/wp-json\/wp\/v2\/product_tag?post=29462"}],"curies":[{"name":"wp","href":"https:\/\/api.w.org\/{rel}","templated":true}]}}