{"id":29704,"date":"2025-09-19T12:27:03","date_gmt":"2025-09-19T10:27:03","guid":{"rendered":"https:\/\/mes-pochoirs.com\/?post_type=product&#038;p=29704"},"modified":"2025-10-31T12:43:10","modified_gmt":"2025-10-31T11:43:10","slug":"stencil-solido-wildstyle-t0037","status":"publish","type":"product","link":"https:\/\/mes-pochoirs.com\/it\/produit\/pochoir-wildstyle-aplat-plein-t0037","title":{"rendered":"Stencil Wildstyle Graffiti \"COLOR\" - T0037"},"content":{"rendered":"<h2>Stencil solido Wildstyle<\/h2>\n<p>Questo <strong>Stencil solido Wildstyle<\/strong>\u00a0\u00e8 una celebrazione della street art e del graffitismo. Ispirata allo stile selvaggio, presenta forme intrecciate e scritte dinamiche che trasmettono l'energia grezza dell'arte urbana. Ogni curva e linea \u00e8 progettata per dare un ritmo visivo intenso, che ricorda gli affreschi presenti sui muri delle grandi metropoli.<\/p>\n<p>La parola \"COLOR\" \u00e8 lavorata in una complessa costruzione tipografica, tipica dei graffiti wildstyle, dove i contorni si intrecciano per creare un effetto visivo quasi labirintico. Questo approccio artistico evidenzia il potere dei contorni, elementi fondamentali dei graffiti, che danno struttura all'insieme lasciando spazio alla libert\u00e0 creativa.<\/p>\n<p>L'aggiunta di ombre e sovrapposizioni grafiche rafforza la profondit\u00e0 e conferisce a questo stencil una dimensione quasi scultorea. L'effetto di spessore e rilievo evoca la potenza e la densit\u00e0 dell'arte urbana, come se le lettere emergessero dalla superficie. Questa intensit\u00e0 \u00e8 rafforzata dal movimento dei tratti, che sembrano animati e vibranti.<\/p>\n<p>Questo <strong>Stencil solido Wildstyle<\/strong>\u00a0non \u00e8 solo un motivo grafico, ma una vera e propria opera d'arte che racchiude lo spirito dei graffiti: libert\u00e0, spontaneit\u00e0 e forte identit\u00e0 visiva. Permette di ricreare il mondo della street art a casa propria, su una parete, una tela, un mobile o qualsiasi altro supporto creativo.<\/p>\n<p><strong>Stencil solido Wildstyle<\/strong> si rivolge agli appassionati di arte urbana, agli amanti dei graffiti e a chiunque voglia aggiungere un tocco contemporaneo ed energico alle proprie creazioni. Pi\u00f9 che un semplice strumento, incarna una vera e propria dichiarazione artistica, che unisce estetismo, protesta e modernit\u00e0.<\/p>","protected":false},"excerpt":{"rendered":"<p>Aggiungete colore e dinamismo alle vostre creazioni con questo stencil a colori COLOR Wildstyle! Ispirato alla street art, presenta scritte vivaci ed espressive per ravvivare i vostri progetti.<\/p>","protected":false},"featured_media":30080,"comment_status":"open","ping_status":"closed","template":"","meta":{"bwfblock_default_font":"","_kad_blocks_custom_css":"","_kad_blocks_head_custom_js":"","_kad_blocks_body_custom_js":"","_kad_blocks_footer_custom_js":"","_kadence_starter_templates_imported_post":false,"_kad_post_transparent":"default","_kad_post_title":"","_kad_post_layout":"default","_kad_post_sidebar_id":"","_kad_post_content_style":"default","_kad_post_vertical_padding":"default","_kad_post_feature":"","_kad_post_feature_position":"","_kad_post_header":false,"_kad_post_footer":false,"_kad_post_classname":""},"product_brand":[1415],"product_cat":[1738,538,284,316,273],"product_tag":[440,553,1106,285,275,577,1741,327,1739,287,295,286,1740],"class_list":{"0":"post-29704","1":"product","2":"type-product","3":"status-publish","4":"has-post-thumbnail","6":"product_brand-mes-pochoirs","7":"product_cat-pochoirs-style-graffiti-wildstyle","8":"product_cat-pochoirs-mot-color","9":"product_cat-pochoirs-graffitis","10":"product_cat-pochoirs-textes-et-messages","11":"product_cat-pochoirs-urbains","12":"product_tag-color","13":"product_tag-couleur","14":"product_tag-graffeur","15":"product_tag-graffiti","16":"product_tag-message","17":"product_tag-mot","18":"product_tag-signature","19":"product_tag-street-art","20":"product_tag-style-decriture","21":"product_tag-tag","22":"product_tag-texte","23":"product_tag-urbain","24":"product_tag-wildstyle","26":"first","27":"instock","28":"taxable","29":"shipping-taxable","30":"purchasable","31":"product-type-variable","32":"entry","33":"content-bg","34":"loop-entry"},"taxonomy_info":{"product_brand":[{"value":1415,"label":"Mes Pochoirs"}],"product_cat":[{"value":1738,"label":"Graffiti Wildstyle"},{"value":538,"label":"Color"},{"value":284,"label":"Graffitis"},{"value":316,"label":"Textes et Messages"},{"value":273,"label":"Urbains"}],"product_tag":[{"value":440,"label":"color"},{"value":553,"label":"couleur"},{"value":1106,"label":"graffeur"},{"value":285,"label":"graffiti"},{"value":275,"label":"message"},{"value":577,"label":"mot"},{"value":1741,"label":"signature"},{"value":327,"label":"street art"},{"value":1739,"label":"style d'\u00e9criture"},{"value":287,"label":"tag"},{"value":295,"label":"Texte"},{"value":286,"label":"urbain"},{"value":1740,"label":"Wildstyle"}]},"featured_image_src_large":["https:\/\/mes-pochoirs.com\/wp-content\/uploads\/2025\/09\/T0037-pochoir-graffiti-wildstyle-color-copyright-mes-pochoirs-858x1030.jpg",858,1030,true],"author_info":[],"comment_info":0,"_links":{"self":[{"href":"https:\/\/mes-pochoirs.com\/it\/wp-json\/wp\/v2\/product\/29704","targetHints":{"allow":["GET"]}}],"collection":[{"href":"https:\/\/mes-pochoirs.com\/it\/wp-json\/wp\/v2\/product"}],"about":[{"href":"https:\/\/mes-pochoirs.com\/it\/wp-json\/wp\/v2\/types\/product"}],"replies":[{"embeddable":true,"href":"https:\/\/mes-pochoirs.com\/it\/wp-json\/wp\/v2\/comments?post=29704"}],"wp:featuredmedia":[{"embeddable":true,"href":"https:\/\/mes-pochoirs.com\/it\/wp-json\/wp\/v2\/media\/30080"}],"wp:attachment":[{"href":"https:\/\/mes-pochoirs.com\/it\/wp-json\/wp\/v2\/media?parent=29704"}],"wp:term":[{"taxonomy":"product_brand","embeddable":true,"href":"https:\/\/mes-pochoirs.com\/it\/wp-json\/wp\/v2\/product_brand?post=29704"},{"taxonomy":"product_cat","embeddable":true,"href":"https:\/\/mes-pochoirs.com\/it\/wp-json\/wp\/v2\/product_cat?post=29704"},{"taxonomy":"product_tag","embeddable":true,"href":"https:\/\/mes-pochoirs.com\/it\/wp-json\/wp\/v2\/product_tag?post=29704"}],"curies":[{"name":"wp","href":"https:\/\/api.w.org\/{rel}","templated":true}]}}